{"id":7636,"date":"2022-10-26T13:03:26","date_gmt":"2022-10-26T11:03:26","guid":{"rendered":"https:\/\/andalubox.com\/producto-andaluz\/toro-cerveza-barrica-de-oloroso-de-jerez-33cl\/"},"modified":"2025-06-18T13:39:48","modified_gmt":"2025-06-18T11:39:48","slug":"bull-oloroso-craft-beer-33cl","status":"publish","type":"product","link":"https:\/\/andalubox.com\/fr\/producto-andaluz\/bull-oloroso-craft-beer-33cl\/","title":{"rendered":"Toro Craft Beer Sherry Oloroso de Jerez Cask, 33cl"},"content":{"rendered":"<p>La Fondation Osborne et Cerveza Mica ont cr\u00e9\u00e9 un projet commun qui a donn\u00e9 naissance \u00e0 Cerveza TORO, une bi\u00e8re fabriqu\u00e9e avec des ingr\u00e9dients naturels et vieillie dans des f\u00fbts de x\u00e9r\u00e8s centenaires, qui contient l&#8217;essence de deux mondes, la bi\u00e8re et le vin.<\/p>\n<p><strong>Couleur :<\/strong> cuivr\u00e9e et extr\u00eamement transparente pour une bi\u00e8re non filtr\u00e9e et non pasteuris\u00e9e.<\/p>\n<p><strong>Ar\u00f4me :<\/strong> Il a des connotations claires d&#8217;orge fra\u00eeche, mais il rappelle imm\u00e9diatement le bois des barriques Osborne centenaires qui ont servi \u00e0 vieillir les vins olorosos et o\u00f9 nous faisons maintenant mac\u00e9rer cette bi\u00e8re. Touches grill\u00e9es et v\u00e9g\u00e9tales.<\/p>\n<p><strong>Go\u00fbt :<\/strong> Sa saveur avec une premi\u00e8re touche inimitable d&#8217;orge, mais cette fois en contact avec les barriques Oloroso donnant des saveurs extraordinaires de bois grill\u00e9 avec des touches claires de caramel. Super savoureux et \u00e9quilibr\u00e9.<\/p>","protected":false},"excerpt":{"rendered":"<p><span style=\"font-weight: 400\">Bi\u00e8re vieillie dans les f\u00fbts centenaires des caves osborne de fino.<br \/>33cl. Ingr\u00e9dients : Eau, malt d&#8217;orge, orge, houblon et levure. (Contient du gluten)<\/p>\n<p><\/span><\/p>\n","protected":false},"featured_media":6590,"comment_status":"closed","ping_status":"closed","template":"","meta":{"site-sidebar-layout":"default","site-content-layout":"default","ast-site-content-layout":"default","site-content-style":"default","site-sidebar-style":"default","ast-global-header-display":"","ast-banner-title-visibility":"","ast-main-header-display":"","ast-hfb-above-header-display":"","ast-hfb-below-header-display":"","ast-hfb-mobile-header-display":"","site-post-title":"","ast-breadcrumbs-content":"","ast-featured-img":"","footer-sml-layout":"","ast-disable-related-posts":"","theme-transparent-header-meta":"default","adv-header-id-meta":"","stick-header-meta":"","header-above-stick-meta":"","header-main-stick-meta":"","header-below-stick-meta":"","astra-migrate-meta-layouts":"default","ast-page-background-enabled":"default","ast-page-background-meta":{"desktop":{"background-color":"var(--ast-global-color-4)","background-image":"","background-repeat":"repeat","background-position":"center center","background-size":"auto","background-attachment":"scroll","background-type":"","background-media":"","overlay-type":"","overlay-color":"","overlay-opacity":"","overlay-gradient":""},"tablet":{"background-color":"","background-image":"","background-repeat":"repeat","background-position":"center center","background-size":"auto","background-attachment":"scroll","background-type":"","background-media":"","overlay-type":"","overlay-color":"","overlay-opacity":"","overlay-gradient":""},"mobile":{"background-color":"","background-image":"","background-repeat":"repeat","background-position":"center center","background-size":"auto","background-attachment":"scroll","background-type":"","background-media":"","overlay-type":"","overlay-color":"","overlay-opacity":"","overlay-gradient":""}},"ast-content-background-meta":{"desktop":{"background-color":"var(--ast-global-color-5)","background-image":"","background-repeat":"repeat","background-position":"center center","background-size":"auto","background-attachment":"scroll","background-type":"","background-media":"","overlay-type":"","overlay-color":"","overlay-opacity":"","overlay-gradient":""},"tablet":{"background-color":"var(--ast-global-color-5)","background-image":"","background-repeat":"repeat","background-position":"center center","background-size":"auto","background-attachment":"scroll","background-type":"","background-media":"","overlay-type":"","overlay-color":"","overlay-opacity":"","overlay-gradient":""},"mobile":{"background-color":"var(--ast-global-color-5)","background-image":"","background-repeat":"repeat","background-position":"center center","background-size":"auto","background-attachment":"scroll","background-type":"","background-media":"","overlay-type":"","overlay-color":"","overlay-opacity":"","overlay-gradient":""}}},"product_brand":[1467],"product_cat":[286],"product_tag":[132],"class_list":{"0":"post-7636","1":"product","2":"type-product","3":"status-publish","4":"has-post-thumbnail","6":"product_brand-toro","7":"product_cat-bieres-andalouses","8":"product_tag-cadix","9":"desktop-align-left","10":"tablet-align-left","11":"mobile-align-left","13":"first","14":"instock","15":"taxable","16":"shipping-taxable","17":"purchasable","18":"product-type-simple"},"_links":{"self":[{"href":"https:\/\/andalubox.com\/fr\/wp-json\/wp\/v2\/product\/7636","targetHints":{"allow":["GET"]}}],"collection":[{"href":"https:\/\/andalubox.com\/fr\/wp-json\/wp\/v2\/product"}],"about":[{"href":"https:\/\/andalubox.com\/fr\/wp-json\/wp\/v2\/types\/product"}],"replies":[{"embeddable":true,"href":"https:\/\/andalubox.com\/fr\/wp-json\/wp\/v2\/comments?post=7636"}],"wp:featuredmedia":[{"embeddable":true,"href":"https:\/\/andalubox.com\/fr\/wp-json\/wp\/v2\/media\/6590"}],"wp:attachment":[{"href":"https:\/\/andalubox.com\/fr\/wp-json\/wp\/v2\/media?parent=7636"}],"wp:term":[{"taxonomy":"product_brand","embeddable":true,"href":"https:\/\/andalubox.com\/fr\/wp-json\/wp\/v2\/product_brand?post=7636"},{"taxonomy":"product_cat","embeddable":true,"href":"https:\/\/andalubox.com\/fr\/wp-json\/wp\/v2\/product_cat?post=7636"},{"taxonomy":"product_tag","embeddable":true,"href":"https:\/\/andalubox.com\/fr\/wp-json\/wp\/v2\/product_tag?post=7636"}],"curies":[{"name":"wp","href":"https:\/\/api.w.org\/{rel}","templated":true}]}}