{"id":7605,"date":"2022-10-26T13:03:24","date_gmt":"2022-10-26T11:03:24","guid":{"rendered":"https:\/\/andalubox.com\/producto-andaluz\/la-vieja-fabrica-cocina-selecta-confiture-de-tomates-280gr\/"},"modified":"2025-07-30T23:40:01","modified_gmt":"2025-07-30T21:40:01","slug":"la-vieja-fabrica-cocina-selecta-tomato-jam-280gr","status":"publish","type":"product","link":"https:\/\/andalubox.com\/fr\/producto-andaluz\/la-vieja-fabrica-cocina-selecta-tomato-jam-280gr\/","title":{"rendered":"Marmelade de tomates La Vieja F\u00e1brica, 280g"},"content":{"rendered":"<p>Marmelade de tomates La Vieja F\u00e1brica, 280g<\/p>\n<p>La Vieja F\u00e1brica est une marque connue pour ses confitures et ses sauces, dont la confiture de tomates de la gamme Cocina Selecta. Ce produit est fabriqu\u00e9 par le groupe \u00c1ngel Camacho \u00e0 Mor\u00f3n de la Frontera (Espagne). Il est id\u00e9al pour accompagner les viandes, les poissons, les p\u00e2tes ou les desserts, et se pr\u00e9sente en pots de 280-285 g. Sans gluten ni lactose   <\/p>\n<h2>Ingr\u00e9dients :<\/h2>\n<p>Tomates (45%), sucre (53%), pectine, acide citrique, sorbate de potassium.<\/p>\n<h2>Informations nutritionnelles (100 g) :<\/h2>\n<ul>\n\t<li>\u00c9nergie : 911,0 kJ \/ 214,0 kcal<\/li>\n\t<li>Graisses : 0,0 g dont satur\u00e9es : 0,0 g<\/li>\n\t<li>Glucides : 52 g dont sucres : 53,0 g<\/li>\n\t<li>Prot\u00e9ines : 0,4 g<\/li>\n\t<li>Sel : 0,0 g<\/li>\n<\/ul>\n<h2>Utilisation et conservation :<\/h2>\n<p>Une fois ouvert, conservez-le au r\u00e9frig\u00e9rateur.<\/p>\n<p>&nbsp;<\/p>","protected":false},"excerpt":{"rendered":"<p>Confiture de tomates de La Vieja F\u00e1brica, 280g pour l&#8217;exportation dans toute l&#8217;Europe.<\/p>\n","protected":false},"featured_media":6569,"template":"","meta":{"site-sidebar-layout":"default","site-content-layout":"default","ast-site-content-layout":"default","site-content-style":"default","site-sidebar-style":"default","ast-global-header-display":"","ast-banner-title-visibility":"","ast-main-header-display":"","ast-hfb-above-header-display":"","ast-hfb-below-header-display":"","ast-hfb-mobile-header-display":"","site-post-title":"","ast-breadcrumbs-content":"","ast-featured-img":"","footer-sml-layout":"","ast-disable-related-posts":"","theme-transparent-header-meta":"default","adv-header-id-meta":"","stick-header-meta":"","header-above-stick-meta":"","header-main-stick-meta":"","header-below-stick-meta":"","astra-migrate-meta-layouts":"default","ast-page-background-enabled":"default","ast-page-background-meta":{"desktop":{"background-color":"var(--ast-global-color-4)","background-image":"","background-repeat":"repeat","background-position":"center center","background-size":"auto","background-attachment":"scroll","background-type":"","background-media":"","overlay-type":"","overlay-color":"","overlay-opacity":"","overlay-gradient":""},"tablet":{"background-color":"","background-image":"","background-repeat":"repeat","background-position":"center center","background-size":"auto","background-attachment":"scroll","background-type":"","background-media":"","overlay-type":"","overlay-color":"","overlay-opacity":"","overlay-gradient":""},"mobile":{"background-color":"","background-image":"","background-repeat":"repeat","background-position":"center center","background-size":"auto","background-attachment":"scroll","background-type":"","background-media":"","overlay-type":"","overlay-color":"","overlay-opacity":"","overlay-gradient":""}},"ast-content-background-meta":{"desktop":{"background-color":"var(--ast-global-color-5)","background-image":"","background-repeat":"repeat","background-position":"center center","background-size":"auto","background-attachment":"scroll","background-type":"","background-media":"","overlay-type":"","overlay-color":"","overlay-opacity":"","overlay-gradient":""},"tablet":{"background-color":"var(--ast-global-color-5)","background-image":"","background-repeat":"repeat","background-position":"center center","background-size":"auto","background-attachment":"scroll","background-type":"","background-media":"","overlay-type":"","overlay-color":"","overlay-opacity":"","overlay-gradient":""},"mobile":{"background-color":"var(--ast-global-color-5)","background-image":"","background-repeat":"repeat","background-position":"center center","background-size":"auto","background-attachment":"scroll","background-type":"","background-media":"","overlay-type":"","overlay-color":"","overlay-opacity":"","overlay-gradient":""}}},"product_brand":[1144],"product_cat":[15],"product_tag":[108],"class_list":{"0":"post-7605","1":"product","2":"type-product","3":"status-publish","4":"has-post-thumbnail","6":"product_brand-la-vieja-fabrica","7":"product_cat-sin-categorizar","8":"product_tag-seville","9":"desktop-align-left","10":"tablet-align-left","11":"mobile-align-left","13":"first","14":"instock","15":"taxable","16":"shipping-taxable","17":"purchasable","18":"product-type-simple"},"_links":{"self":[{"href":"https:\/\/andalubox.com\/fr\/wp-json\/wp\/v2\/product\/7605","targetHints":{"allow":["GET"]}}],"collection":[{"href":"https:\/\/andalubox.com\/fr\/wp-json\/wp\/v2\/product"}],"about":[{"href":"https:\/\/andalubox.com\/fr\/wp-json\/wp\/v2\/types\/product"}],"wp:featuredmedia":[{"embeddable":true,"href":"https:\/\/andalubox.com\/fr\/wp-json\/wp\/v2\/media\/6569"}],"wp:attachment":[{"href":"https:\/\/andalubox.com\/fr\/wp-json\/wp\/v2\/media?parent=7605"}],"wp:term":[{"taxonomy":"product_brand","embeddable":true,"href":"https:\/\/andalubox.com\/fr\/wp-json\/wp\/v2\/product_brand?post=7605"},{"taxonomy":"product_cat","embeddable":true,"href":"https:\/\/andalubox.com\/fr\/wp-json\/wp\/v2\/product_cat?post=7605"},{"taxonomy":"product_tag","embeddable":true,"href":"https:\/\/andalubox.com\/fr\/wp-json\/wp\/v2\/product_tag?post=7605"}],"curies":[{"name":"wp","href":"https:\/\/api.w.org\/{rel}","templated":true}]}}