{"id":7602,"date":"2022-10-26T13:03:25","date_gmt":"2022-10-26T11:03:25","guid":{"rendered":"https:\/\/andalubox.com\/producto-andaluz\/la-vieja-fabrica-cocina-selecta-marmelade-doignons-290g\/"},"modified":"2025-06-13T00:32:48","modified_gmt":"2025-06-12T22:32:48","slug":"la-vieja-fabrica-cocina-selecta-onion-jam-290gr","status":"publish","type":"product","link":"https:\/\/andalubox.com\/fr\/producto-andaluz\/la-vieja-fabrica-cocina-selecta-onion-jam-290gr\/","title":{"rendered":"La Vieja F\u00e1brica Cocina Selecta Confiture d&#8217;oignons, 800g"},"content":{"rendered":"<h2>Ingr\u00e9dients :<\/h2>\n<p>Oignon, sucre, g\u00e9lifiant (pectine d&#8217;agrumes), r\u00e9gulateur d&#8217;acidit\u00e9 (acide citrique), conservateur : sorbate de potassium, antioxydant (acide ascorbique).<\/p>\n<h2>Informations nutritionnelles (100 g) :<\/h2>\n<ul>\n\t<li>\u00c9nergie : 892 kj, 210 kcal<\/li>\n\t<li>Graisses : 0,0 g dont satur\u00e9es : 0,0 g<\/li>\n\t<li>Glucides : 52,0 g dont sucres : 52,0 g<\/li>\n\t<li>Prot\u00e9ines : 0,4 g<\/li>\n\t<li>Sel : 0,0 g<\/li>\n<\/ul>\n<h2>Utilisation et conservation :<\/h2>\n<p>Conserver dans un endroit frais et sec. Une fois ouvert, conservez-le au r\u00e9frig\u00e9rateur. <\/p>\n<h2>Mode d&#8217;emploi :<\/h2>\n<p>Produit pr\u00eat \u00e0 \u00eatre consomm\u00e9.  <\/p>\n<p>&nbsp;<\/p>","protected":false},"excerpt":{"rendered":"<p>D\u00e9licieux oignon sucr\u00e9 sp\u00e9cialement pour ajouter une touche s\u00e9lective \u00e0 vos recettes de p\u00e2tisseries et de desserts ou en accompagnement de divers plats.<\/p>\n<p>Sans gluten<\/p>\n","protected":false},"featured_media":6575,"template":"","meta":{"site-sidebar-layout":"default","site-content-layout":"default","ast-site-content-layout":"default","site-content-style":"default","site-sidebar-style":"default","ast-global-header-display":"","ast-banner-title-visibility":"","ast-main-header-display":"","ast-hfb-above-header-display":"","ast-hfb-below-header-display":"","ast-hfb-mobile-header-display":"","site-post-title":"","ast-breadcrumbs-content":"","ast-featured-img":"","footer-sml-layout":"","ast-disable-related-posts":"","theme-transparent-header-meta":"default","adv-header-id-meta":"","stick-header-meta":"","header-above-stick-meta":"","header-main-stick-meta":"","header-below-stick-meta":"","astra-migrate-meta-layouts":"default","ast-page-background-enabled":"default","ast-page-background-meta":{"desktop":{"background-color":"var(--ast-global-color-4)","background-image":"","background-repeat":"repeat","background-position":"center center","background-size":"auto","background-attachment":"scroll","background-type":"","background-media":"","overlay-type":"","overlay-color":"","overlay-opacity":"","overlay-gradient":""},"tablet":{"background-color":"","background-image":"","background-repeat":"repeat","background-position":"center center","background-size":"auto","background-attachment":"scroll","background-type":"","background-media":"","overlay-type":"","overlay-color":"","overlay-opacity":"","overlay-gradient":""},"mobile":{"background-color":"","background-image":"","background-repeat":"repeat","background-position":"center center","background-size":"auto","background-attachment":"scroll","background-type":"","background-media":"","overlay-type":"","overlay-color":"","overlay-opacity":"","overlay-gradient":""}},"ast-content-background-meta":{"desktop":{"background-color":"var(--ast-global-color-5)","background-image":"","background-repeat":"repeat","background-position":"center center","background-size":"auto","background-attachment":"scroll","background-type":"","background-media":"","overlay-type":"","overlay-color":"","overlay-opacity":"","overlay-gradient":""},"tablet":{"background-color":"var(--ast-global-color-5)","background-image":"","background-repeat":"repeat","background-position":"center center","background-size":"auto","background-attachment":"scroll","background-type":"","background-media":"","overlay-type":"","overlay-color":"","overlay-opacity":"","overlay-gradient":""},"mobile":{"background-color":"var(--ast-global-color-5)","background-image":"","background-repeat":"repeat","background-position":"center center","background-size":"auto","background-attachment":"scroll","background-type":"","background-media":"","overlay-type":"","overlay-color":"","overlay-opacity":"","overlay-gradient":""}}},"product_brand":[1144],"product_cat":[15],"product_tag":[108],"class_list":{"0":"post-7602","1":"product","2":"type-product","3":"status-publish","4":"has-post-thumbnail","6":"product_brand-la-vieja-fabrica","7":"product_cat-sin-categorizar","8":"product_tag-seville","9":"desktop-align-left","10":"tablet-align-left","11":"mobile-align-left","13":"first","14":"instock","15":"taxable","16":"shipping-taxable","17":"purchasable","18":"product-type-simple"},"_links":{"self":[{"href":"https:\/\/andalubox.com\/fr\/wp-json\/wp\/v2\/product\/7602","targetHints":{"allow":["GET"]}}],"collection":[{"href":"https:\/\/andalubox.com\/fr\/wp-json\/wp\/v2\/product"}],"about":[{"href":"https:\/\/andalubox.com\/fr\/wp-json\/wp\/v2\/types\/product"}],"wp:featuredmedia":[{"embeddable":true,"href":"https:\/\/andalubox.com\/fr\/wp-json\/wp\/v2\/media\/6575"}],"wp:attachment":[{"href":"https:\/\/andalubox.com\/fr\/wp-json\/wp\/v2\/media?parent=7602"}],"wp:term":[{"taxonomy":"product_brand","embeddable":true,"href":"https:\/\/andalubox.com\/fr\/wp-json\/wp\/v2\/product_brand?post=7602"},{"taxonomy":"product_cat","embeddable":true,"href":"https:\/\/andalubox.com\/fr\/wp-json\/wp\/v2\/product_cat?post=7602"},{"taxonomy":"product_tag","embeddable":true,"href":"https:\/\/andalubox.com\/fr\/wp-json\/wp\/v2\/product_tag?post=7602"}],"curies":[{"name":"wp","href":"https:\/\/api.w.org\/{rel}","templated":true}]}}