{"id":7600,"date":"2022-10-26T13:03:19","date_gmt":"2022-10-26T11:03:19","guid":{"rendered":"https:\/\/andalubox.com\/producto-andaluz\/filets-de-thon-de-la-fregate-tejero-del-principe-almadraba-a-lhuile-de-tournesol-320gr\/"},"modified":"2025-06-12T16:41:42","modified_gmt":"2025-06-12T14:41:42","slug":"tejero-filetes-de-melva-de-almadraba-del-principe-en-ace-oil-de-girasol-320gr","status":"publish","type":"product","link":"https:\/\/andalubox.com\/fr\/producto-andaluz\/tejero-filetes-de-melva-de-almadraba-del-principe-en-ace-oil-de-girasol-320gr\/","title":{"rendered":"Tejero Filets de thon rouge d&#8217;Almadraba del Pr\u00edncipe \u00e0 l&#8217;huile de tournesol, 1770g"},"content":{"rendered":"<p>Au cours du processus de production des conserves de thon de la fr\u00e9gate, nous apportons un soin particulier aux mati\u00e8res premi\u00e8res que nous utilisons, en effectuant les contr\u00f4les n\u00e9cessaires pour garantir aux consommateurs un produit de qualit\u00e9.<\/p>\n<p>Les filets de maquereaux fr\u00e9gates \u00e0 l&#8217;huile de tournesol doivent toujours \u00eatre pr\u00e9par\u00e9s selon les m\u00eames m\u00e9thodes traditionnelles :<\/p>\n<ul>\n\t<li>R\u00e9ception de poissons.<\/li>\n\t<li>T\u00eate enlev\u00e9e, \u00e9visc\u00e9r\u00e9e et lav\u00e9e.<\/li>\n\t<li>Cuisson dans une solution d&#8217;eau sal\u00e9e.<\/li>\n\t<li>Maintenance et r\u00e9frig\u00e9ration.<\/li>\n\t<li>Pel\u00e9 \u00e0 la main.<\/li>\n\t<li>Emball\u00e9 \u00e0 la main.<\/li>\n\t<li>Ajoutez l&#8217;huile de tournesol.<\/li>\n\t<li>Fermer la bo\u00eete.<\/li>\n\t<li>Traitement en autoclave.<\/li>\n\t<li>Lavage des canettes.<\/li>\n\t<li>Stockage et exp\u00e9dition.<\/li>\n<\/ul>","protected":false},"excerpt":{"rendered":"<p>La fid\u00e9lit\u00e9 de nos consommateurs r\u00e9side dans le fait que nous n&#8217;utilisons que des mati\u00e8res premi\u00e8res de qualit\u00e9, dont la valeur la plus remarquable est qu&#8217;il s&#8217;agit d&#8217;un produit de campagne. C&#8217;est la p\u00e9riode optimale pour le poisson, lorsqu&#8217;il fournit ses plus hautes valeurs nutritionnelles et organoleptiques. Les seuls ingr\u00e9dients n\u00e9cessaires sont l\u2019huile de tournesol et une touche de sel de mer.<\/p>\n","protected":false},"featured_media":12428,"template":"","meta":{"site-sidebar-layout":"default","site-content-layout":"default","ast-site-content-layout":"default","site-content-style":"default","site-sidebar-style":"default","ast-global-header-display":"","ast-banner-title-visibility":"","ast-main-header-display":"","ast-hfb-above-header-display":"","ast-hfb-below-header-display":"","ast-hfb-mobile-header-display":"","site-post-title":"","ast-breadcrumbs-content":"","ast-featured-img":"","footer-sml-layout":"","ast-disable-related-posts":"","theme-transparent-header-meta":"default","adv-header-id-meta":"","stick-header-meta":"","header-above-stick-meta":"","header-main-stick-meta":"","header-below-stick-meta":"","astra-migrate-meta-layouts":"default","ast-page-background-enabled":"default","ast-page-background-meta":{"desktop":{"background-color":"var(--ast-global-color-4)","background-image":"","background-repeat":"repeat","background-position":"center center","background-size":"auto","background-attachment":"scroll","background-type":"","background-media":"","overlay-type":"","overlay-color":"","overlay-opacity":"","overlay-gradient":""},"tablet":{"background-color":"","background-image":"","background-repeat":"repeat","background-position":"center center","background-size":"auto","background-attachment":"scroll","background-type":"","background-media":"","overlay-type":"","overlay-color":"","overlay-opacity":"","overlay-gradient":""},"mobile":{"background-color":"","background-image":"","background-repeat":"repeat","background-position":"center center","background-size":"auto","background-attachment":"scroll","background-type":"","background-media":"","overlay-type":"","overlay-color":"","overlay-opacity":"","overlay-gradient":""}},"ast-content-background-meta":{"desktop":{"background-color":"var(--ast-global-color-5)","background-image":"","background-repeat":"repeat","background-position":"center center","background-size":"auto","background-attachment":"scroll","background-type":"","background-media":"","overlay-type":"","overlay-color":"","overlay-opacity":"","overlay-gradient":""},"tablet":{"background-color":"var(--ast-global-color-5)","background-image":"","background-repeat":"repeat","background-position":"center center","background-size":"auto","background-attachment":"scroll","background-type":"","background-media":"","overlay-type":"","overlay-color":"","overlay-opacity":"","overlay-gradient":""},"mobile":{"background-color":"var(--ast-global-color-5)","background-image":"","background-repeat":"repeat","background-position":"center center","background-size":"auto","background-attachment":"scroll","background-type":"","background-media":"","overlay-type":"","overlay-color":"","overlay-opacity":"","overlay-gradient":""}}},"product_brand":[1088],"product_cat":[318,271],"product_tag":[127],"class_list":{"0":"post-7600","1":"product","2":"type-product","3":"status-publish","4":"has-post-thumbnail","6":"product_brand-tejero","7":"product_cat-produits-les-plus-vendus","8":"product_cat-thon-de-la-fregate-almadraba","9":"product_tag-huelva-fr","10":"desktop-align-left","11":"tablet-align-left","12":"mobile-align-left","14":"first","15":"instock","16":"taxable","17":"shipping-taxable","18":"purchasable","19":"product-type-simple"},"_links":{"self":[{"href":"https:\/\/andalubox.com\/fr\/wp-json\/wp\/v2\/product\/7600","targetHints":{"allow":["GET"]}}],"collection":[{"href":"https:\/\/andalubox.com\/fr\/wp-json\/wp\/v2\/product"}],"about":[{"href":"https:\/\/andalubox.com\/fr\/wp-json\/wp\/v2\/types\/product"}],"wp:featuredmedia":[{"embeddable":true,"href":"https:\/\/andalubox.com\/fr\/wp-json\/wp\/v2\/media\/12428"}],"wp:attachment":[{"href":"https:\/\/andalubox.com\/fr\/wp-json\/wp\/v2\/media?parent=7600"}],"wp:term":[{"taxonomy":"product_brand","embeddable":true,"href":"https:\/\/andalubox.com\/fr\/wp-json\/wp\/v2\/product_brand?post=7600"},{"taxonomy":"product_cat","embeddable":true,"href":"https:\/\/andalubox.com\/fr\/wp-json\/wp\/v2\/product_cat?post=7600"},{"taxonomy":"product_tag","embeddable":true,"href":"https:\/\/andalubox.com\/fr\/wp-json\/wp\/v2\/product_tag?post=7600"}],"curies":[{"name":"wp","href":"https:\/\/api.w.org\/{rel}","templated":true}]}}