{"id":7562,"date":"2022-10-26T13:03:00","date_gmt":"2022-10-26T11:03:00","guid":{"rendered":"https:\/\/andalubox.com\/producto-andaluz\/dona-ana-arroz-marisma-redondo-paquet-1kg\/"},"modified":"2025-09-07T19:45:32","modified_gmt":"2025-09-07T17:45:32","slug":"dona-ana-arroz-marisma-redondo-paquete-1kg","status":"publish","type":"product","link":"https:\/\/andalubox.com\/fr\/producto-andaluz\/dona-ana-arroz-marisma-redondo-paquete-1kg\/","title":{"rendered":"Do\u00f1a Ana Marisma Riz rond 1 kg"},"content":{"rendered":"<p>Do\u00f1a Ana Marisma Riz rond 1 kg.<\/p>\n<p>Produit dans le parc national de Do\u00f1ana.<\/p>\n<p>LE R\u00c9GIME M\u00c9DITERRAN\u00c9EN.<\/p>\n<p>Le riz \u00e9tuv\u00e9 Do\u00f1a Ana de 1 kg est un riz \u00e0 long grain pr\u00e9cuit, connu pour sa texture ferme et non collante, id\u00e9ale pour une cuisine rapide et moderne. Le processus d&#8217;\u00e9tuvage consiste \u00e0 cuire le riz \u00e0 la vapeur, ce qui permet d&#8217;obtenir des grains dor\u00e9s et l\u00e2ches qui ne cuisent pas trop et ne s&#8217;agglutinent pas. Riche en vitamines, en prot\u00e9ines et en fibres, il peut \u00eatre r\u00e9chauff\u00e9 sans perdre sa texture ni sa valeur nutritionnelle, ce qui permet de pr\u00e9parer les repas \u00e0 l&#8217;avance.  <\/p>","protected":false},"excerpt":{"rendered":"<p>Do\u00f1a Ana Marisma Riz rond 1 kg<\/p>\n","protected":false},"featured_media":6479,"template":"","meta":{"site-sidebar-layout":"default","site-content-layout":"","ast-site-content-layout":"default","site-content-style":"default","site-sidebar-style":"default","ast-global-header-display":"","ast-banner-title-visibility":"","ast-main-header-display":"","ast-hfb-above-header-display":"","ast-hfb-below-header-display":"","ast-hfb-mobile-header-display":"","site-post-title":"","ast-breadcrumbs-content":"","ast-featured-img":"","footer-sml-layout":"","ast-disable-related-posts":"","theme-transparent-header-meta":"default","adv-header-id-meta":"","stick-header-meta":"","header-above-stick-meta":"","header-main-stick-meta":"","header-below-stick-meta":"","astra-migrate-meta-layouts":"default","ast-page-background-enabled":"default","ast-page-background-meta":{"desktop":{"background-color":"var(--ast-global-color-4)","background-image":"","background-repeat":"repeat","background-position":"center center","background-size":"auto","background-attachment":"scroll","background-type":"","background-media":"","overlay-type":"","overlay-color":"","overlay-opacity":"","overlay-gradient":""},"tablet":{"background-color":"","background-image":"","background-repeat":"repeat","background-position":"center center","background-size":"auto","background-attachment":"scroll","background-type":"","background-media":"","overlay-type":"","overlay-color":"","overlay-opacity":"","overlay-gradient":""},"mobile":{"background-color":"","background-image":"","background-repeat":"repeat","background-position":"center center","background-size":"auto","background-attachment":"scroll","background-type":"","background-media":"","overlay-type":"","overlay-color":"","overlay-opacity":"","overlay-gradient":""}},"ast-content-background-meta":{"desktop":{"background-color":"var(--ast-global-color-5)","background-image":"","background-repeat":"repeat","background-position":"center center","background-size":"auto","background-attachment":"scroll","background-type":"","background-media":"","overlay-type":"","overlay-color":"","overlay-opacity":"","overlay-gradient":""},"tablet":{"background-color":"var(--ast-global-color-5)","background-image":"","background-repeat":"repeat","background-position":"center center","background-size":"auto","background-attachment":"scroll","background-type":"","background-media":"","overlay-type":"","overlay-color":"","overlay-opacity":"","overlay-gradient":""},"mobile":{"background-color":"var(--ast-global-color-5)","background-image":"","background-repeat":"repeat","background-position":"center center","background-size":"auto","background-attachment":"scroll","background-type":"","background-media":"","overlay-type":"","overlay-color":"","overlay-opacity":"","overlay-gradient":""}}},"product_brand":[1498],"product_cat":[261],"product_tag":[108],"class_list":{"0":"post-7562","1":"product","2":"type-product","3":"status-publish","4":"has-post-thumbnail","6":"product_brand-dona-ana","7":"product_cat-dona-ana-fr","8":"product_tag-seville","9":"desktop-align-left","10":"tablet-align-left","11":"mobile-align-left","13":"first","14":"instock","15":"taxable","16":"shipping-taxable","17":"purchasable","18":"product-type-simple"},"_links":{"self":[{"href":"https:\/\/andalubox.com\/fr\/wp-json\/wp\/v2\/product\/7562","targetHints":{"allow":["GET"]}}],"collection":[{"href":"https:\/\/andalubox.com\/fr\/wp-json\/wp\/v2\/product"}],"about":[{"href":"https:\/\/andalubox.com\/fr\/wp-json\/wp\/v2\/types\/product"}],"wp:featuredmedia":[{"embeddable":true,"href":"https:\/\/andalubox.com\/fr\/wp-json\/wp\/v2\/media\/6479"}],"wp:attachment":[{"href":"https:\/\/andalubox.com\/fr\/wp-json\/wp\/v2\/media?parent=7562"}],"wp:term":[{"taxonomy":"product_brand","embeddable":true,"href":"https:\/\/andalubox.com\/fr\/wp-json\/wp\/v2\/product_brand?post=7562"},{"taxonomy":"product_cat","embeddable":true,"href":"https:\/\/andalubox.com\/fr\/wp-json\/wp\/v2\/product_cat?post=7562"},{"taxonomy":"product_tag","embeddable":true,"href":"https:\/\/andalubox.com\/fr\/wp-json\/wp\/v2\/product_tag?post=7562"}],"curies":[{"name":"wp","href":"https:\/\/api.w.org\/{rel}","templated":true}]}}