{"id":7558,"date":"2022-10-26T13:03:00","date_gmt":"2022-10-26T11:03:00","guid":{"rendered":"https:\/\/andalubox.com\/producto-andaluz\/la-faucheuse-nationale-ecologique-de-haricots-blancs-sac-1kg\/"},"modified":"2025-08-06T19:11:09","modified_gmt":"2025-08-06T17:11:09","slug":"el-reaper-haricots-blanc-ecologique-sac-1kg","status":"publish","type":"product","link":"https:\/\/andalubox.com\/fr\/producto-andaluz\/el-reaper-haricots-blanc-ecologique-sac-1kg\/","title":{"rendered":"El Segador National Haricots blancs biologiques, sac de 1kg"},"content":{"rendered":"<p>El Segador National Haricots blancs biologiques, sac de 1kg.<\/p>\n<p>El Segador est une marque de Legumbres Baena, une entreprise familiale bas\u00e9e \u00e0 Montemayor, Cordoue, Espagne, sp\u00e9cialis\u00e9e dans la production, l&#8217;emballage et la commercialisation de l\u00e9gumineuses et de riz biologiques. Leurs produits, certifi\u00e9s par l&#8217;UE, CAAE et JA, privil\u00e9gient la haute qualit\u00e9, la tra\u00e7abilit\u00e9 et les pratiques biologiques, en \u00e9vitant l&#8217;utilisation de produits chimiques pour un processus de production plus propre et plus durable, align\u00e9 sur les cycles naturels. Ils proposent une vari\u00e9t\u00e9 de l\u00e9gumes secs biologiques.  <\/p>\n<p>Haricots blancs (Alubia Blanca) : Ils absorbent bien les saveurs, ce qui les rend polyvalents pour des cr\u00e9ations culinaires saines.<\/p>\n<p>Les produits El Segador sont disponibles dans des formats tels que les bo\u00eetes de 500 g ou 1 kg, les sacs de 1 kg ou 5 kg pour les l\u00e9gumes secs et les bocaux de 570 g pour les options cuites. Ils sont vendus au niveau national en Espagne et export\u00e9s dans toute l&#8217;Europe o\u00f9 leur qualit\u00e9 est reconnue. L&#8217;entreprise applique des contr\u00f4les stricts, depuis la s\u00e9lection des sols jusqu&#8217;\u00e0 l&#8217;emballage, et garantit des normes de qualit\u00e9 sup\u00e9rieure gr\u00e2ce \u00e0 l&#8217;analyse et \u00e0 la certification par des laboratoires ind\u00e9pendants. Sa philosophie associe des techniques innovantes \u00e0 des saveurs traditionnelles, favorisant ainsi une alimentation saine en phase avec les cycles saisonniers.   <\/p>","protected":false},"excerpt":{"rendered":"<p>El Segador National Organic White Beans, sac de 1kg pour l&#8217;exportation vers TOUTE L&#8217;EUROPE.<\/p>\n","protected":false},"featured_media":6464,"comment_status":"closed","ping_status":"closed","template":"","meta":{"site-sidebar-layout":"default","site-content-layout":"default","ast-site-content-layout":"default","site-content-style":"default","site-sidebar-style":"default","ast-global-header-display":"","ast-banner-title-visibility":"","ast-main-header-display":"","ast-hfb-above-header-display":"","ast-hfb-below-header-display":"","ast-hfb-mobile-header-display":"","site-post-title":"","ast-breadcrumbs-content":"","ast-featured-img":"","footer-sml-layout":"","ast-disable-related-posts":"","theme-transparent-header-meta":"default","adv-header-id-meta":"","stick-header-meta":"","header-above-stick-meta":"","header-main-stick-meta":"","header-below-stick-meta":"","astra-migrate-meta-layouts":"default","ast-page-background-enabled":"default","ast-page-background-meta":{"desktop":{"background-color":"var(--ast-global-color-4)","background-image":"","background-repeat":"repeat","background-position":"center center","background-size":"auto","background-attachment":"scroll","background-type":"","background-media":"","overlay-type":"","overlay-color":"","overlay-opacity":"","overlay-gradient":""},"tablet":{"background-color":"","background-image":"","background-repeat":"repeat","background-position":"center center","background-size":"auto","background-attachment":"scroll","background-type":"","background-media":"","overlay-type":"","overlay-color":"","overlay-opacity":"","overlay-gradient":""},"mobile":{"background-color":"","background-image":"","background-repeat":"repeat","background-position":"center center","background-size":"auto","background-attachment":"scroll","background-type":"","background-media":"","overlay-type":"","overlay-color":"","overlay-opacity":"","overlay-gradient":""}},"ast-content-background-meta":{"desktop":{"background-color":"var(--ast-global-color-5)","background-image":"","background-repeat":"repeat","background-position":"center center","background-size":"auto","background-attachment":"scroll","background-type":"","background-media":"","overlay-type":"","overlay-color":"","overlay-opacity":"","overlay-gradient":""},"tablet":{"background-color":"var(--ast-global-color-5)","background-image":"","background-repeat":"repeat","background-position":"center center","background-size":"auto","background-attachment":"scroll","background-type":"","background-media":"","overlay-type":"","overlay-color":"","overlay-opacity":"","overlay-gradient":""},"mobile":{"background-color":"var(--ast-global-color-5)","background-image":"","background-repeat":"repeat","background-position":"center center","background-size":"auto","background-attachment":"scroll","background-type":"","background-media":"","overlay-type":"","overlay-color":"","overlay-opacity":"","overlay-gradient":""}}},"product_brand":[1496],"product_cat":[256],"product_tag":[104],"class_list":{"0":"post-7558","1":"product","2":"type-product","3":"status-publish","4":"has-post-thumbnail","6":"product_brand-el-segador","7":"product_cat-la-faucheuse","8":"product_tag-cordoue","9":"desktop-align-left","10":"tablet-align-left","11":"mobile-align-left","13":"first","14":"instock","15":"taxable","16":"shipping-taxable","17":"purchasable","18":"product-type-simple"},"_links":{"self":[{"href":"https:\/\/andalubox.com\/fr\/wp-json\/wp\/v2\/product\/7558","targetHints":{"allow":["GET"]}}],"collection":[{"href":"https:\/\/andalubox.com\/fr\/wp-json\/wp\/v2\/product"}],"about":[{"href":"https:\/\/andalubox.com\/fr\/wp-json\/wp\/v2\/types\/product"}],"replies":[{"embeddable":true,"href":"https:\/\/andalubox.com\/fr\/wp-json\/wp\/v2\/comments?post=7558"}],"wp:featuredmedia":[{"embeddable":true,"href":"https:\/\/andalubox.com\/fr\/wp-json\/wp\/v2\/media\/6464"}],"wp:attachment":[{"href":"https:\/\/andalubox.com\/fr\/wp-json\/wp\/v2\/media?parent=7558"}],"wp:term":[{"taxonomy":"product_brand","embeddable":true,"href":"https:\/\/andalubox.com\/fr\/wp-json\/wp\/v2\/product_brand?post=7558"},{"taxonomy":"product_cat","embeddable":true,"href":"https:\/\/andalubox.com\/fr\/wp-json\/wp\/v2\/product_cat?post=7558"},{"taxonomy":"product_tag","embeddable":true,"href":"https:\/\/andalubox.com\/fr\/wp-json\/wp\/v2\/product_tag?post=7558"}],"curies":[{"name":"wp","href":"https:\/\/api.w.org\/{rel}","templated":true}]}}