{"id":7545,"date":"2022-10-26T13:03:00","date_gmt":"2022-10-26T11:03:00","guid":{"rendered":"https:\/\/andalubox.com\/producto-andaluz\/baena-lentilles-pardinas-extra-sac-en-tissu-noir-1-000gr\/"},"modified":"2025-08-06T19:38:40","modified_gmt":"2025-08-06T17:38:40","slug":"baena-lentilles-pardinas-extra-saco-tela-negro-1000gr","status":"publish","type":"product","link":"https:\/\/andalubox.com\/fr\/producto-andaluz\/baena-lentilles-pardinas-extra-saco-tela-negro-1000gr\/","title":{"rendered":"Lentilles Baena Pardinas Extra, sac de 1kg, sac en tissu"},"content":{"rendered":"<p>Baena Lentejas Pardinas Extra, Sac de tissu 1kg.<\/p>\n<p>Legumbres Baena est une entreprise espagnole bas\u00e9e \u00e0 Montemayor, Cordoue, sp\u00e9cialis\u00e9e dans la production, le conditionnement et la commercialisation de l\u00e9gumes secs et de riz, biologiques et conventionnels, s\u00e9ch\u00e9s et cuits.<\/p>\n<p>Leur gamme de produits comprend des pois chiches (par exemple, pois chiche laiteux, pedrosillano), divers haricots (par exemple, haricot blanc extra, haricot pinto), des lentilles (par exemple, verdina, pardina, eston, castellana) et des vari\u00e9t\u00e9s de riz s\u00e9lectionn\u00e9es, telles que le riz bahia et le riz brun biologique. Ils privil\u00e9gient les produits de haute qualit\u00e9 et tra\u00e7ables, certifi\u00e9s par l&#8217;UE, CAAE et JA, en mettant l&#8217;accent sur les saveurs traditionnelles et les pratiques durables. <\/p>\n<p>Andalubox commercialise la marque LEGUMBRES BAENA sur les march\u00e9s nationaux et internationaux, en particulier en Europe et \u00e0 Gibraltar.<\/p>\n<p>Ses l\u00e9gumes secs se distinguent par leur teneur \u00e9lev\u00e9e en nutriments, en prot\u00e9ines et en fibres. Ils conviennent au r\u00e9gime m\u00e9diterran\u00e9en et pr\u00e9sentent des avantages tels que la r\u00e9gulation de la glyc\u00e9mie chez les diab\u00e9tiques.  <\/p>\n<p>Andalubox promeut le r\u00e9gime m\u00e9diterran\u00e9en dans toute l&#8217;Europe.<\/p>","protected":false},"excerpt":{"rendered":"<p>Baena Lentejas Pardinas Extra, sac de 1kg pour l&#8217;exportation vers TOUTE L&#8217;EUROPE.<\/p>\n","protected":false},"featured_media":6467,"comment_status":"closed","ping_status":"closed","template":"","meta":{"site-sidebar-layout":"default","site-content-layout":"","ast-site-content-layout":"default","site-content-style":"default","site-sidebar-style":"default","ast-global-header-display":"","ast-banner-title-visibility":"","ast-main-header-display":"","ast-hfb-above-header-display":"","ast-hfb-below-header-display":"","ast-hfb-mobile-header-display":"","site-post-title":"","ast-breadcrumbs-content":"","ast-featured-img":"","footer-sml-layout":"","ast-disable-related-posts":"","theme-transparent-header-meta":"default","adv-header-id-meta":"","stick-header-meta":"","header-above-stick-meta":"","header-main-stick-meta":"","header-below-stick-meta":"","astra-migrate-meta-layouts":"default","ast-page-background-enabled":"default","ast-page-background-meta":{"desktop":{"background-color":"var(--ast-global-color-4)","background-image":"","background-repeat":"repeat","background-position":"center center","background-size":"auto","background-attachment":"scroll","background-type":"","background-media":"","overlay-type":"","overlay-color":"","overlay-opacity":"","overlay-gradient":""},"tablet":{"background-color":"","background-image":"","background-repeat":"repeat","background-position":"center center","background-size":"auto","background-attachment":"scroll","background-type":"","background-media":"","overlay-type":"","overlay-color":"","overlay-opacity":"","overlay-gradient":""},"mobile":{"background-color":"","background-image":"","background-repeat":"repeat","background-position":"center center","background-size":"auto","background-attachment":"scroll","background-type":"","background-media":"","overlay-type":"","overlay-color":"","overlay-opacity":"","overlay-gradient":""}},"ast-content-background-meta":{"desktop":{"background-color":"var(--ast-global-color-5)","background-image":"","background-repeat":"repeat","background-position":"center center","background-size":"auto","background-attachment":"scroll","background-type":"","background-media":"","overlay-type":"","overlay-color":"","overlay-opacity":"","overlay-gradient":""},"tablet":{"background-color":"var(--ast-global-color-5)","background-image":"","background-repeat":"repeat","background-position":"center center","background-size":"auto","background-attachment":"scroll","background-type":"","background-media":"","overlay-type":"","overlay-color":"","overlay-opacity":"","overlay-gradient":""},"mobile":{"background-color":"var(--ast-global-color-5)","background-image":"","background-repeat":"repeat","background-position":"center center","background-size":"auto","background-attachment":"scroll","background-type":"","background-media":"","overlay-type":"","overlay-color":"","overlay-opacity":"","overlay-gradient":""}}},"product_brand":[1121],"product_cat":[257],"product_tag":[104],"class_list":{"0":"post-7545","1":"product","2":"type-product","3":"status-publish","4":"has-post-thumbnail","6":"product_brand-baena","7":"product_cat-baena-fr","8":"product_tag-cordoue","9":"desktop-align-left","10":"tablet-align-left","11":"mobile-align-left","13":"first","14":"instock","15":"taxable","16":"shipping-taxable","17":"purchasable","18":"product-type-simple"},"_links":{"self":[{"href":"https:\/\/andalubox.com\/fr\/wp-json\/wp\/v2\/product\/7545","targetHints":{"allow":["GET"]}}],"collection":[{"href":"https:\/\/andalubox.com\/fr\/wp-json\/wp\/v2\/product"}],"about":[{"href":"https:\/\/andalubox.com\/fr\/wp-json\/wp\/v2\/types\/product"}],"replies":[{"embeddable":true,"href":"https:\/\/andalubox.com\/fr\/wp-json\/wp\/v2\/comments?post=7545"}],"wp:featuredmedia":[{"embeddable":true,"href":"https:\/\/andalubox.com\/fr\/wp-json\/wp\/v2\/media\/6467"}],"wp:attachment":[{"href":"https:\/\/andalubox.com\/fr\/wp-json\/wp\/v2\/media?parent=7545"}],"wp:term":[{"taxonomy":"product_brand","embeddable":true,"href":"https:\/\/andalubox.com\/fr\/wp-json\/wp\/v2\/product_brand?post=7545"},{"taxonomy":"product_cat","embeddable":true,"href":"https:\/\/andalubox.com\/fr\/wp-json\/wp\/v2\/product_cat?post=7545"},{"taxonomy":"product_tag","embeddable":true,"href":"https:\/\/andalubox.com\/fr\/wp-json\/wp\/v2\/product_tag?post=7545"}],"curies":[{"name":"wp","href":"https:\/\/api.w.org\/{rel}","templated":true}]}}