{"id":7537,"date":"2022-10-26T13:03:01","date_gmt":"2022-10-26T11:03:01","guid":{"rendered":"https:\/\/andalubox.com\/producto-andaluz\/la-tarifena-filets-de-caballa-de-andalucia-a-lhuile-de-tournesol-237gr\/"},"modified":"2025-07-22T16:45:19","modified_gmt":"2025-07-22T14:45:19","slug":"la-tarifena-filetes-de-caballa-de-andalucia-in-sunflower-oil-237gr","status":"publish","type":"product","link":"https:\/\/andalubox.com\/fr\/producto-andaluz\/la-tarifena-filetes-de-caballa-de-andalucia-in-sunflower-oil-237gr\/","title":{"rendered":"La Tarife\u00f1a Filets de maquereau andalous \u00e0 l&#8217;huile de tournesol, 237g"},"content":{"rendered":"<p>La Tarife\u00f1a Filets de maquereau andalous \u00e0 l&#8217;huile de tournesol, 237g.<\/p>\n<p>Les filets de maquereau La Tarife\u00f1a sont un produit artisanal de grande qualit\u00e9 \u00e9labor\u00e9 par la Conservera de Tarifa, l&#8217;une des conserveries les plus traditionnelles de Cadix, en Espagne, avec plus d&#8217;un si\u00e8cle d&#8217;histoire. Ces conserves, prot\u00e9g\u00e9es par l&#8217;appellation d&#8217;origine sp\u00e9cifique &#8220;Caballa de Andaluc\u00eda&#8221;, sont \u00e9labor\u00e9es \u00e0 partir de maquereaux (Scomber japonicus ou Scomber colias) captur\u00e9s par les flottes andalouses au large des c\u00f4tes du d\u00e9troit de Gibraltar. Principales caract\u00e9ristiques:\u00c9laboration traditionnelle : les filets sont nettoy\u00e9s et \u00e9gren\u00e9s \u00e0 la main, ce qui garantit un produit de qualit\u00e9 sup\u00e9rieure sans processus chimiques ni conservateurs.  <br>Liquide de nappage : disponible dans l&#8217;huile de tournesol (saveur plus douce qui fait ressortir le go\u00fbt naturel du poisson) ou dans l&#8217;huile d&#8217;olive (fournit de l&#8217;acide ol\u00e9ique, b\u00e9n\u00e9fique pour la sant\u00e9).<br>Formats : Ils sont commercialis\u00e9s dans des bo\u00eetes ou des bocaux en verre de diff\u00e9rentes tailles, telles que 120 g, 237 g, 525 g, 975 g, voire 1770 g (poids net), id\u00e9ales pour la consommation familiale, les tapas, les salades ou les cadeaux.<br>Propri\u00e9t\u00e9s nutritionnelles : Le maquereau est un poisson gras riche en acides gras om\u00e9ga-3 (EPA et DHA), b\u00e9n\u00e9fiques pour le syst\u00e8me cardiovasculaire, qui contient des vitamines (D et E) et des min\u00e9raux (magn\u00e9sium, fer, potassium, s\u00e9l\u00e9nium).<br>Go\u00fbt et texture : filets blanc gris\u00e2tre, texture lisse, compacte et juteuse, avec un go\u00fbt caract\u00e9ristique de poisson gras.<br>Certification : Produit r\u00e9glement\u00e9 par le Conseil r\u00e9gulateur du maquereau andalou, garantissant son origine et sa qualit\u00e9.<br>Utilisations culinaires:Parfait pour les tapas (par exemple, sur un toast avec du poivre grill\u00e9), les salades, les sandwichs ou des recettes plus \u00e9labor\u00e9es, telles que l&#8217;escalivada avec du maquereau et des \u0153ufs de caille.<\/p>","protected":false},"excerpt":{"rendered":"<p>La Tarife\u00f1a Filets de maquereau andalous \u00e0 l&#8217;huile de tournesol, 237g. Pour l&#8217;exportation dans toute l&#8217;Europe. <\/p>\n","protected":false},"featured_media":6500,"comment_status":"closed","ping_status":"closed","template":"","meta":{"site-sidebar-layout":"default","site-content-layout":"default","ast-site-content-layout":"default","site-content-style":"default","site-sidebar-style":"default","ast-global-header-display":"","ast-banner-title-visibility":"","ast-main-header-display":"","ast-hfb-above-header-display":"","ast-hfb-below-header-display":"","ast-hfb-mobile-header-display":"","site-post-title":"","ast-breadcrumbs-content":"","ast-featured-img":"","footer-sml-layout":"","ast-disable-related-posts":"","theme-transparent-header-meta":"default","adv-header-id-meta":"","stick-header-meta":"","header-above-stick-meta":"","header-main-stick-meta":"","header-below-stick-meta":"","astra-migrate-meta-layouts":"default","ast-page-background-enabled":"default","ast-page-background-meta":{"desktop":{"background-color":"var(--ast-global-color-4)","background-image":"","background-repeat":"repeat","background-position":"center center","background-size":"auto","background-attachment":"scroll","background-type":"","background-media":"","overlay-type":"","overlay-color":"","overlay-opacity":"","overlay-gradient":""},"tablet":{"background-color":"","background-image":"","background-repeat":"repeat","background-position":"center center","background-size":"auto","background-attachment":"scroll","background-type":"","background-media":"","overlay-type":"","overlay-color":"","overlay-opacity":"","overlay-gradient":""},"mobile":{"background-color":"","background-image":"","background-repeat":"repeat","background-position":"center center","background-size":"auto","background-attachment":"scroll","background-type":"","background-media":"","overlay-type":"","overlay-color":"","overlay-opacity":"","overlay-gradient":""}},"ast-content-background-meta":{"desktop":{"background-color":"var(--ast-global-color-5)","background-image":"","background-repeat":"repeat","background-position":"center center","background-size":"auto","background-attachment":"scroll","background-type":"","background-media":"","overlay-type":"","overlay-color":"","overlay-opacity":"","overlay-gradient":""},"tablet":{"background-color":"var(--ast-global-color-5)","background-image":"","background-repeat":"repeat","background-position":"center center","background-size":"auto","background-attachment":"scroll","background-type":"","background-media":"","overlay-type":"","overlay-color":"","overlay-opacity":"","overlay-gradient":""},"mobile":{"background-color":"var(--ast-global-color-5)","background-image":"","background-repeat":"repeat","background-position":"center center","background-size":"auto","background-attachment":"scroll","background-type":"","background-media":"","overlay-type":"","overlay-color":"","overlay-opacity":"","overlay-gradient":""}}},"product_brand":[1159],"product_cat":[269],"product_tag":[132],"class_list":{"0":"post-7537","1":"product","2":"type-product","3":"status-publish","4":"has-post-thumbnail","6":"product_brand-la-tarifena","7":"product_cat-maquereau","8":"product_tag-cadix","9":"desktop-align-left","10":"tablet-align-left","11":"mobile-align-left","13":"first","14":"instock","15":"taxable","16":"shipping-taxable","17":"purchasable","18":"product-type-simple"},"_links":{"self":[{"href":"https:\/\/andalubox.com\/fr\/wp-json\/wp\/v2\/product\/7537","targetHints":{"allow":["GET"]}}],"collection":[{"href":"https:\/\/andalubox.com\/fr\/wp-json\/wp\/v2\/product"}],"about":[{"href":"https:\/\/andalubox.com\/fr\/wp-json\/wp\/v2\/types\/product"}],"replies":[{"embeddable":true,"href":"https:\/\/andalubox.com\/fr\/wp-json\/wp\/v2\/comments?post=7537"}],"wp:featuredmedia":[{"embeddable":true,"href":"https:\/\/andalubox.com\/fr\/wp-json\/wp\/v2\/media\/6500"}],"wp:attachment":[{"href":"https:\/\/andalubox.com\/fr\/wp-json\/wp\/v2\/media?parent=7537"}],"wp:term":[{"taxonomy":"product_brand","embeddable":true,"href":"https:\/\/andalubox.com\/fr\/wp-json\/wp\/v2\/product_brand?post=7537"},{"taxonomy":"product_cat","embeddable":true,"href":"https:\/\/andalubox.com\/fr\/wp-json\/wp\/v2\/product_cat?post=7537"},{"taxonomy":"product_tag","embeddable":true,"href":"https:\/\/andalubox.com\/fr\/wp-json\/wp\/v2\/product_tag?post=7537"}],"curies":[{"name":"wp","href":"https:\/\/api.w.org\/{rel}","templated":true}]}}