{"id":7531,"date":"2022-10-26T13:03:01","date_gmt":"2022-10-26T11:03:01","guid":{"rendered":"https:\/\/andalubox.com\/producto-andaluz\/thon-tejero-dalmadraba-del-principe-al-natural-pack-3-x-80gr\/"},"modified":"2026-01-28T11:33:08","modified_gmt":"2026-01-28T10:33:08","slug":"tejero-atun-de-almadraba-del-principe-dans-lhuile-dolive-pack-3-x-80-gr-2","status":"publish","type":"product","link":"https:\/\/andalubox.com\/fr\/producto-andaluz\/tejero-atun-de-almadraba-del-principe-dans-lhuile-dolive-pack-3-x-80-gr-2\/","title":{"rendered":"Thon Thon d&#8217;Almadraba NATUREL p-3&#215;80 gr"},"content":{"rendered":"<p>Thon Thon d&#8217;Almadraba NATUREL p-3&#215;80 gr<\/p>\n<p>Le Tejero At\u00fan de Almadraba al Natural est une conserve de thon de haute qualit\u00e9 de l&#8217;Uni\u00f3n Salazonera Isle\u00f1a S.A. (USISA), bas\u00e9e \u00e0 Isla Cristina, Huelva, Espagne. Il est fabriqu\u00e9 \u00e0 partir de thon Almadraba, une m\u00e9thode traditionnelle qui garantit une qualit\u00e9 sup\u00e9rieure. Le thon est conserv\u00e9 dans l&#8217;eau et la saumure, sans conservateurs ni additifs suppl\u00e9mentaires, ce qui renforce sa saveur naturelle et ses avantages nutritionnels. Principaux d\u00e9tails : Ingr\u00e9dients : Thon, eau et sel.<br>Avantages nutritionnels : Riche en prot\u00e9ines de haute qualit\u00e9, en acides gras om\u00e9ga-3 (b\u00e9n\u00e9fiques pour la sant\u00e9 cardiovasculaire et c\u00e9r\u00e9brale), en vitamines essentielles (B12, D) et en min\u00e9raux (s\u00e9l\u00e9nium, phosphore, magn\u00e9sium).<br>Conditionnement : G\u00e9n\u00e9ralement disponible en 3 x 80g (poids net 240g, poids \u00e9goutt\u00e9 156g) ou en 3 x 52g. Production : Le thon est transform\u00e9 imm\u00e9diatement apr\u00e8s le ronqueo traditionnel (d\u00e9coupage \u00e0 la main) du thon frais, ce qui garantit sa fra\u00eecheur et sa qualit\u00e9. Le processus artisanal comprend la fermeture herm\u00e9tique et la st\u00e9rilisation en autoclave pour obtenir un produit st\u00e9rile et durable.<br>Go\u00fbt et utilisation : Connu pour sa saveur douce et naturelle, id\u00e9al pour les salades, les sandwichs ou les plats l\u00e9gers.     <\/p>\n<p>thon almadraba<\/p>","protected":false},"excerpt":{"rendered":"<p>Tuna Tuna from Almadraba AL NATURAL p-3&#215;80 gr, exp\u00e9ditions vers TOUTE L&#8217;EUROPE.<\/p>\n","protected":false},"featured_media":6494,"comment_status":"closed","ping_status":"closed","template":"","meta":{"site-sidebar-layout":"default","site-content-layout":"default","ast-site-content-layout":"default","site-content-style":"default","site-sidebar-style":"default","ast-global-header-display":"","ast-banner-title-visibility":"","ast-main-header-display":"","ast-hfb-above-header-display":"","ast-hfb-below-header-display":"","ast-hfb-mobile-header-display":"","site-post-title":"","ast-breadcrumbs-content":"","ast-featured-img":"","footer-sml-layout":"","ast-disable-related-posts":"","theme-transparent-header-meta":"default","adv-header-id-meta":"","stick-header-meta":"","header-above-stick-meta":"","header-main-stick-meta":"","header-below-stick-meta":"","astra-migrate-meta-layouts":"default","ast-page-background-enabled":"default","ast-page-background-meta":{"desktop":{"background-color":"var(--ast-global-color-4)","background-image":"","background-repeat":"repeat","background-position":"center center","background-size":"auto","background-attachment":"scroll","background-type":"","background-media":"","overlay-type":"","overlay-color":"","overlay-opacity":"","overlay-gradient":""},"tablet":{"background-color":"","background-image":"","background-repeat":"repeat","background-position":"center center","background-size":"auto","background-attachment":"scroll","background-type":"","background-media":"","overlay-type":"","overlay-color":"","overlay-opacity":"","overlay-gradient":""},"mobile":{"background-color":"","background-image":"","background-repeat":"repeat","background-position":"center center","background-size":"auto","background-attachment":"scroll","background-type":"","background-media":"","overlay-type":"","overlay-color":"","overlay-opacity":"","overlay-gradient":""}},"ast-content-background-meta":{"desktop":{"background-color":"var(--ast-global-color-5)","background-image":"","background-repeat":"repeat","background-position":"center center","background-size":"auto","background-attachment":"scroll","background-type":"","background-media":"","overlay-type":"","overlay-color":"","overlay-opacity":"","overlay-gradient":""},"tablet":{"background-color":"var(--ast-global-color-5)","background-image":"","background-repeat":"repeat","background-position":"center center","background-size":"auto","background-attachment":"scroll","background-type":"","background-media":"","overlay-type":"","overlay-color":"","overlay-opacity":"","overlay-gradient":""},"mobile":{"background-color":"var(--ast-global-color-5)","background-image":"","background-repeat":"repeat","background-position":"center center","background-size":"auto","background-attachment":"scroll","background-type":"","background-media":"","overlay-type":"","overlay-color":"","overlay-opacity":"","overlay-gradient":""}}},"product_brand":[1088],"product_cat":[267],"product_tag":[],"class_list":{"0":"post-7531","1":"product","2":"type-product","3":"status-publish","4":"has-post-thumbnail","6":"product_brand-tejero","7":"product_cat-thon","8":"desktop-align-left","9":"tablet-align-left","10":"mobile-align-left","12":"first","13":"instock","14":"taxable","15":"shipping-taxable","16":"purchasable","17":"product-type-simple"},"_links":{"self":[{"href":"https:\/\/andalubox.com\/fr\/wp-json\/wp\/v2\/product\/7531","targetHints":{"allow":["GET"]}}],"collection":[{"href":"https:\/\/andalubox.com\/fr\/wp-json\/wp\/v2\/product"}],"about":[{"href":"https:\/\/andalubox.com\/fr\/wp-json\/wp\/v2\/types\/product"}],"replies":[{"embeddable":true,"href":"https:\/\/andalubox.com\/fr\/wp-json\/wp\/v2\/comments?post=7531"}],"wp:featuredmedia":[{"embeddable":true,"href":"https:\/\/andalubox.com\/fr\/wp-json\/wp\/v2\/media\/6494"}],"wp:attachment":[{"href":"https:\/\/andalubox.com\/fr\/wp-json\/wp\/v2\/media?parent=7531"}],"wp:term":[{"taxonomy":"product_brand","embeddable":true,"href":"https:\/\/andalubox.com\/fr\/wp-json\/wp\/v2\/product_brand?post=7531"},{"taxonomy":"product_cat","embeddable":true,"href":"https:\/\/andalubox.com\/fr\/wp-json\/wp\/v2\/product_cat?post=7531"},{"taxonomy":"product_tag","embeddable":true,"href":"https:\/\/andalubox.com\/fr\/wp-json\/wp\/v2\/product_tag?post=7531"}],"curies":[{"name":"wp","href":"https:\/\/api.w.org\/{rel}","templated":true}]}}