{"id":32255,"date":"2026-02-25T22:13:06","date_gmt":"2026-02-25T21:13:06","guid":{"rendered":"https:\/\/andalubox.com\/producto-andaluz\/faustino-riveiro-reserva-utiel-requena-75-cl\/"},"modified":"2026-02-26T12:39:34","modified_gmt":"2026-02-26T11:39:34","slug":"faustino-riveiro-reserva-utiel-requena-75-cl","status":"publish","type":"product","link":"https:\/\/andalubox.com\/fr\/producto-andaluz\/faustino-riveiro-reserva-utiel-requena-75-cl\/","title":{"rendered":"FAUSTINO RIVEIRO RESERVA UTIEL REQUENA 75 CL"},"content":{"rendered":"<p>FAUSTINO RIVEIRO RESERVA UTIEL REQUENA 75 CL.<\/p>\r\n<p>Faustino Rivero Ulecia Reserva Utiel-Requena 75 cl es un vino tinto reserva de la Denominaci\u00f3n de Origen (D.O.) Utiel-Requena, en la regi\u00f3n de Valencia (Espa\u00f1a), elaborado por Bodegas Faustino Rivero Ulecia (parte de la familia Marqueses del Atrio).<\/p>\r\n<p>Se trata de un coupage principalmente de Bobal (variedad aut\u00f3ctona dominante) y Tempranillo, que da como resultado un vino equilibrado, con cuerpo, aterciopelado y redondo. Es una opci\u00f3n de gran relaci\u00f3n calidad-precio, con buena estructura y notas tostadas de la crianza en barrica.<\/p>\r\n<ul>\r\n\t<li>Graduaci\u00f3n alcoh\u00f3lica: 13% vol.<\/li>\r\n\t<li>Vista: Color rojo rub\u00ed con reflejos viol\u00e1ceos y rojizos.<\/li>\r\n\t<li>Nariz: Notas de fruta madura (ciruela negra, cerezas oscuras asadas), toques de tostado (roble, vainilla), especias (clavo, t\u00e9 negro) y matices bals\u00e1micos o de cuero.<\/li>\r\n\t<li>Boca: Buen cuerpo, taninos firmes pero bien integrados, aterciopelado, redondo y equilibrado. Final agradable con recuerdos de fruta y especias.<\/li>\r\n\t<li>Crianza: Cumple los requisitos de Reserva en esta D.O. (m\u00ednimo tiempo en barrica y botella), lo que aporta complejidad sin perder frescura frutal.<\/li>\r\n<\/ul>\r\n<p>Ha recibido reconocimientos como medalla de plata en concursos internacionales (ej. Concours Mondial de Bruxelles 2024 para la a\u00f1ada 2019, con 90 puntos en algunas valoraciones).<\/p>\r\n<p>Temperatura ideal: 16-18 \u00b0C.<br \/>\r\nMaridaje: Carnes a la parrilla, estofados, guisos, quesos curados, embutidos o incluso platos con salm\u00f3n ahumado (seg\u00fan experiencias de usuarios).<\/p>\r\n<p>Andalubox apuesta y exporta Faustino Riveir Utiel Requena a TODA EUROPA.<\/p>\r\n<p>FAUSTINO RIVEIRO RESERVA UTIEL REQUENA 75 CL<\/p>","protected":false},"excerpt":{"rendered":"<p>FAUSTINO RIVEIRO RESERVA UTIEL REQUENA 75 CL. Exportaci\u00f3n a TODA EUROPA.<\/p>\n","protected":false},"featured_media":32176,"comment_status":"open","ping_status":"closed","template":"","meta":{"site-sidebar-layout":"default","site-content-layout":"","ast-site-content-layout":"default","site-content-style":"default","site-sidebar-style":"default","ast-global-header-display":"","ast-banner-title-visibility":"","ast-main-header-display":"","ast-hfb-above-header-display":"","ast-hfb-below-header-display":"","ast-hfb-mobile-header-display":"","site-post-title":"","ast-breadcrumbs-content":"","ast-featured-img":"","footer-sml-layout":"","ast-disable-related-posts":"","theme-transparent-header-meta":"default","adv-header-id-meta":"","stick-header-meta":"","header-above-stick-meta":"","header-main-stick-meta":"","header-below-stick-meta":"","astra-migrate-meta-layouts":"set","ast-page-background-enabled":"default","ast-page-background-meta":{"desktop":{"background-color":"var(--ast-global-color-4)","background-image":"","background-repeat":"repeat","background-position":"center center","background-size":"auto","background-attachment":"scroll","background-type":"","background-media":"","overlay-type":"","overlay-color":"","overlay-opacity":"","overlay-gradient":""},"tablet":{"background-color":"","background-image":"","background-repeat":"repeat","background-position":"center center","background-size":"auto","background-attachment":"scroll","background-type":"","background-media":"","overlay-type":"","overlay-color":"","overlay-opacity":"","overlay-gradient":""},"mobile":{"background-color":"","background-image":"","background-repeat":"repeat","background-position":"center center","background-size":"auto","background-attachment":"scroll","background-type":"","background-media":"","overlay-type":"","overlay-color":"","overlay-opacity":"","overlay-gradient":""}},"ast-content-background-meta":{"desktop":{"background-color":"var(--ast-global-color-5)","background-image":"","background-repeat":"repeat","background-position":"center center","background-size":"auto","background-attachment":"scroll","background-type":"","background-media":"","overlay-type":"","overlay-color":"","overlay-opacity":"","overlay-gradient":""},"tablet":{"background-color":"var(--ast-global-color-5)","background-image":"","background-repeat":"repeat","background-position":"center center","background-size":"auto","background-attachment":"scroll","background-type":"","background-media":"","overlay-type":"","overlay-color":"","overlay-opacity":"","overlay-gradient":""},"mobile":{"background-color":"var(--ast-global-color-5)","background-image":"","background-repeat":"repeat","background-position":"center center","background-size":"auto","background-attachment":"scroll","background-type":"","background-media":"","overlay-type":"","overlay-color":"","overlay-opacity":"","overlay-gradient":""}}},"product_brand":[],"product_cat":[294,291],"product_tag":[],"class_list":{"0":"post-32255","1":"product","2":"type-product","3":"status-publish","4":"has-post-thumbnail","6":"product_cat-vin-rouge","7":"product_cat-vinoteca-fr","8":"desktop-align-left","9":"tablet-align-left","10":"mobile-align-left","12":"first","13":"outofstock","14":"taxable","15":"shipping-taxable","16":"purchasable","17":"product-type-simple"},"_links":{"self":[{"href":"https:\/\/andalubox.com\/fr\/wp-json\/wp\/v2\/product\/32255","targetHints":{"allow":["GET"]}}],"collection":[{"href":"https:\/\/andalubox.com\/fr\/wp-json\/wp\/v2\/product"}],"about":[{"href":"https:\/\/andalubox.com\/fr\/wp-json\/wp\/v2\/types\/product"}],"replies":[{"embeddable":true,"href":"https:\/\/andalubox.com\/fr\/wp-json\/wp\/v2\/comments?post=32255"}],"wp:featuredmedia":[{"embeddable":true,"href":"https:\/\/andalubox.com\/fr\/wp-json\/wp\/v2\/media\/32176"}],"wp:attachment":[{"href":"https:\/\/andalubox.com\/fr\/wp-json\/wp\/v2\/media?parent=32255"}],"wp:term":[{"taxonomy":"product_brand","embeddable":true,"href":"https:\/\/andalubox.com\/fr\/wp-json\/wp\/v2\/product_brand?post=32255"},{"taxonomy":"product_cat","embeddable":true,"href":"https:\/\/andalubox.com\/fr\/wp-json\/wp\/v2\/product_cat?post=32255"},{"taxonomy":"product_tag","embeddable":true,"href":"https:\/\/andalubox.com\/fr\/wp-json\/wp\/v2\/product_tag?post=32255"}],"curies":[{"name":"wp","href":"https:\/\/api.w.org\/{rel}","templated":true}]}}