{"id":26373,"date":"2025-09-23T16:13:59","date_gmt":"2025-09-23T14:13:59","guid":{"rendered":"https:\/\/andalubox.com\/producto-andaluz\/moules-geantes-de-balea-en-sauce-saumuree-12-15-pieces-ro-280\/"},"modified":"2025-09-23T16:13:59","modified_gmt":"2025-09-23T14:13:59","slug":"moules-geantes-de-balea-en-sauce-saumuree-12-15-pieces-ro-280","status":"publish","type":"product","link":"https:\/\/andalubox.com\/fr\/produit-andalou\/moules-geantes-de-balea-en-sauce-saumuree-12-15-pieces-ro-280\/","title":{"rendered":"Moules g\u00e9antes de Bal\u00e9a en sauce saumur\u00e9e 12\/15 pi\u00e8ces RO-280"},"content":{"rendered":"<p>Les <b>moules g\u00e9antes de<\/b> <b>Balea<\/b> <b>en sauce saumur\u00e9e<\/b> sont un produit en conserve de haute qualit\u00e9 qui se distingue par la taille des moules et la tradition de leur pr\u00e9paration. La bo\u00eete, dont la r\u00e9f\u00e9rence est <b>RO-280<\/b>, contient entre <b>12 et 15 morceaux de<\/b> moules de gros calibre. <\/p>\n<p>L&#8217;escab\u00e8che est une marinade espagnole classique, connue pour sa saveur acide et \u00e9pic\u00e9e. Elle est compos\u00e9e d&#8217;huile v\u00e9g\u00e9tale, de vinaigre de vin, de paprika, de sel et d&#8217;\u00e9pices telles que des grains de poivre et des feuilles de laurier. Cette combinaison d&#8217;ingr\u00e9dients permet non seulement de conserver les coquillages, mais aussi de leur donner une saveur particuli\u00e8re qui \u00e9quilibre la douceur naturelle des moules.  <\/p>\n<h3>Caract\u00e9ristiques principales<\/h3>\n<ul>\n\t<li>\n<p><b>Type de coquillage<\/b>: Moules de gros calibre, s\u00e9lectionn\u00e9es pour leur taille et leur texture.<\/p>\n<\/li>\n\t<li>\n<p><b>Sauce<\/b>: Escabeche, un m\u00e9lange de vinaigre, d&#8217;huile et d&#8217;\u00e9pices qui offre une saveur puissante et \u00e9quilibr\u00e9e.<\/p>\n<\/li>\n\t<li>\n<p><b>Format<\/b>: Tin avec la r\u00e9f\u00e9rence RO-280, un grand format id\u00e9al pour le partage.<\/p>\n<\/li>\n\t<li>\n<p><b>Utilisations culinaires<\/b>: Parfait \u00e0 l&#8217;ap\u00e9ritif, seul ou avec du pain, ou comme ingr\u00e9dient dans les salades et les plats d&#8217;accompagnement.<\/p>\n<\/li>\n<\/ul>\n<h3>Valeur nutritionnelle<\/h3>\n<p>Les moules sont une excellente source de nutriments :<\/p>\n<ul>\n\t<li>\n<p><b>Prot\u00e9ines<\/b>: elles sont tr\u00e8s riches en prot\u00e9ines de haute qualit\u00e9.<\/p>\n<\/li>\n\t<li>\n<p><b>Vitamines et min\u00e9raux<\/b>: Ils fournissent des vitamines B (en particulier la B12), ainsi que du fer, de l&#8217;iode et du s\u00e9l\u00e9nium.<\/p>\n<\/li>\n\t<li>\n<p><b>Graisses<\/b>: Ils sont pauvres en graisses satur\u00e9es. L&#8217;huile de la marinade fournit des graisses monoinsatur\u00e9es saines. <\/p>\n<\/li>\n<\/ul>","protected":false},"excerpt":{"rendered":"<p>Moules g\u00e9antes de Bal\u00e9a dans une sauce saumur\u00e9e 12\/15 pi\u00e8ces RO-280 MAINTENANT DANS TOUTE L&#8217;EUROPE !<\/p>\n","protected":false},"featured_media":31611,"comment_status":"open","ping_status":"closed","template":"","meta":{"site-sidebar-layout":"default","site-content-layout":"","ast-site-content-layout":"default","site-content-style":"default","site-sidebar-style":"default","ast-global-header-display":"","ast-banner-title-visibility":"","ast-main-header-display":"","ast-hfb-above-header-display":"","ast-hfb-below-header-display":"","ast-hfb-mobile-header-display":"","site-post-title":"","ast-breadcrumbs-content":"","ast-featured-img":"","footer-sml-layout":"","ast-disable-related-posts":"","theme-transparent-header-meta":"default","adv-header-id-meta":"","stick-header-meta":"","header-above-stick-meta":"","header-main-stick-meta":"","header-below-stick-meta":"","astra-migrate-meta-layouts":"default","ast-page-background-enabled":"default","ast-page-background-meta":{"desktop":{"background-color":"var(--ast-global-color-4)","background-image":"","background-repeat":"repeat","background-position":"center center","background-size":"auto","background-attachment":"scroll","background-type":"","background-media":"","overlay-type":"","overlay-color":"","overlay-opacity":"","overlay-gradient":""},"tablet":{"background-color":"","background-image":"","background-repeat":"repeat","background-position":"center center","background-size":"auto","background-attachment":"scroll","background-type":"","background-media":"","overlay-type":"","overlay-color":"","overlay-opacity":"","overlay-gradient":""},"mobile":{"background-color":"","background-image":"","background-repeat":"repeat","background-position":"center center","background-size":"auto","background-attachment":"scroll","background-type":"","background-media":"","overlay-type":"","overlay-color":"","overlay-opacity":"","overlay-gradient":""}},"ast-content-background-meta":{"desktop":{"background-color":"var(--ast-global-color-5)","background-image":"","background-repeat":"repeat","background-position":"center center","background-size":"auto","background-attachment":"scroll","background-type":"","background-media":"","overlay-type":"","overlay-color":"","overlay-opacity":"","overlay-gradient":""},"tablet":{"background-color":"var(--ast-global-color-5)","background-image":"","background-repeat":"repeat","background-position":"center center","background-size":"auto","background-attachment":"scroll","background-type":"","background-media":"","overlay-type":"","overlay-color":"","overlay-opacity":"","overlay-gradient":""},"mobile":{"background-color":"var(--ast-global-color-5)","background-image":"","background-repeat":"repeat","background-position":"center center","background-size":"auto","background-attachment":"scroll","background-type":"","background-media":"","overlay-type":"","overlay-color":"","overlay-opacity":"","overlay-gradient":""}}},"product_brand":[1134],"product_cat":[265],"product_tag":[],"class_list":{"0":"post-26373","1":"product","2":"type-product","3":"status-publish","4":"has-post-thumbnail","6":"product_brand-balea","7":"product_cat-moules-geantes","8":"desktop-align-left","9":"tablet-align-left","10":"mobile-align-left","12":"first","13":"instock","14":"taxable","15":"shipping-taxable","16":"purchasable","17":"product-type-simple"},"_links":{"self":[{"href":"https:\/\/andalubox.com\/fr\/wp-json\/wp\/v2\/product\/26373","targetHints":{"allow":["GET"]}}],"collection":[{"href":"https:\/\/andalubox.com\/fr\/wp-json\/wp\/v2\/product"}],"about":[{"href":"https:\/\/andalubox.com\/fr\/wp-json\/wp\/v2\/types\/product"}],"replies":[{"embeddable":true,"href":"https:\/\/andalubox.com\/fr\/wp-json\/wp\/v2\/comments?post=26373"}],"wp:featuredmedia":[{"embeddable":true,"href":"https:\/\/andalubox.com\/fr\/wp-json\/wp\/v2\/media\/31611"}],"wp:attachment":[{"href":"https:\/\/andalubox.com\/fr\/wp-json\/wp\/v2\/media?parent=26373"}],"wp:term":[{"taxonomy":"product_brand","embeddable":true,"href":"https:\/\/andalubox.com\/fr\/wp-json\/wp\/v2\/product_brand?post=26373"},{"taxonomy":"product_cat","embeddable":true,"href":"https:\/\/andalubox.com\/fr\/wp-json\/wp\/v2\/product_cat?post=26373"},{"taxonomy":"product_tag","embeddable":true,"href":"https:\/\/andalubox.com\/fr\/wp-json\/wp\/v2\/product_tag?post=26373"}],"curies":[{"name":"wp","href":"https:\/\/api.w.org\/{rel}","templated":true}]}}