{"id":26326,"date":"2025-09-23T11:18:19","date_gmt":"2025-09-23T09:18:19","guid":{"rendered":"https:\/\/andalubox.com\/producto-andaluz\/balea-sardines-fumees-a-lhuile-dolive-avec-feuilles-de-laurier-6-8-pieces-rr-90\/"},"modified":"2025-09-23T11:18:19","modified_gmt":"2025-09-23T09:18:19","slug":"balea-sardines-fumees-a-lhuile-dolive-avec-feuilles-de-laurier-6-8-pieces-rr-90","status":"publish","type":"product","link":"https:\/\/andalubox.com\/fr\/producto-andaluz\/balea-sardines-fumees-a-lhuile-dolive-avec-feuilles-de-laurier-6-8-pieces-rr-90\/","title":{"rendered":"Balea Sardines fum\u00e9es \u00e0 l&#8217;huile d&#8217;olive avec feuilles de laurier 6\/8 pi\u00e8ces RR-90"},"content":{"rendered":"<h3>Balea Sardines fum\u00e9es \u00e0 l&#8217;huile d&#8217;olive avec feuilles de laurier, 6\/8 pi\u00e8ces RR-90<\/h3>\n<p>&nbsp;<\/p>\n<p>Les <b>sardines fum\u00e9es de<\/b> <b>Balea<\/b> sont une conserve gastronomique qui rehausse la saveur classique des sardines. Ce produit se distingue par son processus de fumage naturel et l&#8217;ajout de feuilles de laurier, ce qui lui conf\u00e8re un profil aromatique et gustatif tr\u00e8s particulier. <\/p>\n<hr>\n<p>&nbsp;<\/p>\n<h4>Caract\u00e9ristiques principales<\/h4>\n<p>&nbsp;<\/p>\n<ul>\n\t<li>\n<p><b>Produit :<\/b> Sardinillas (petites sardines) fum\u00e9es.<\/p>\n<\/li>\n\t<li>\n<p><b>Conditionnement :<\/b> Bo\u00eete de 90 g (RR-90), id\u00e9ale pour une ou deux portions.<\/p>\n<\/li>\n\t<li>\n<p><b>Ingr\u00e9dients :<\/b> Sardines, huile d&#8217;olive, sel et feuilles de laurier. Le processus de fumage est naturel et les feuilles de laurier ajoutent des notes aromatiques et une touche m\u00e9diterran\u00e9enne. <\/p>\n<\/li>\n\t<li>\n<p><b>Pi\u00e8ces :<\/b> La bo\u00eete contient 6 \u00e0 8 sardines, s\u00e9lectionn\u00e9es pour leur taille et leur fra\u00eecheur.<\/p>\n<\/li>\n\t<li>\n<p><b>Go\u00fbt et texture :<\/b> La sardine fum\u00e9e a un go\u00fbt intense, avec des notes de fum\u00e9e qui la rendent unique. La texture est douce et juteuse, et l&#8217;huile d&#8217;olive la conserve parfaitement, apportant une saveur fruit\u00e9e qui \u00e9quilibre le caract\u00e8re fum\u00e9. Les notes de laurier apportent une nuance herbac\u00e9e qui compl\u00e8te l&#8217;ensemble.  <\/p>\n<\/li>\n<\/ul>\n<hr>\n<p>&nbsp;<\/p>\n<h4>Accords avec les aliments et utilisations culinaires<\/h4>\n<p>&nbsp;<\/p>\n<p>Ce produit est un ingr\u00e9dient polyvalent qui peut \u00eatre la vedette d&#8217;une entr\u00e9e ou d&#8217;un plat plus \u00e9labor\u00e9.<\/p>\n<ul>\n\t<li>\n<p><b>Ap\u00e9ritif gourmand :<\/b> ils peuvent \u00eatre servis simplement sur une assiette, avec un peu de pain grill\u00e9, pour profiter de leur saveur unique. Un filet d&#8217;huile d&#8217;olive extra vierge et quelques paillettes de sel rehausseront encore leur saveur. <\/p>\n<\/li>\n\t<li>\n<p><b>Tapas :<\/b> Id\u00e9al pour les canap\u00e9s, les montaditos ou les toasts avec du poivron rouge r\u00f4ti, de la tomate naturelle r\u00e2p\u00e9e ou du fromage frais.<\/p>\n<\/li>\n\t<li>\n<p><b>Salades :<\/b> Un excellent ingr\u00e9dient pour les salades de p\u00e2tes, de pommes de terre ou de l\u00e9gumineuses, auxquelles il apportera une saveur diff\u00e9rente et sophistiqu\u00e9e.<\/p>\n<\/li>\n\t<li>\n<p><b>Plats chauds :<\/b> Ils peuvent \u00eatre utilis\u00e9s pour ajouter une touche sp\u00e9ciale aux plats de p\u00e2tes ou de riz, ou pour remplir des p\u00e2tisseries.<\/p>\n<\/li>\n<\/ul>\n<hr>\n<p>Ce produit est parfait pour ceux qui recherchent un produit en conserve avec une touche suppl\u00e9mentaire de saveur et de qualit\u00e9. Si vous aimez les sardines en conserve, cette version fum\u00e9e est une exp\u00e9rience gastronomique de plus. <\/p>","protected":false},"excerpt":{"rendered":"<p>Balea Sardinillas Sardines fum\u00e9es \u00e0 l&#8217;huile d&#8217;olive avec feuilles de laurier 6\/8 pi\u00e8ces RR-90 maintenant disponible dans toute l&#8217;Europe !<\/p>\n","protected":false},"featured_media":29928,"comment_status":"open","ping_status":"closed","template":"","meta":{"site-sidebar-layout":"default","site-content-layout":"","ast-site-content-layout":"default","site-content-style":"default","site-sidebar-style":"default","ast-global-header-display":"","ast-banner-title-visibility":"","ast-main-header-display":"","ast-hfb-above-header-display":"","ast-hfb-below-header-display":"","ast-hfb-mobile-header-display":"","site-post-title":"","ast-breadcrumbs-content":"","ast-featured-img":"","footer-sml-layout":"","ast-disable-related-posts":"","theme-transparent-header-meta":"default","adv-header-id-meta":"","stick-header-meta":"","header-above-stick-meta":"","header-main-stick-meta":"","header-below-stick-meta":"","astra-migrate-meta-layouts":"default","ast-page-background-enabled":"default","ast-page-background-meta":{"desktop":{"background-color":"var(--ast-global-color-4)","background-image":"","background-repeat":"repeat","background-position":"center center","background-size":"auto","background-attachment":"scroll","background-type":"","background-media":"","overlay-type":"","overlay-color":"","overlay-opacity":"","overlay-gradient":""},"tablet":{"background-color":"","background-image":"","background-repeat":"repeat","background-position":"center center","background-size":"auto","background-attachment":"scroll","background-type":"","background-media":"","overlay-type":"","overlay-color":"","overlay-opacity":"","overlay-gradient":""},"mobile":{"background-color":"","background-image":"","background-repeat":"repeat","background-position":"center center","background-size":"auto","background-attachment":"scroll","background-type":"","background-media":"","overlay-type":"","overlay-color":"","overlay-opacity":"","overlay-gradient":""}},"ast-content-background-meta":{"desktop":{"background-color":"var(--ast-global-color-5)","background-image":"","background-repeat":"repeat","background-position":"center center","background-size":"auto","background-attachment":"scroll","background-type":"","background-media":"","overlay-type":"","overlay-color":"","overlay-opacity":"","overlay-gradient":""},"tablet":{"background-color":"var(--ast-global-color-5)","background-image":"","background-repeat":"repeat","background-position":"center center","background-size":"auto","background-attachment":"scroll","background-type":"","background-media":"","overlay-type":"","overlay-color":"","overlay-opacity":"","overlay-gradient":""},"mobile":{"background-color":"var(--ast-global-color-5)","background-image":"","background-repeat":"repeat","background-position":"center center","background-size":"auto","background-attachment":"scroll","background-type":"","background-media":"","overlay-type":"","overlay-color":"","overlay-opacity":"","overlay-gradient":""}}},"product_brand":[],"product_cat":[275],"product_tag":[],"class_list":{"0":"post-26326","1":"product","2":"type-product","3":"status-publish","4":"has-post-thumbnail","6":"product_cat-sardines-fr","7":"desktop-align-left","8":"tablet-align-left","9":"mobile-align-left","11":"first","12":"instock","13":"taxable","14":"shipping-taxable","15":"purchasable","16":"product-type-simple"},"_links":{"self":[{"href":"https:\/\/andalubox.com\/fr\/wp-json\/wp\/v2\/product\/26326","targetHints":{"allow":["GET"]}}],"collection":[{"href":"https:\/\/andalubox.com\/fr\/wp-json\/wp\/v2\/product"}],"about":[{"href":"https:\/\/andalubox.com\/fr\/wp-json\/wp\/v2\/types\/product"}],"replies":[{"embeddable":true,"href":"https:\/\/andalubox.com\/fr\/wp-json\/wp\/v2\/comments?post=26326"}],"wp:featuredmedia":[{"embeddable":true,"href":"https:\/\/andalubox.com\/fr\/wp-json\/wp\/v2\/media\/29928"}],"wp:attachment":[{"href":"https:\/\/andalubox.com\/fr\/wp-json\/wp\/v2\/media?parent=26326"}],"wp:term":[{"taxonomy":"product_brand","embeddable":true,"href":"https:\/\/andalubox.com\/fr\/wp-json\/wp\/v2\/product_brand?post=26326"},{"taxonomy":"product_cat","embeddable":true,"href":"https:\/\/andalubox.com\/fr\/wp-json\/wp\/v2\/product_cat?post=26326"},{"taxonomy":"product_tag","embeddable":true,"href":"https:\/\/andalubox.com\/fr\/wp-json\/wp\/v2\/product_tag?post=26326"}],"curies":[{"name":"wp","href":"https:\/\/api.w.org\/{rel}","templated":true}]}}