{"id":25904,"date":"2025-09-09T12:44:15","date_gmt":"2025-09-09T10:44:15","guid":{"rendered":"https:\/\/andalubox.com\/producto-andaluz\/chicharrones-sevillanos-de-cerdo-tarrina-250-gr\/"},"modified":"2026-01-26T19:26:21","modified_gmt":"2026-01-26T18:26:21","slug":"chicharrones-sevillanos-de-cerdo-tarrina-250-gr","status":"publish","type":"product","link":"https:\/\/andalubox.com\/fr\/producto-andaluz\/chicharrones-sevillanos-de-cerdo-tarrina-250-gr\/","title":{"rendered":"Chicharrones Sevillanos de Cerdo Tarrina 250 GR"},"content":{"rendered":"<p>Chicharrones Sevillanos de Cerdo Tarrina 250 GR. Le prix au kilo est de 19.99\u20ac. <\/p>\n<p>SANS GLUTEN et SANS LACTOSE.<\/p>\n<p>Le chicharr\u00f3n frito andaluz est un plat traditionnel de la gastronomie andalouse, en Espagne, compos\u00e9 principalement de morceaux de graisse de porc et de viande de porc frits. Les ingr\u00e9dients de base sont les suivants : <\/p>\n<ul>\n\t<li>Poitrine de porc ou bacon : La partie principale, qui comprend la graisse et une partie de la viande, est coup\u00e9e en petits ou moyens morceaux.<\/li>\n\t<li>Sel : pour assaisonner la viande avant la friture.<\/li>\n\t<li>Huile d&#8217;olive (facultatif) : Dans certaines recettes, le porc est frit dans de l&#8217;huile d&#8217;olive extra vierge pour lui donner une saveur plus intense, bien que traditionnellement on utilise la graisse du porc qui fond pendant la cuisson.<\/li>\n\t<li>\u00c9pices (facultatif) : Dans certaines variantes, des \u00e9pices telles que le paprika, l&#8217;origan, l&#8217;ail ou le poivre sont ajout\u00e9es pour renforcer la saveur, bien que la recette plus traditionnelle soit g\u00e9n\u00e9ralement simple.<\/li>\n<\/ul>","protected":false},"excerpt":{"rendered":"<p>Chicharrones Sevillanos de Cerdo Tarrina 250 GR. Maintenant Chicharrones Sevillanos pour TOUTE L&#8217;ESPAGNE et TOUTE L&#8217;EUROPE. <\/p>\n","protected":false},"featured_media":25896,"template":"","meta":{"site-sidebar-layout":"default","site-content-layout":"","ast-site-content-layout":"default","site-content-style":"default","site-sidebar-style":"default","ast-global-header-display":"","ast-banner-title-visibility":"","ast-main-header-display":"","ast-hfb-above-header-display":"","ast-hfb-below-header-display":"","ast-hfb-mobile-header-display":"","site-post-title":"","ast-breadcrumbs-content":"","ast-featured-img":"","footer-sml-layout":"","ast-disable-related-posts":"","theme-transparent-header-meta":"default","adv-header-id-meta":"","stick-header-meta":"","header-above-stick-meta":"","header-main-stick-meta":"","header-below-stick-meta":"","astra-migrate-meta-layouts":"default","ast-page-background-enabled":"default","ast-page-background-meta":{"desktop":{"background-color":"var(--ast-global-color-4)","background-image":"","background-repeat":"repeat","background-position":"center center","background-size":"auto","background-attachment":"scroll","background-type":"","background-media":"","overlay-type":"","overlay-color":"","overlay-opacity":"","overlay-gradient":""},"tablet":{"background-color":"","background-image":"","background-repeat":"repeat","background-position":"center center","background-size":"auto","background-attachment":"scroll","background-type":"","background-media":"","overlay-type":"","overlay-color":"","overlay-opacity":"","overlay-gradient":""},"mobile":{"background-color":"","background-image":"","background-repeat":"repeat","background-position":"center center","background-size":"auto","background-attachment":"scroll","background-type":"","background-media":"","overlay-type":"","overlay-color":"","overlay-opacity":"","overlay-gradient":""}},"ast-content-background-meta":{"desktop":{"background-color":"var(--ast-global-color-5)","background-image":"","background-repeat":"repeat","background-position":"center center","background-size":"auto","background-attachment":"scroll","background-type":"","background-media":"","overlay-type":"","overlay-color":"","overlay-opacity":"","overlay-gradient":""},"tablet":{"background-color":"var(--ast-global-color-5)","background-image":"","background-repeat":"repeat","background-position":"center center","background-size":"auto","background-attachment":"scroll","background-type":"","background-media":"","overlay-type":"","overlay-color":"","overlay-opacity":"","overlay-gradient":""},"mobile":{"background-color":"var(--ast-global-color-5)","background-image":"","background-repeat":"repeat","background-position":"center center","background-size":"auto","background-attachment":"scroll","background-type":"","background-media":"","overlay-type":"","overlay-color":"","overlay-opacity":"","overlay-gradient":""}}},"product_brand":[1255],"product_cat":[306],"product_tag":[],"class_list":{"0":"post-25904","1":"product","2":"type-product","3":"status-publish","4":"has-post-thumbnail","6":"product_brand-dym","7":"product_cat-produits-iberiques","8":"desktop-align-left","9":"tablet-align-left","10":"mobile-align-left","12":"first","13":"outofstock","14":"taxable","15":"shipping-taxable","16":"purchasable","17":"product-type-simple"},"_links":{"self":[{"href":"https:\/\/andalubox.com\/fr\/wp-json\/wp\/v2\/product\/25904","targetHints":{"allow":["GET"]}}],"collection":[{"href":"https:\/\/andalubox.com\/fr\/wp-json\/wp\/v2\/product"}],"about":[{"href":"https:\/\/andalubox.com\/fr\/wp-json\/wp\/v2\/types\/product"}],"wp:featuredmedia":[{"embeddable":true,"href":"https:\/\/andalubox.com\/fr\/wp-json\/wp\/v2\/media\/25896"}],"wp:attachment":[{"href":"https:\/\/andalubox.com\/fr\/wp-json\/wp\/v2\/media?parent=25904"}],"wp:term":[{"taxonomy":"product_brand","embeddable":true,"href":"https:\/\/andalubox.com\/fr\/wp-json\/wp\/v2\/product_brand?post=25904"},{"taxonomy":"product_cat","embeddable":true,"href":"https:\/\/andalubox.com\/fr\/wp-json\/wp\/v2\/product_cat?post=25904"},{"taxonomy":"product_tag","embeddable":true,"href":"https:\/\/andalubox.com\/fr\/wp-json\/wp\/v2\/product_tag?post=25904"}],"curies":[{"name":"wp","href":"https:\/\/api.w.org\/{rel}","templated":true}]}}