{"id":25830,"date":"2025-09-08T17:57:14","date_gmt":"2025-09-08T15:57:14","guid":{"rendered":"https:\/\/andalubox.com\/producto-andaluz\/pesasur-filets-de-thon-rouge-a-lhuile-dolive-extra-vierge-ecologique-rr-125\/"},"modified":"2026-01-26T19:26:20","modified_gmt":"2026-01-26T18:26:20","slug":"pesasur-filets-de-thon-rouge-a-lhuile-dolive-extra-vierge-ecologique-rr-125","status":"publish","type":"product","link":"https:\/\/andalubox.com\/fr\/producto-andaluz\/pesasur-filets-de-thon-rouge-a-lhuile-dolive-extra-vierge-ecologique-rr-125\/","title":{"rendered":"Pesasur Filets de thon rouge \u00e0 l&#8217;huile d&#8217;olive extra vierge ECOLOGIQUE RR 125"},"content":{"rendered":"<p>Filets de Melva Pesasur \u00e0 l&#8217;huile d&#8217;olive extra vierge biologique RR 125, produits \u00e0 Ayamonte (Huelva).  LE R\u00c9GIME M\u00c9DITERRAN\u00c9EN.<\/p>\n<p>Les filets de Melva \u00e0 l&#8217;huile d&#8217;olive extra vierge biologique Pesasur RR-125 sont des filets de thon rouge d&#8217;Andalousie (un poisson similaire au maquereau) conserv\u00e9s dans de l&#8217;huile d&#8217;olive extra vierge biologique, produits par Pesasur, une entreprise bas\u00e9e \u00e0 Ayamonte, Huelva, Espagne.<\/p>\n<p>Ce produit b\u00e9n\u00e9ficie de la certification IGP (Indication G\u00e9ographique Prot\u00e9g\u00e9e) Melva de Andaluc\u00eda, qui garantit son authenticit\u00e9 r\u00e9gionale, et du label CAAE de production biologique.<\/p>\n<p>Ingr\u00e9dients : Melva (poisson), huile d&#8217;olive extra vierge biologique et sel.<\/p>\n<p>Conditionnement : g\u00e9n\u00e9ralement commercialis\u00e9 en bocaux de verre ou en bo\u00eetes de conserve, avec un poids net d&#8217;environ 120 g ou 195 g (selon le format). Le poids \u00e9goutt\u00e9 d&#8217;une bo\u00eete de 120 g est d&#8217;environ 80 g et celui d&#8217;un bocal de 195 g se situe entre 120 et 135 g.<br>Caract\u00e9ristiques : Couleur rose, texture onctueuse, ar\u00f4me agr\u00e9able et saveur distinctive. Id\u00e9ale seule avec son huile, dans les salades ou dans les vinaigrettes.<br>Informations nutritionnelles (pour 100 g, sur la base des donn\u00e9es disponibles) :  <\/p>\n<ul>\n\t<li>\u00c9nergie : ~808 kJ \/ 193 kcal<\/li>\n\t<li>Graisses : 8,2 g (dont satur\u00e9es : 1,3 g)<\/li>\n\t<li>Glucides : &lt;0,1 g (dont sucres : &lt;0,1 g)<\/li>\n\t<li>Prot\u00e9ines : ~29,7 g<\/li>\n\t<li>Sel : ~1,2 g<\/li>\n\t<li>Om\u00e9ga-3 : ~0,21 g<\/li>\n\t<li>Vitamine D : ~3,5 \u00b5g<\/li>\n<\/ul>\n<p>Production : Fabriqu\u00e9 \u00e0 la main par Pesasur, une entreprise ayant plus de 45 ans d&#8217;exp\u00e9rience dans la production de conserves de poisson, situ\u00e9e dans un village de p\u00eacheurs pr\u00e8s de la fronti\u00e8re entre l&#8217;Espagne et le Portugal.<\/p>\n<p>Ce produit est r\u00e9put\u00e9 pour sa qualit\u00e9 et sa certification biologique, ce qui en fait un choix de premier ordre pour les amateurs de fruits de mer.<\/p>","protected":false},"excerpt":{"rendered":"<p>Pesasur Filets de thon rouge \u00e0 l&#8217;huile d&#8217;olive extra vierge ECOLOGIQUE RR 125<\/p>\n","protected":false},"featured_media":31370,"comment_status":"open","ping_status":"closed","template":"","meta":{"site-sidebar-layout":"default","site-content-layout":"","ast-site-content-layout":"default","site-content-style":"default","site-sidebar-style":"default","ast-global-header-display":"","ast-banner-title-visibility":"","ast-main-header-display":"","ast-hfb-above-header-display":"","ast-hfb-below-header-display":"","ast-hfb-mobile-header-display":"","site-post-title":"","ast-breadcrumbs-content":"","ast-featured-img":"","footer-sml-layout":"","ast-disable-related-posts":"","theme-transparent-header-meta":"default","adv-header-id-meta":"","stick-header-meta":"","header-above-stick-meta":"","header-main-stick-meta":"","header-below-stick-meta":"","astra-migrate-meta-layouts":"default","ast-page-background-enabled":"default","ast-page-background-meta":{"desktop":{"background-color":"var(--ast-global-color-4)","background-image":"","background-repeat":"repeat","background-position":"center center","background-size":"auto","background-attachment":"scroll","background-type":"","background-media":"","overlay-type":"","overlay-color":"","overlay-opacity":"","overlay-gradient":""},"tablet":{"background-color":"","background-image":"","background-repeat":"repeat","background-position":"center center","background-size":"auto","background-attachment":"scroll","background-type":"","background-media":"","overlay-type":"","overlay-color":"","overlay-opacity":"","overlay-gradient":""},"mobile":{"background-color":"","background-image":"","background-repeat":"repeat","background-position":"center center","background-size":"auto","background-attachment":"scroll","background-type":"","background-media":"","overlay-type":"","overlay-color":"","overlay-opacity":"","overlay-gradient":""}},"ast-content-background-meta":{"desktop":{"background-color":"var(--ast-global-color-5)","background-image":"","background-repeat":"repeat","background-position":"center center","background-size":"auto","background-attachment":"scroll","background-type":"","background-media":"","overlay-type":"","overlay-color":"","overlay-opacity":"","overlay-gradient":""},"tablet":{"background-color":"var(--ast-global-color-5)","background-image":"","background-repeat":"repeat","background-position":"center center","background-size":"auto","background-attachment":"scroll","background-type":"","background-media":"","overlay-type":"","overlay-color":"","overlay-opacity":"","overlay-gradient":""},"mobile":{"background-color":"var(--ast-global-color-5)","background-image":"","background-repeat":"repeat","background-position":"center center","background-size":"auto","background-attachment":"scroll","background-type":"","background-media":"","overlay-type":"","overlay-color":"","overlay-opacity":"","overlay-gradient":""}}},"product_brand":[1148],"product_cat":[271],"product_tag":[],"class_list":{"0":"post-25830","1":"product","2":"type-product","3":"status-publish","4":"has-post-thumbnail","6":"product_brand-pesasur","7":"product_cat-thon-de-la-fregate-almadraba","8":"desktop-align-left","9":"tablet-align-left","10":"mobile-align-left","12":"first","13":"instock","14":"taxable","15":"shipping-taxable","16":"purchasable","17":"product-type-simple"},"_links":{"self":[{"href":"https:\/\/andalubox.com\/fr\/wp-json\/wp\/v2\/product\/25830","targetHints":{"allow":["GET"]}}],"collection":[{"href":"https:\/\/andalubox.com\/fr\/wp-json\/wp\/v2\/product"}],"about":[{"href":"https:\/\/andalubox.com\/fr\/wp-json\/wp\/v2\/types\/product"}],"replies":[{"embeddable":true,"href":"https:\/\/andalubox.com\/fr\/wp-json\/wp\/v2\/comments?post=25830"}],"wp:featuredmedia":[{"embeddable":true,"href":"https:\/\/andalubox.com\/fr\/wp-json\/wp\/v2\/media\/31370"}],"wp:attachment":[{"href":"https:\/\/andalubox.com\/fr\/wp-json\/wp\/v2\/media?parent=25830"}],"wp:term":[{"taxonomy":"product_brand","embeddable":true,"href":"https:\/\/andalubox.com\/fr\/wp-json\/wp\/v2\/product_brand?post=25830"},{"taxonomy":"product_cat","embeddable":true,"href":"https:\/\/andalubox.com\/fr\/wp-json\/wp\/v2\/product_cat?post=25830"},{"taxonomy":"product_tag","embeddable":true,"href":"https:\/\/andalubox.com\/fr\/wp-json\/wp\/v2\/product_tag?post=25830"}],"curies":[{"name":"wp","href":"https:\/\/api.w.org\/{rel}","templated":true}]}}