{"id":25819,"date":"2025-09-08T17:47:48","date_gmt":"2025-09-08T15:47:48","guid":{"rendered":"https:\/\/andalubox.com\/producto-andaluz\/playas-del-sur-filets-de-thon-rouge-a-lhuile-dolive-rr-125\/"},"modified":"2025-09-08T17:47:48","modified_gmt":"2025-09-08T15:47:48","slug":"playas-del-sur-filets-de-thon-rouge-a-lhuile-dolive-rr-125","status":"publish","type":"product","link":"https:\/\/andalubox.com\/fr\/producto-andaluz\/playas-del-sur-filets-de-thon-rouge-a-lhuile-dolive-rr-125\/","title":{"rendered":"Playas Del Sur Filets de thon rouge \u00e0 l&#8217;huile d&#8217;olive RR 125"},"content":{"rendered":"<p>Playas Del Sur Filets de thon rouge \u00e0 l&#8217;huile d&#8217;olive RR 125. LE R\u00c9GIME M\u00c9DITERRAN\u00c9EN.<\/p>\n<p>Les filets de canutera Playas del Sur Melva \u00e0 l&#8217;huile d&#8217;olive RR-125 sont des conserves de MELVA de premi\u00e8re qualit\u00e9 provenant d&#8217;Espagne, plus pr\u00e9cis\u00e9ment de la r\u00e9gion d&#8217;Andalousie.<\/p>\n<p>Le Melva Canutera est un type de maquereau (poisson \u00e0 dos bleu riche en om\u00e9ga-3) plus petit et plus d\u00e9licat que le maquereau commun, connu pour sa texture juteuse et tendre. Le format RR-125 indique un poids net de 120 grammes et un poids \u00e9goutt\u00e9 d&#8217;environ 78 grammes, conditionn\u00e9s dans de l&#8217;huile d&#8217;olive de haute qualit\u00e9. <\/p>\n<p>Cette confiture gourmande est fabriqu\u00e9e artisanalement sans conservateurs ni colorants artificiels, ce qui en fait un produit 100% naturel. Elle est id\u00e9ale pour les salades, les ap\u00e9ritifs ou les plats m\u00e9diterran\u00e9ens. <\/p>","protected":false},"excerpt":{"rendered":"<p>Playas Del Sur Filets de Melva Canutera \u00e0 l&#8217;huile d&#8217;olive RR 125 Exportation vers TOUTE L&#8217;EUROPE. <\/p>\n","protected":false},"featured_media":31374,"comment_status":"open","ping_status":"closed","template":"","meta":{"site-sidebar-layout":"default","site-content-layout":"","ast-site-content-layout":"default","site-content-style":"default","site-sidebar-style":"default","ast-global-header-display":"","ast-banner-title-visibility":"","ast-main-header-display":"","ast-hfb-above-header-display":"","ast-hfb-below-header-display":"","ast-hfb-mobile-header-display":"","site-post-title":"","ast-breadcrumbs-content":"","ast-featured-img":"","footer-sml-layout":"","ast-disable-related-posts":"","theme-transparent-header-meta":"default","adv-header-id-meta":"","stick-header-meta":"","header-above-stick-meta":"","header-main-stick-meta":"","header-below-stick-meta":"","astra-migrate-meta-layouts":"default","ast-page-background-enabled":"default","ast-page-background-meta":{"desktop":{"background-color":"var(--ast-global-color-4)","background-image":"","background-repeat":"repeat","background-position":"center center","background-size":"auto","background-attachment":"scroll","background-type":"","background-media":"","overlay-type":"","overlay-color":"","overlay-opacity":"","overlay-gradient":""},"tablet":{"background-color":"","background-image":"","background-repeat":"repeat","background-position":"center center","background-size":"auto","background-attachment":"scroll","background-type":"","background-media":"","overlay-type":"","overlay-color":"","overlay-opacity":"","overlay-gradient":""},"mobile":{"background-color":"","background-image":"","background-repeat":"repeat","background-position":"center center","background-size":"auto","background-attachment":"scroll","background-type":"","background-media":"","overlay-type":"","overlay-color":"","overlay-opacity":"","overlay-gradient":""}},"ast-content-background-meta":{"desktop":{"background-color":"var(--ast-global-color-5)","background-image":"","background-repeat":"repeat","background-position":"center center","background-size":"auto","background-attachment":"scroll","background-type":"","background-media":"","overlay-type":"","overlay-color":"","overlay-opacity":"","overlay-gradient":""},"tablet":{"background-color":"var(--ast-global-color-5)","background-image":"","background-repeat":"repeat","background-position":"center center","background-size":"auto","background-attachment":"scroll","background-type":"","background-media":"","overlay-type":"","overlay-color":"","overlay-opacity":"","overlay-gradient":""},"mobile":{"background-color":"var(--ast-global-color-5)","background-image":"","background-repeat":"repeat","background-position":"center center","background-size":"auto","background-attachment":"scroll","background-type":"","background-media":"","overlay-type":"","overlay-color":"","overlay-opacity":"","overlay-gradient":""}}},"product_brand":[1254],"product_cat":[271],"product_tag":[],"class_list":{"0":"post-25819","1":"product","2":"type-product","3":"status-publish","4":"has-post-thumbnail","6":"product_brand-playas-del-sur","7":"product_cat-thon-de-la-fregate-almadraba","8":"desktop-align-left","9":"tablet-align-left","10":"mobile-align-left","12":"first","13":"instock","14":"taxable","15":"shipping-taxable","16":"purchasable","17":"product-type-simple"},"_links":{"self":[{"href":"https:\/\/andalubox.com\/fr\/wp-json\/wp\/v2\/product\/25819","targetHints":{"allow":["GET"]}}],"collection":[{"href":"https:\/\/andalubox.com\/fr\/wp-json\/wp\/v2\/product"}],"about":[{"href":"https:\/\/andalubox.com\/fr\/wp-json\/wp\/v2\/types\/product"}],"replies":[{"embeddable":true,"href":"https:\/\/andalubox.com\/fr\/wp-json\/wp\/v2\/comments?post=25819"}],"wp:featuredmedia":[{"embeddable":true,"href":"https:\/\/andalubox.com\/fr\/wp-json\/wp\/v2\/media\/31374"}],"wp:attachment":[{"href":"https:\/\/andalubox.com\/fr\/wp-json\/wp\/v2\/media?parent=25819"}],"wp:term":[{"taxonomy":"product_brand","embeddable":true,"href":"https:\/\/andalubox.com\/fr\/wp-json\/wp\/v2\/product_brand?post=25819"},{"taxonomy":"product_cat","embeddable":true,"href":"https:\/\/andalubox.com\/fr\/wp-json\/wp\/v2\/product_cat?post=25819"},{"taxonomy":"product_tag","embeddable":true,"href":"https:\/\/andalubox.com\/fr\/wp-json\/wp\/v2\/product_tag?post=25819"}],"curies":[{"name":"wp","href":"https:\/\/api.w.org\/{rel}","templated":true}]}}