{"id":25696,"date":"2025-09-02T23:35:35","date_gmt":"2025-09-02T21:35:35","guid":{"rendered":"https:\/\/andalubox.com\/producto-andaluz\/nave-trinidad-manzanilla-de-sanlucar-75-cl\/"},"modified":"2025-09-07T22:26:08","modified_gmt":"2025-09-07T20:26:08","slug":"nave-trinidad-manzanilla-de-sanlucar-75-cl","status":"publish","type":"product","link":"https:\/\/andalubox.com\/fr\/producto-andaluz\/nave-trinidad-manzanilla-de-sanlucar-75-cl\/","title":{"rendered":"Nave Trinidad Manzanilla de Sanl\u00facar 75 CL"},"content":{"rendered":"<p>Nave Trinidad Manzanilla de Sanl\u00facar 75 CL.<\/p>\n<p>Le Nave Trinidad Manzanilla de Sanl\u00facar 75 CL est un vin fortifi\u00e9 produit par les Bodegas Barbadillo dans l&#8217;AOC Manzanilla-Sanl\u00facar de Barrameda. Il s&#8217;agit d&#8217;un Manzanilla en rama (non filtr\u00e9) avec un vieillissement biologique moyen d&#8217;environ 4 ans sous voile de fleur dans la cave de Trinidad de El Toro. \u00c9labor\u00e9 \u00e0 partir de 100 % de raisins Palomino Fino provenant d&#8217;un sol albariza, il est con\u00e7u pour \u00eatre une introduction \u00e0 la Manzanilla de haute qualit\u00e9 et accessible, \u00e9quilibrant la fra\u00eecheur avec la complexit\u00e9 caract\u00e9ristique du vieillissement biologique.  <\/p>\n<ul>\n\t<li>Caract\u00e9ristiques : Aspect : jaune dor\u00e9 brillant.<\/li>\n\t<li>Nez : Intense et vif, avec des ar\u00f4mes de pomme verte, de fruits secs, de mar\u00e9e basse, de lies r\u00e9duites, d&#8217;ac\u00e9tald\u00e9hyde et des notes de fenouil et d&#8217;alfa.<\/li>\n\t<li>Bouche : Frais, doux et onctueux, avec un profil salin, sec et savoureux. Il a un fond lactique, un arri\u00e8re-go\u00fbt de fruits secs et une finale \u00e9quilibr\u00e9e et \u00e9l\u00e9gante. Il est d\u00e9crit comme riche, vibrant et suggestif pour sa jeunesse.  <\/li>\n\t<li>Titre alcoom\u00e9trique : 15 % vol.<\/li>\n<\/ul>\n<p>Accords avec les mets : Id\u00e9al avec les fruits de mer, le poisson frit, la cuisine japonaise et les hors-d&#8217;\u0153uvre. Temp\u00e9rature de service recommand\u00e9e : 7-10 \u00b0C. <\/p>\n<p>Historique : Nomm\u00e9e d&#8217;apr\u00e8s la Trinidad, l&#8217;un des navires de l&#8217;exp\u00e9dition de Magellan de 1519, parti de Sanl\u00facar de Barrameda et qui a particip\u00e9 au premier tour du monde.<\/p>\n<p>Produit dans une nouvelle solera de 36 f\u00fbts dans la cave El Toro, fond\u00e9e en 1821 par Benigno Barbadillo. Le vin est mis en bouteille sur la vigne pour pr\u00e9server son authenticit\u00e9, sans filtration ni collage. <\/p>","protected":false},"excerpt":{"rendered":"<p>Nave Trinidad Manzanilla de Sanl\u00facar 75 CL, exp\u00e9ditions vers TOUTE L&#8217;EUROPE.<\/p>\n","protected":false},"featured_media":31051,"comment_status":"open","ping_status":"closed","template":"","meta":{"site-sidebar-layout":"default","site-content-layout":"","ast-site-content-layout":"default","site-content-style":"default","site-sidebar-style":"default","ast-global-header-display":"","ast-banner-title-visibility":"","ast-main-header-display":"","ast-hfb-above-header-display":"","ast-hfb-below-header-display":"","ast-hfb-mobile-header-display":"","site-post-title":"","ast-breadcrumbs-content":"","ast-featured-img":"","footer-sml-layout":"","ast-disable-related-posts":"","theme-transparent-header-meta":"default","adv-header-id-meta":"","stick-header-meta":"","header-above-stick-meta":"","header-main-stick-meta":"","header-below-stick-meta":"","astra-migrate-meta-layouts":"default","ast-page-background-enabled":"default","ast-page-background-meta":{"desktop":{"background-color":"var(--ast-global-color-4)","background-image":"","background-repeat":"repeat","background-position":"center center","background-size":"auto","background-attachment":"scroll","background-type":"","background-media":"","overlay-type":"","overlay-color":"","overlay-opacity":"","overlay-gradient":""},"tablet":{"background-color":"","background-image":"","background-repeat":"repeat","background-position":"center center","background-size":"auto","background-attachment":"scroll","background-type":"","background-media":"","overlay-type":"","overlay-color":"","overlay-opacity":"","overlay-gradient":""},"mobile":{"background-color":"","background-image":"","background-repeat":"repeat","background-position":"center center","background-size":"auto","background-attachment":"scroll","background-type":"","background-media":"","overlay-type":"","overlay-color":"","overlay-opacity":"","overlay-gradient":""}},"ast-content-background-meta":{"desktop":{"background-color":"var(--ast-global-color-5)","background-image":"","background-repeat":"repeat","background-position":"center center","background-size":"auto","background-attachment":"scroll","background-type":"","background-media":"","overlay-type":"","overlay-color":"","overlay-opacity":"","overlay-gradient":""},"tablet":{"background-color":"var(--ast-global-color-5)","background-image":"","background-repeat":"repeat","background-position":"center center","background-size":"auto","background-attachment":"scroll","background-type":"","background-media":"","overlay-type":"","overlay-color":"","overlay-opacity":"","overlay-gradient":""},"mobile":{"background-color":"var(--ast-global-color-5)","background-image":"","background-repeat":"repeat","background-position":"center center","background-size":"auto","background-attachment":"scroll","background-type":"","background-media":"","overlay-type":"","overlay-color":"","overlay-opacity":"","overlay-gradient":""}}},"product_brand":[1250],"product_cat":[],"product_tag":[],"class_list":{"0":"post-25696","1":"product","2":"type-product","3":"status-publish","4":"has-post-thumbnail","6":"product_brand-nave-trinidad","7":"desktop-align-left","8":"tablet-align-left","9":"mobile-align-left","11":"first","12":"instock","13":"taxable","14":"shipping-taxable","15":"purchasable","16":"product-type-simple"},"_links":{"self":[{"href":"https:\/\/andalubox.com\/fr\/wp-json\/wp\/v2\/product\/25696","targetHints":{"allow":["GET"]}}],"collection":[{"href":"https:\/\/andalubox.com\/fr\/wp-json\/wp\/v2\/product"}],"about":[{"href":"https:\/\/andalubox.com\/fr\/wp-json\/wp\/v2\/types\/product"}],"replies":[{"embeddable":true,"href":"https:\/\/andalubox.com\/fr\/wp-json\/wp\/v2\/comments?post=25696"}],"wp:featuredmedia":[{"embeddable":true,"href":"https:\/\/andalubox.com\/fr\/wp-json\/wp\/v2\/media\/31051"}],"wp:attachment":[{"href":"https:\/\/andalubox.com\/fr\/wp-json\/wp\/v2\/media?parent=25696"}],"wp:term":[{"taxonomy":"product_brand","embeddable":true,"href":"https:\/\/andalubox.com\/fr\/wp-json\/wp\/v2\/product_brand?post=25696"},{"taxonomy":"product_cat","embeddable":true,"href":"https:\/\/andalubox.com\/fr\/wp-json\/wp\/v2\/product_cat?post=25696"},{"taxonomy":"product_tag","embeddable":true,"href":"https:\/\/andalubox.com\/fr\/wp-json\/wp\/v2\/product_tag?post=25696"}],"curies":[{"name":"wp","href":"https:\/\/api.w.org\/{rel}","templated":true}]}}