{"id":25635,"date":"2025-09-02T22:59:57","date_gmt":"2025-09-02T20:59:57","guid":{"rendered":"https:\/\/andalubox.com\/producto-andaluz\/jopo-de-lobo-vin-doux-biologique-px-75-cl\/"},"modified":"2025-09-18T00:17:47","modified_gmt":"2025-09-17T22:17:47","slug":"jopo-de-lobo-vin-doux-biologique-px-75-cl","status":"publish","type":"product","link":"https:\/\/andalubox.com\/fr\/producto-andaluz\/jopo-de-lobo-vin-doux-biologique-px-75-cl\/","title":{"rendered":"Jopo de Lobo Vin doux biologique Px 75 CL"},"content":{"rendered":"<p>Jopo de Lobo Vino Dulce Bio Px 75 CL.<\/p>\n<p>Le Jopo de Lobo Vino Dulce Bio PX 75 CL est un vin doux biologique produit par les Bodegas Barbadillo dans la r\u00e9gion de Cadix, plus pr\u00e9cis\u00e9ment dans la DO Jerez-X\u00e9r\u00e8s-Sherry. Ce vin fait partie de la gamme biologique de Barbadillo &#8220;Cielo, Tierra y Mar&#8221;, qui donne la priorit\u00e9 \u00e0 la pr\u00e9servation de l&#8217;environnement et met en valeur les \u00e9cosyst\u00e8mes c\u00f4tiers uniques de Cadix. Le vin porte le nom du Jopo de Lobo (Cistanche phelypaea), une plante parasite vuln\u00e9rable originaire des habitats c\u00f4tiers salins, ce qui refl\u00e8te l&#8217;engagement de la cave \u00e0 sensibiliser le public \u00e0 la biodiversit\u00e9 locale.  <\/p>\n<p>D\u00e9tails cl\u00e9s :<\/p>\n<ul>\n\t<li>C\u00e9page : 100% Pedro Xim\u00e9nez (PX), connu pour produire des vins riches et doux.<\/li>\n\t<li>\u00c9laboration : \u00c9labor\u00e9 \u00e0 partir de raisins Pedro Xim\u00e9nez, qui ont m\u00fbri au soleil, ce qui intensifie la teneur en sucre et donne un vin naturellement doux. Le processus est artisanal, sans filtration ni additifs, de sorte qu&#8217;il peut pr\u00e9senter des s\u00e9diments, ce qui indique son caract\u00e8re naturel. <\/li>\n<\/ul>\n<p>Notes de d\u00e9gustation : Apparence : ambr\u00e9e avec des larmes abondantes, typiques des vins doux PX.<br>Ar\u00f4me : Notes dominantes de raisins secs, avec des nuances de prunes, de caramel, d&#8217;\u00e9corce d&#8217;orange, de chocolat, de noisette et de bois nobles. Sans agitation, il r\u00e9v\u00e8le des ar\u00f4mes de fruits secs tels que figues, abricots, dattes et raisins secs, avec des notes de miel, de cacao et de l\u00e9gers agrumes. <\/p>\n<p>Mot : Exquis et intens\u00e9ment doux, avec une texture velout\u00e9e et une finale chaude et persistante qui \u00e9voque le s\u00e9chage au soleil des raisins.<\/p>\n<p>Teneur en alcool : normalement autour de 17 % ABV, bien que cela puisse varier l\u00e9g\u00e8rement en fonction du mill\u00e9sime.<\/p>\n<p>Volume : bouteille de 75 cl.<br>Certification biologique : certifi\u00e9 biologique, en accord avec les pratiques durables.<br>Conseils de d\u00e9gustation : id\u00e9al comme vin de dessert, il se marie bien avec les p\u00e2tisseries, les fromages bleus ou le chocolat noir. Servir frais (environ 10-12 \u00b0C) pour exalter ses ar\u00f4mes. <\/p>","protected":false},"excerpt":{"rendered":"<p>Jopo de Lobo Vino Dulce Bio Px 75 CL, exp\u00e9ditions vers TOUTE L&#8217;EUROPE.<\/p>\n","protected":false},"featured_media":31303,"comment_status":"open","ping_status":"closed","template":"","meta":{"site-sidebar-layout":"default","site-content-layout":"","ast-site-content-layout":"default","site-content-style":"default","site-sidebar-style":"default","ast-global-header-display":"","ast-banner-title-visibility":"","ast-main-header-display":"","ast-hfb-above-header-display":"","ast-hfb-below-header-display":"","ast-hfb-mobile-header-display":"","site-post-title":"","ast-breadcrumbs-content":"","ast-featured-img":"","footer-sml-layout":"","ast-disable-related-posts":"","theme-transparent-header-meta":"default","adv-header-id-meta":"","stick-header-meta":"","header-above-stick-meta":"","header-main-stick-meta":"","header-below-stick-meta":"","astra-migrate-meta-layouts":"default","ast-page-background-enabled":"default","ast-page-background-meta":{"desktop":{"background-color":"var(--ast-global-color-4)","background-image":"","background-repeat":"repeat","background-position":"center center","background-size":"auto","background-attachment":"scroll","background-type":"","background-media":"","overlay-type":"","overlay-color":"","overlay-opacity":"","overlay-gradient":""},"tablet":{"background-color":"","background-image":"","background-repeat":"repeat","background-position":"center center","background-size":"auto","background-attachment":"scroll","background-type":"","background-media":"","overlay-type":"","overlay-color":"","overlay-opacity":"","overlay-gradient":""},"mobile":{"background-color":"","background-image":"","background-repeat":"repeat","background-position":"center center","background-size":"auto","background-attachment":"scroll","background-type":"","background-media":"","overlay-type":"","overlay-color":"","overlay-opacity":"","overlay-gradient":""}},"ast-content-background-meta":{"desktop":{"background-color":"var(--ast-global-color-5)","background-image":"","background-repeat":"repeat","background-position":"center center","background-size":"auto","background-attachment":"scroll","background-type":"","background-media":"","overlay-type":"","overlay-color":"","overlay-opacity":"","overlay-gradient":""},"tablet":{"background-color":"var(--ast-global-color-5)","background-image":"","background-repeat":"repeat","background-position":"center center","background-size":"auto","background-attachment":"scroll","background-type":"","background-media":"","overlay-type":"","overlay-color":"","overlay-opacity":"","overlay-gradient":""},"mobile":{"background-color":"var(--ast-global-color-5)","background-image":"","background-repeat":"repeat","background-position":"center center","background-size":"auto","background-attachment":"scroll","background-type":"","background-media":"","overlay-type":"","overlay-color":"","overlay-opacity":"","overlay-gradient":""}}},"product_brand":[1247],"product_cat":[],"product_tag":[],"class_list":{"0":"post-25635","1":"product","2":"type-product","3":"status-publish","4":"has-post-thumbnail","6":"product_brand-jopo-de-lobo","7":"desktop-align-left","8":"tablet-align-left","9":"mobile-align-left","11":"first","12":"instock","13":"taxable","14":"shipping-taxable","15":"purchasable","16":"product-type-simple"},"_links":{"self":[{"href":"https:\/\/andalubox.com\/fr\/wp-json\/wp\/v2\/product\/25635","targetHints":{"allow":["GET"]}}],"collection":[{"href":"https:\/\/andalubox.com\/fr\/wp-json\/wp\/v2\/product"}],"about":[{"href":"https:\/\/andalubox.com\/fr\/wp-json\/wp\/v2\/types\/product"}],"replies":[{"embeddable":true,"href":"https:\/\/andalubox.com\/fr\/wp-json\/wp\/v2\/comments?post=25635"}],"wp:featuredmedia":[{"embeddable":true,"href":"https:\/\/andalubox.com\/fr\/wp-json\/wp\/v2\/media\/31303"}],"wp:attachment":[{"href":"https:\/\/andalubox.com\/fr\/wp-json\/wp\/v2\/media?parent=25635"}],"wp:term":[{"taxonomy":"product_brand","embeddable":true,"href":"https:\/\/andalubox.com\/fr\/wp-json\/wp\/v2\/product_brand?post=25635"},{"taxonomy":"product_cat","embeddable":true,"href":"https:\/\/andalubox.com\/fr\/wp-json\/wp\/v2\/product_cat?post=25635"},{"taxonomy":"product_tag","embeddable":true,"href":"https:\/\/andalubox.com\/fr\/wp-json\/wp\/v2\/product_tag?post=25635"}],"curies":[{"name":"wp","href":"https:\/\/api.w.org\/{rel}","templated":true}]}}