{"id":25553,"date":"2025-08-28T19:24:50","date_gmt":"2025-08-28T17:24:50","guid":{"rendered":"https:\/\/andalubox.com\/producto-andaluz\/adriano-hojiblanca-huile-dolive-extra-vierge-500-ml\/"},"modified":"2025-09-07T22:27:50","modified_gmt":"2025-09-07T20:27:50","slug":"adriano-hojiblanca-huile-dolive-extra-vierge-500-ml","status":"publish","type":"product","link":"https:\/\/andalubox.com\/fr\/producto-andaluz\/adriano-hojiblanca-huile-dolive-extra-vierge-500-ml\/","title":{"rendered":"Adriano Hojiblanca Huile d&#8217;olive extra vierge 500 Ml"},"content":{"rendered":"<p>Adriano Hojiblanca Huile d&#8217;Olive Vierge Extra 500 Ml. NON FILTR\u00c9E. FLACON EN VERRE.  <\/p>\n<p>Huile d&#8217;olive de cat\u00e9gorie sup\u00e9rieure, obtenue directement des olives et uniquement par des proc\u00e9d\u00e9s m\u00e9caniques.<\/p>\n<p>Cet or liquide, le plus pr\u00e9cieux de l&#8217;Empire romain, est produit dans des domaines situ\u00e9s entre les villes s\u00e9villanes d&#8217;El Saucejo et d&#8217;Osuna, toutes deux c\u00e9l\u00e8bres pour leur pass\u00e9 romain. Il tire son nom de Publius Elius Hadrian, le deuxi\u00e8me empereur romain HISPANIQUE. Il est n\u00e9 le 24 janvier 76 apr\u00e8s J\u00e9sus-Christ, \u00e0 Italica, dans la province de S\u00e9ville.  <\/p>\n<p>Les principales diff\u00e9rences entre l&#8217;huile d&#8217;olive Hojiblanca et l&#8217;huile d&#8217;olive Picual r\u00e9sident dans leurs caract\u00e9ristiques organoleptiques, leur composition, leurs utilisations et leurs zones de culture, car elles proviennent de vari\u00e9t\u00e9s d&#8217;olives diff\u00e9rentes.<\/p>\n<h1>Hojiblanca :<\/h1>\n<ul>\n\t<li>Go\u00fbt : doux, avec un \u00e9quilibre entre le sucr\u00e9, l&#8217;amer et le piquant. Il pr\u00e9sente des notes fruit\u00e9es d&#8217;herbe fra\u00eeche, de pomme ou d&#8217;amande. <\/li>\n\t<li>Ar\u00f4me : frais, avec des nuances herbac\u00e9es et fruit\u00e9es.<\/li>\n\t<li>D\u00e9mangeaison et amertume : mod\u00e9r\u00e9es, moins intenses que celles du Picual.<\/li>\n\t<li>Texture : Plus l\u00e9g\u00e8re et plus fluide.<\/li>\n<\/ul>\n<h1>Picual :<\/h1>\n<ul>\n\t<li>Go\u00fbt : intense, avec une touche am\u00e8re et \u00e9pic\u00e9e plus prononc\u00e9e. Peut pr\u00e9senter des notes de tomate, de figue ou d&#8217;herbe fra\u00eechement coup\u00e9e. <\/li>\n\t<li>Ar\u00f4me : puissant, avec un caract\u00e8re vert plus robuste et fruit\u00e9.<\/li>\n\t<li>D\u00e9mangeaisons et amertume : plus prononc\u00e9es, en particulier les d\u00e9mangeaisons de la gorge.<\/li>\n\t<li>Texture : Plus dense et plus cr\u00e9meuse.<\/li>\n<\/ul>\n<p>&nbsp;<\/p>","protected":false},"excerpt":{"rendered":"<p>Adriano Hojiblanca Huile d&#8217;Olive Vierge Extra 500 Ml. NON FILTR\u00c9E. Bouteille en verre de 500 ml.  <\/p>\n<p>En route pour TOUTE L&#8217;EUROPE. Patrimoine romain \u00e0 S\u00e9ville. <\/p>\n","protected":false},"featured_media":30570,"comment_status":"open","ping_status":"closed","template":"","meta":{"site-sidebar-layout":"default","site-content-layout":"","ast-site-content-layout":"default","site-content-style":"default","site-sidebar-style":"default","ast-global-header-display":"","ast-banner-title-visibility":"","ast-main-header-display":"","ast-hfb-above-header-display":"","ast-hfb-below-header-display":"","ast-hfb-mobile-header-display":"","site-post-title":"","ast-breadcrumbs-content":"","ast-featured-img":"","footer-sml-layout":"","ast-disable-related-posts":"","theme-transparent-header-meta":"default","adv-header-id-meta":"","stick-header-meta":"","header-above-stick-meta":"","header-main-stick-meta":"","header-below-stick-meta":"","astra-migrate-meta-layouts":"default","ast-page-background-enabled":"default","ast-page-background-meta":{"desktop":{"background-color":"var(--ast-global-color-4)","background-image":"","background-repeat":"repeat","background-position":"center center","background-size":"auto","background-attachment":"scroll","background-type":"","background-media":"","overlay-type":"","overlay-color":"","overlay-opacity":"","overlay-gradient":""},"tablet":{"background-color":"","background-image":"","background-repeat":"repeat","background-position":"center center","background-size":"auto","background-attachment":"scroll","background-type":"","background-media":"","overlay-type":"","overlay-color":"","overlay-opacity":"","overlay-gradient":""},"mobile":{"background-color":"","background-image":"","background-repeat":"repeat","background-position":"center center","background-size":"auto","background-attachment":"scroll","background-type":"","background-media":"","overlay-type":"","overlay-color":"","overlay-opacity":"","overlay-gradient":""}},"ast-content-background-meta":{"desktop":{"background-color":"var(--ast-global-color-5)","background-image":"","background-repeat":"repeat","background-position":"center center","background-size":"auto","background-attachment":"scroll","background-type":"","background-media":"","overlay-type":"","overlay-color":"","overlay-opacity":"","overlay-gradient":""},"tablet":{"background-color":"var(--ast-global-color-5)","background-image":"","background-repeat":"repeat","background-position":"center center","background-size":"auto","background-attachment":"scroll","background-type":"","background-media":"","overlay-type":"","overlay-color":"","overlay-opacity":"","overlay-gradient":""},"mobile":{"background-color":"var(--ast-global-color-5)","background-image":"","background-repeat":"repeat","background-position":"center center","background-size":"auto","background-attachment":"scroll","background-type":"","background-media":"","overlay-type":"","overlay-color":"","overlay-opacity":"","overlay-gradient":""}}},"product_brand":[1232],"product_cat":[313,317,384,318],"product_tag":[],"class_list":{"0":"post-25553","1":"product","2":"type-product","3":"status-publish","4":"has-post-thumbnail","6":"product_brand-adriano","7":"product_cat-huile-andalouse","8":"product_cat-nouvelles","9":"product_cat-produits-de-la-semaine","10":"product_cat-produits-les-plus-vendus","11":"desktop-align-left","12":"tablet-align-left","13":"mobile-align-left","15":"first","16":"instock","17":"taxable","18":"shipping-taxable","19":"purchasable","20":"product-type-simple"},"_links":{"self":[{"href":"https:\/\/andalubox.com\/fr\/wp-json\/wp\/v2\/product\/25553","targetHints":{"allow":["GET"]}}],"collection":[{"href":"https:\/\/andalubox.com\/fr\/wp-json\/wp\/v2\/product"}],"about":[{"href":"https:\/\/andalubox.com\/fr\/wp-json\/wp\/v2\/types\/product"}],"replies":[{"embeddable":true,"href":"https:\/\/andalubox.com\/fr\/wp-json\/wp\/v2\/comments?post=25553"}],"wp:featuredmedia":[{"embeddable":true,"href":"https:\/\/andalubox.com\/fr\/wp-json\/wp\/v2\/media\/30570"}],"wp:attachment":[{"href":"https:\/\/andalubox.com\/fr\/wp-json\/wp\/v2\/media?parent=25553"}],"wp:term":[{"taxonomy":"product_brand","embeddable":true,"href":"https:\/\/andalubox.com\/fr\/wp-json\/wp\/v2\/product_brand?post=25553"},{"taxonomy":"product_cat","embeddable":true,"href":"https:\/\/andalubox.com\/fr\/wp-json\/wp\/v2\/product_cat?post=25553"},{"taxonomy":"product_tag","embeddable":true,"href":"https:\/\/andalubox.com\/fr\/wp-json\/wp\/v2\/product_tag?post=25553"}],"curies":[{"name":"wp","href":"https:\/\/api.w.org\/{rel}","templated":true}]}}