{"id":25488,"date":"2025-08-27T13:45:08","date_gmt":"2025-08-27T11:45:08","guid":{"rendered":"https:\/\/andalubox.com\/producto-andaluz\/duo-vites-vin-blanc-de-cadix-75-cl\/"},"modified":"2026-01-26T19:23:48","modified_gmt":"2026-01-26T18:23:48","slug":"duo-vites-vin-blanc-de-cadix-75-cl","status":"publish","type":"product","link":"https:\/\/andalubox.com\/fr\/producto-andaluz\/duo-vites-vin-blanc-de-cadix-75-cl\/","title":{"rendered":"Duo Vites Vin blanc de Cadix 75 CL"},"content":{"rendered":"<p>Duo Vites Vin blanc de Cadix 75 CL<\/p>\n<p>La Bodega Regant\u00edo Viejo, situ\u00e9e \u00e0 Arcos de la Frontera, \u00e0 Cadix, est une cave familiale fond\u00e9e en 1979 par Marcel Fern\u00e1ndez. Situ\u00e9e au pied de la Sierra de Grazalema, pr\u00e8s du r\u00e9servoir de Bornos, elle couvre 12 hectares de vignobles de syrah, merlot, tempranillo et de petites parcelles de vari\u00e9t\u00e9s blanches comme le moscatel, le riesling et le palomino. La bodega privil\u00e9gie la viticulture durable, en utilisant des cultures de couverture, en pr\u00e9servant la flore indig\u00e8ne et en \u00e9vitant l&#8217;utilisation de pesticides pour produire des vins de haute qualit\u00e9 en \u00e9dition limit\u00e9e qui refl\u00e8tent le terroir de Cadix.  <\/p>\n<p>Parmi ses vins vedettes, citons<\/p>\n<ul>\n\t<li>Relicta : 100% Syrah, intervention minimale, vieilli en f\u00fbts de ch\u00eane fran\u00e7ais, exprimant le caract\u00e8re du vignoble.<\/li>\n\t<li>Duo Vites : 85 % Syrah, 15 % Merlot.<\/li>\n\t<li>Ignotus : Un assemblage blanc de Palomino, Riesling et Moscatel, vieilli pendant six mois en f\u00fbts de ch\u00eane fran\u00e7ais, avec une fermentation artisanale.<\/li>\n\t<li>Fine Tempo : un vin biologique de qualit\u00e9 sup\u00e9rieure dont la production est limit\u00e9e \u00e0 1500 bouteilles.<\/li>\n<\/ul>\n<p>La cave, g\u00e9r\u00e9e par la famille Naranjo depuis 2018, privil\u00e9gie la qualit\u00e9 \u00e0 la quantit\u00e9, avec des vendanges manuelles et nocturnes et une production sur place. Elle produit \u00e9galement de l&#8217;huile d&#8217;olive (Hojiblanca, Arbequina, Koroneiki) et propose des exp\u00e9riences \u0153notouristiques, notamment des d\u00e9gustations et un restaurant servant une cuisine andalouse traditionnelle. <\/p>","protected":false},"excerpt":{"rendered":"<p>Duo Vites Vino Blanco de C\u00e1diz 75 CL, exp\u00e9ditions vers toute l&#8217;Europe.<\/p>\n","protected":false},"featured_media":31212,"comment_status":"open","ping_status":"closed","template":"","meta":{"site-sidebar-layout":"default","site-content-layout":"","ast-site-content-layout":"default","site-content-style":"default","site-sidebar-style":"default","ast-global-header-display":"","ast-banner-title-visibility":"","ast-main-header-display":"","ast-hfb-above-header-display":"","ast-hfb-below-header-display":"","ast-hfb-mobile-header-display":"","site-post-title":"","ast-breadcrumbs-content":"","ast-featured-img":"","footer-sml-layout":"","ast-disable-related-posts":"","theme-transparent-header-meta":"default","adv-header-id-meta":"","stick-header-meta":"","header-above-stick-meta":"","header-main-stick-meta":"","header-below-stick-meta":"","astra-migrate-meta-layouts":"default","ast-page-background-enabled":"default","ast-page-background-meta":{"desktop":{"background-color":"var(--ast-global-color-4)","background-image":"","background-repeat":"repeat","background-position":"center center","background-size":"auto","background-attachment":"scroll","background-type":"","background-media":"","overlay-type":"","overlay-color":"","overlay-opacity":"","overlay-gradient":""},"tablet":{"background-color":"","background-image":"","background-repeat":"repeat","background-position":"center center","background-size":"auto","background-attachment":"scroll","background-type":"","background-media":"","overlay-type":"","overlay-color":"","overlay-opacity":"","overlay-gradient":""},"mobile":{"background-color":"","background-image":"","background-repeat":"repeat","background-position":"center center","background-size":"auto","background-attachment":"scroll","background-type":"","background-media":"","overlay-type":"","overlay-color":"","overlay-opacity":"","overlay-gradient":""}},"ast-content-background-meta":{"desktop":{"background-color":"var(--ast-global-color-5)","background-image":"","background-repeat":"repeat","background-position":"center center","background-size":"auto","background-attachment":"scroll","background-type":"","background-media":"","overlay-type":"","overlay-color":"","overlay-opacity":"","overlay-gradient":""},"tablet":{"background-color":"var(--ast-global-color-5)","background-image":"","background-repeat":"repeat","background-position":"center center","background-size":"auto","background-attachment":"scroll","background-type":"","background-media":"","overlay-type":"","overlay-color":"","overlay-opacity":"","overlay-gradient":""},"mobile":{"background-color":"var(--ast-global-color-5)","background-image":"","background-repeat":"repeat","background-position":"center center","background-size":"auto","background-attachment":"scroll","background-type":"","background-media":"","overlay-type":"","overlay-color":"","overlay-opacity":"","overlay-gradient":""}}},"product_brand":[1243],"product_cat":[292],"product_tag":[],"class_list":{"0":"post-25488","1":"product","2":"type-product","3":"status-publish","4":"has-post-thumbnail","6":"product_brand-duo-vites","7":"product_cat-vin-blanc","8":"desktop-align-left","9":"tablet-align-left","10":"mobile-align-left","12":"first","13":"instock","14":"taxable","15":"shipping-taxable","16":"purchasable","17":"product-type-simple"},"_links":{"self":[{"href":"https:\/\/andalubox.com\/fr\/wp-json\/wp\/v2\/product\/25488","targetHints":{"allow":["GET"]}}],"collection":[{"href":"https:\/\/andalubox.com\/fr\/wp-json\/wp\/v2\/product"}],"about":[{"href":"https:\/\/andalubox.com\/fr\/wp-json\/wp\/v2\/types\/product"}],"replies":[{"embeddable":true,"href":"https:\/\/andalubox.com\/fr\/wp-json\/wp\/v2\/comments?post=25488"}],"wp:featuredmedia":[{"embeddable":true,"href":"https:\/\/andalubox.com\/fr\/wp-json\/wp\/v2\/media\/31212"}],"wp:attachment":[{"href":"https:\/\/andalubox.com\/fr\/wp-json\/wp\/v2\/media?parent=25488"}],"wp:term":[{"taxonomy":"product_brand","embeddable":true,"href":"https:\/\/andalubox.com\/fr\/wp-json\/wp\/v2\/product_brand?post=25488"},{"taxonomy":"product_cat","embeddable":true,"href":"https:\/\/andalubox.com\/fr\/wp-json\/wp\/v2\/product_cat?post=25488"},{"taxonomy":"product_tag","embeddable":true,"href":"https:\/\/andalubox.com\/fr\/wp-json\/wp\/v2\/product_tag?post=25488"}],"curies":[{"name":"wp","href":"https:\/\/api.w.org\/{rel}","templated":true}]}}