{"id":25383,"date":"2025-08-23T19:35:06","date_gmt":"2025-08-23T17:35:06","guid":{"rendered":"https:\/\/andalubox.com\/producto-andaluz\/iceni-tesalia-tinto-de-cadiz-75-cl\/"},"modified":"2026-01-26T19:23:31","modified_gmt":"2026-01-26T18:23:31","slug":"iceni-tesalia-tinto-de-cadiz-75-cl","status":"publish","type":"product","link":"https:\/\/andalubox.com\/fr\/producto-andaluz\/iceni-tesalia-tinto-de-cadiz-75-cl\/","title":{"rendered":"Iceni Tesalia Tinto de C\u00e1diz 75 Cl"},"content":{"rendered":"<p>Iceni Tesalia Tinto de C\u00e1diz 75 Cl.<\/p>\n<p>L&#8217;Iceni 2021 est un vin rouge jeune et frais produit par la cave Bodega Tesalia, situ\u00e9e \u00e0 Arcos de la Frontera, \u00e0 Cadix. Ce vin est issu d&#8217;un assemblage \u00e9quilibr\u00e9 de 50 % de Tintilla de Rota et de 50 % de Syrah, des vari\u00e9t\u00e9s qui apportent \u00e0 l&#8217;ensemble une expression fruit\u00e9e et une complexit\u00e9 remarquables. <\/p>\n<p>\u00c9laboration :<\/p>\n<ul>\n\t<li><br>Vieillissement : Iceni 2021 a \u00e9t\u00e9 vieilli pendant 5 mois en f\u00fbts de ch\u00eane fran\u00e7ais, ce qui lui conf\u00e8re subtilit\u00e9 et \u00e9l\u00e9gance sans pour autant \u00e9clipser son caract\u00e8re fruit\u00e9. Notes de d\u00e9gustation :<\/li>\n\t<li>Aspect : La robe est rouge cerise avec des reflets violac\u00e9s, ce qui t\u00e9moigne de sa jeunesse et de sa vitalit\u00e9.<\/li>\n\t<li>Nez : Ar\u00f4mes intenses de fruits rouges sauvages, tels que les fraises et les prunes, compl\u00e9t\u00e9s par des notes subtiles de vanille et un soup\u00e7on de menthol.<\/li>\n\t<li>Bouche : Entr\u00e9e en bouche douce et fra\u00eeche, avec un palais agr\u00e9able qui culmine dans une finale fruit\u00e9e persistante.<\/li>\n\t<li>Accords avec les mets : Gr\u00e2ce \u00e0 sa polyvalence, l&#8217;Iceni 2021 est id\u00e9al pour accompagner un large \u00e9ventail de plats, des hors-d&#8217;\u0153uvre aux viandes blanches, en passant par les p\u00e2tes et les fromages \u00e0 p\u00e2te molle. Il est recommand\u00e9 de le servir \u00e0 une temp\u00e9rature de 16-18\u00b0C pour appr\u00e9cier pleinement ses qualit\u00e9s. <\/li>\n<\/ul>","protected":false},"excerpt":{"rendered":"<p>Iceni Tesalia Tinto de C\u00e1diz 75 Cl pour l&#8217;exportation vers TOUTE L&#8217;EUROPE.<\/p>\n","protected":false},"featured_media":25376,"comment_status":"open","ping_status":"closed","template":"","meta":{"site-sidebar-layout":"default","site-content-layout":"","ast-site-content-layout":"default","site-content-style":"default","site-sidebar-style":"default","ast-global-header-display":"","ast-banner-title-visibility":"","ast-main-header-display":"","ast-hfb-above-header-display":"","ast-hfb-below-header-display":"","ast-hfb-mobile-header-display":"","site-post-title":"","ast-breadcrumbs-content":"","ast-featured-img":"","footer-sml-layout":"","ast-disable-related-posts":"","theme-transparent-header-meta":"default","adv-header-id-meta":"","stick-header-meta":"","header-above-stick-meta":"","header-main-stick-meta":"","header-below-stick-meta":"","astra-migrate-meta-layouts":"default","ast-page-background-enabled":"default","ast-page-background-meta":{"desktop":{"background-color":"var(--ast-global-color-4)","background-image":"","background-repeat":"repeat","background-position":"center center","background-size":"auto","background-attachment":"scroll","background-type":"","background-media":"","overlay-type":"","overlay-color":"","overlay-opacity":"","overlay-gradient":""},"tablet":{"background-color":"","background-image":"","background-repeat":"repeat","background-position":"center center","background-size":"auto","background-attachment":"scroll","background-type":"","background-media":"","overlay-type":"","overlay-color":"","overlay-opacity":"","overlay-gradient":""},"mobile":{"background-color":"","background-image":"","background-repeat":"repeat","background-position":"center center","background-size":"auto","background-attachment":"scroll","background-type":"","background-media":"","overlay-type":"","overlay-color":"","overlay-opacity":"","overlay-gradient":""}},"ast-content-background-meta":{"desktop":{"background-color":"var(--ast-global-color-5)","background-image":"","background-repeat":"repeat","background-position":"center center","background-size":"auto","background-attachment":"scroll","background-type":"","background-media":"","overlay-type":"","overlay-color":"","overlay-opacity":"","overlay-gradient":""},"tablet":{"background-color":"var(--ast-global-color-5)","background-image":"","background-repeat":"repeat","background-position":"center center","background-size":"auto","background-attachment":"scroll","background-type":"","background-media":"","overlay-type":"","overlay-color":"","overlay-opacity":"","overlay-gradient":""},"mobile":{"background-color":"var(--ast-global-color-5)","background-image":"","background-repeat":"repeat","background-position":"center center","background-size":"auto","background-attachment":"scroll","background-type":"","background-media":"","overlay-type":"","overlay-color":"","overlay-opacity":"","overlay-gradient":""}}},"product_brand":[1240],"product_cat":[294],"product_tag":[],"class_list":{"0":"post-25383","1":"product","2":"type-product","3":"status-publish","4":"has-post-thumbnail","6":"product_brand-iceni","7":"product_cat-vin-rouge","8":"desktop-align-left","9":"tablet-align-left","10":"mobile-align-left","12":"first","13":"instock","14":"taxable","15":"shipping-taxable","16":"purchasable","17":"product-type-simple"},"_links":{"self":[{"href":"https:\/\/andalubox.com\/fr\/wp-json\/wp\/v2\/product\/25383","targetHints":{"allow":["GET"]}}],"collection":[{"href":"https:\/\/andalubox.com\/fr\/wp-json\/wp\/v2\/product"}],"about":[{"href":"https:\/\/andalubox.com\/fr\/wp-json\/wp\/v2\/types\/product"}],"replies":[{"embeddable":true,"href":"https:\/\/andalubox.com\/fr\/wp-json\/wp\/v2\/comments?post=25383"}],"wp:featuredmedia":[{"embeddable":true,"href":"https:\/\/andalubox.com\/fr\/wp-json\/wp\/v2\/media\/25376"}],"wp:attachment":[{"href":"https:\/\/andalubox.com\/fr\/wp-json\/wp\/v2\/media?parent=25383"}],"wp:term":[{"taxonomy":"product_brand","embeddable":true,"href":"https:\/\/andalubox.com\/fr\/wp-json\/wp\/v2\/product_brand?post=25383"},{"taxonomy":"product_cat","embeddable":true,"href":"https:\/\/andalubox.com\/fr\/wp-json\/wp\/v2\/product_cat?post=25383"},{"taxonomy":"product_tag","embeddable":true,"href":"https:\/\/andalubox.com\/fr\/wp-json\/wp\/v2\/product_tag?post=25383"}],"curies":[{"name":"wp","href":"https:\/\/api.w.org\/{rel}","templated":true}]}}