{"id":25371,"date":"2025-08-23T19:23:29","date_gmt":"2025-08-23T17:23:29","guid":{"rendered":"https:\/\/andalubox.com\/producto-andaluz\/arx-tesalia-tinto-de-cadiz-75-cl\/"},"modified":"2026-01-26T19:23:34","modified_gmt":"2026-01-26T18:23:34","slug":"arx-tesalia-tinto-de-cadiz-75-cl","status":"publish","type":"product","link":"https:\/\/andalubox.com\/fr\/producto-andaluz\/arx-tesalia-tinto-de-cadiz-75-cl\/","title":{"rendered":"Arx Tesalia Tinto de C\u00e1diz 75 CL"},"content":{"rendered":"<p>Arx Tesalia Tinto de C\u00e1diz 75 CL.<\/p>\n<p>L&#8217;ARX de Tesalia est un vin rouge au caract\u00e8re sophistiqu\u00e9 et \u00e9quilibr\u00e9, \u00e9labor\u00e9 \u00e0 Arcos de la Frontera, Cadix, sous la d\u00e9nomination Vino de la Tierra de C\u00e1diz. Cet \u00e9l\u00e9gant assemblage est compos\u00e9 de raisins Tintilla de Rota, Syrah, Petit Verdot et Cabernet Sauvignon, soigneusement s\u00e9lectionn\u00e9s dans nos propres vignobles pour garantir l&#8217;expression maximale du terroir andalou. <\/p>\n<p>Produit par la Bodega Tesalia, ce vin refl\u00e8te la richesse et la diversit\u00e9 du terroir de Cadix. Son vieillissement en f\u00fbts de ch\u00eane lui conf\u00e8re une structure complexe, avec des ar\u00f4mes intenses de fruits m\u00fbrs, d&#8217;\u00e9pices et de subtiles notes grill\u00e9es. En bouche, l&#8217;ARX se distingue par sa profondeur et sa douceur, avec des tanins polis et une finale longue et enveloppante.  <\/p>","protected":false},"excerpt":{"rendered":"<p>Arx Tesalia Tinto de C\u00e1diz 75 CL<\/p>\n","protected":false},"featured_media":25364,"comment_status":"open","ping_status":"closed","template":"","meta":{"site-sidebar-layout":"default","site-content-layout":"","ast-site-content-layout":"default","site-content-style":"default","site-sidebar-style":"default","ast-global-header-display":"","ast-banner-title-visibility":"","ast-main-header-display":"","ast-hfb-above-header-display":"","ast-hfb-below-header-display":"","ast-hfb-mobile-header-display":"","site-post-title":"","ast-breadcrumbs-content":"","ast-featured-img":"","footer-sml-layout":"","ast-disable-related-posts":"","theme-transparent-header-meta":"default","adv-header-id-meta":"","stick-header-meta":"","header-above-stick-meta":"","header-main-stick-meta":"","header-below-stick-meta":"","astra-migrate-meta-layouts":"default","ast-page-background-enabled":"default","ast-page-background-meta":{"desktop":{"background-color":"var(--ast-global-color-4)","background-image":"","background-repeat":"repeat","background-position":"center center","background-size":"auto","background-attachment":"scroll","background-type":"","background-media":"","overlay-type":"","overlay-color":"","overlay-opacity":"","overlay-gradient":""},"tablet":{"background-color":"","background-image":"","background-repeat":"repeat","background-position":"center center","background-size":"auto","background-attachment":"scroll","background-type":"","background-media":"","overlay-type":"","overlay-color":"","overlay-opacity":"","overlay-gradient":""},"mobile":{"background-color":"","background-image":"","background-repeat":"repeat","background-position":"center center","background-size":"auto","background-attachment":"scroll","background-type":"","background-media":"","overlay-type":"","overlay-color":"","overlay-opacity":"","overlay-gradient":""}},"ast-content-background-meta":{"desktop":{"background-color":"var(--ast-global-color-5)","background-image":"","background-repeat":"repeat","background-position":"center center","background-size":"auto","background-attachment":"scroll","background-type":"","background-media":"","overlay-type":"","overlay-color":"","overlay-opacity":"","overlay-gradient":""},"tablet":{"background-color":"var(--ast-global-color-5)","background-image":"","background-repeat":"repeat","background-position":"center center","background-size":"auto","background-attachment":"scroll","background-type":"","background-media":"","overlay-type":"","overlay-color":"","overlay-opacity":"","overlay-gradient":""},"mobile":{"background-color":"var(--ast-global-color-5)","background-image":"","background-repeat":"repeat","background-position":"center center","background-size":"auto","background-attachment":"scroll","background-type":"","background-media":"","overlay-type":"","overlay-color":"","overlay-opacity":"","overlay-gradient":""}}},"product_brand":[1239],"product_cat":[294],"product_tag":[],"class_list":{"0":"post-25371","1":"product","2":"type-product","3":"status-publish","4":"has-post-thumbnail","6":"product_brand-tesalia","7":"product_cat-vin-rouge","8":"desktop-align-left","9":"tablet-align-left","10":"mobile-align-left","12":"first","13":"instock","14":"taxable","15":"shipping-taxable","16":"purchasable","17":"product-type-simple"},"_links":{"self":[{"href":"https:\/\/andalubox.com\/fr\/wp-json\/wp\/v2\/product\/25371","targetHints":{"allow":["GET"]}}],"collection":[{"href":"https:\/\/andalubox.com\/fr\/wp-json\/wp\/v2\/product"}],"about":[{"href":"https:\/\/andalubox.com\/fr\/wp-json\/wp\/v2\/types\/product"}],"replies":[{"embeddable":true,"href":"https:\/\/andalubox.com\/fr\/wp-json\/wp\/v2\/comments?post=25371"}],"wp:featuredmedia":[{"embeddable":true,"href":"https:\/\/andalubox.com\/fr\/wp-json\/wp\/v2\/media\/25364"}],"wp:attachment":[{"href":"https:\/\/andalubox.com\/fr\/wp-json\/wp\/v2\/media?parent=25371"}],"wp:term":[{"taxonomy":"product_brand","embeddable":true,"href":"https:\/\/andalubox.com\/fr\/wp-json\/wp\/v2\/product_brand?post=25371"},{"taxonomy":"product_cat","embeddable":true,"href":"https:\/\/andalubox.com\/fr\/wp-json\/wp\/v2\/product_cat?post=25371"},{"taxonomy":"product_tag","embeddable":true,"href":"https:\/\/andalubox.com\/fr\/wp-json\/wp\/v2\/product_tag?post=25371"}],"curies":[{"name":"wp","href":"https:\/\/api.w.org\/{rel}","templated":true}]}}