{"id":25358,"date":"2025-08-23T19:17:24","date_gmt":"2025-08-23T17:17:24","guid":{"rendered":"https:\/\/andalubox.com\/producto-andaluz\/tesalia-tinto-de-cadiz-75-cl\/"},"modified":"2025-09-18T00:25:59","modified_gmt":"2025-09-17T22:25:59","slug":"tesalia-tinto-de-cadiz-75-cl","status":"publish","type":"product","link":"https:\/\/andalubox.com\/fr\/producto-andaluz\/tesalia-tinto-de-cadiz-75-cl\/","title":{"rendered":"Tesalia Tinto de C\u00e1diz 75 Cl"},"content":{"rendered":"<p>Tesalia Tinto de C\u00e1diz 75 Cl.<\/p>\n<p>Le Tesalia est un vin rouge de caract\u00e8re et de personnalit\u00e9, \u00e9labor\u00e9 \u00e0 Arcos de la Frontera, Cadix, \u00e0 partir d&#8217;une s\u00e9lection m\u00e9ticuleuse de vari\u00e9t\u00e9s telles que le Petit Verdot, la Syrah, la Tintilla de Rota et le Cabernet Sauvignon. Son \u00e9laboration minutieuse vise \u00e0 exprimer au maximum l&#8217;essence du terroir de Cadix, offrant ainsi une exp\u00e9rience sensorielle unique. <\/p>\n<p>Sa robe est d&#8217;un rouge intense et profond. Au nez, il pr\u00e9sente une palette aromatique complexe avec des notes de fruits m\u00fbrs, d&#8217;\u00e9pices et de subtiles nuances de cacao et de vanille dues \u00e0 son \u00e9levage en f\u00fbts de ch\u00eane. En bouche, il pr\u00e9sente une structure \u00e9quilibr\u00e9e, des tanins soyeux et une acidit\u00e9 qui renforce sa fra\u00eecheur. Sa finale est longue, \u00e9l\u00e9gante et d&#8217;une persistance qui vous invite \u00e0 continuer \u00e0 le d\u00e9guster.   <\/p>\n<p>La Tintilla de Rota est un c\u00e9page rouge espagnol originaire de la r\u00e9gion de Cadix, et plus particuli\u00e8rement de la ville c\u00f4ti\u00e8re de Rota, en Andalousie. Il est g\u00e9n\u00e9tiquement identique au raisin Graciano utilis\u00e9 dans des r\u00e9gions telles que La Rioja, mais \u00e0 Cadix, il a une histoire et une expression uniques gr\u00e2ce au terroir local, caract\u00e9ris\u00e9 par des sols sablonneux sur argile, qui lui ont permis de survivre au phyllox\u00e9ra. Le raisin produit de petites baies fonc\u00e9es, \u00e0 l&#8217;acidit\u00e9 et aux tannins \u00e9lev\u00e9s, peu abondantes mais au go\u00fbt intense. Historiquement, la Tintilla de Rota \u00e9tait utilis\u00e9e pour \u00e9laborer des vins rouges secs et doux, populaires au XIXe si\u00e8cle et au d\u00e9but du XXe si\u00e8cle, en particulier au Royaume-Uni.    Les versions sucr\u00e9es, souvent fortifi\u00e9es avec de l&#8217;alcool de vin et parfois \u00e9dulcor\u00e9es avec de l&#8217;arrope (mo\u00fbt de raisin concentr\u00e9), \u00e9taient traditionnellement \u00e9labor\u00e9es \u00e0 partir de vendanges tardives et d&#8217;un s\u00e9chage au soleil (asoleo) pour concentrer les sucres. Ces vins, vieillis par oxydation en f\u00fbts de ch\u00eane, d\u00e9veloppent des ar\u00f4mes complexes de figues s\u00e8ches, de caramel, de caf\u00e9 et d&#8217;\u00e9pices, avec un palais \u00e9quilibr\u00e9 entre douceur, acidit\u00e9 et une l\u00e9g\u00e8re salinit\u00e9 due \u00e0 la proximit\u00e9 de la c\u00f4te de Rota. Ils sont g\u00e9n\u00e9ralement cors\u00e9s, avec des taux d&#8217;alcool compris entre 15 et 18 %, et se marient bien avec des desserts tels que les pesti\u00f1os, les fromages bleus ou le foie gras, servis \u00e0 une temp\u00e9rature comprise entre 12 et 14 \u00b0C.  <\/p>\n<p>Dans les supermarch\u00e9s Andalubox, vous trouverez toutes sortes de vins andalous et en particulier la tintilla de Rota.<\/p>\n<p>Andalubox exporte le raisin Tintilla de Rota (Cadix) dans toute l&#8217;Europe via www.andalubox.com.<\/p>","protected":false},"excerpt":{"rendered":"<p>Tesalia Tinto de C\u00e1diz 75 Cl pour l&#8217;exportation vers l&#8217;Europe.<\/p>\n","protected":false},"featured_media":25351,"comment_status":"open","ping_status":"closed","template":"","meta":{"site-sidebar-layout":"default","site-content-layout":"","ast-site-content-layout":"default","site-content-style":"default","site-sidebar-style":"default","ast-global-header-display":"","ast-banner-title-visibility":"","ast-main-header-display":"","ast-hfb-above-header-display":"","ast-hfb-below-header-display":"","ast-hfb-mobile-header-display":"","site-post-title":"","ast-breadcrumbs-content":"","ast-featured-img":"","footer-sml-layout":"","ast-disable-related-posts":"","theme-transparent-header-meta":"default","adv-header-id-meta":"","stick-header-meta":"","header-above-stick-meta":"","header-main-stick-meta":"","header-below-stick-meta":"","astra-migrate-meta-layouts":"default","ast-page-background-enabled":"default","ast-page-background-meta":{"desktop":{"background-color":"var(--ast-global-color-4)","background-image":"","background-repeat":"repeat","background-position":"center center","background-size":"auto","background-attachment":"scroll","background-type":"","background-media":"","overlay-type":"","overlay-color":"","overlay-opacity":"","overlay-gradient":""},"tablet":{"background-color":"","background-image":"","background-repeat":"repeat","background-position":"center center","background-size":"auto","background-attachment":"scroll","background-type":"","background-media":"","overlay-type":"","overlay-color":"","overlay-opacity":"","overlay-gradient":""},"mobile":{"background-color":"","background-image":"","background-repeat":"repeat","background-position":"center center","background-size":"auto","background-attachment":"scroll","background-type":"","background-media":"","overlay-type":"","overlay-color":"","overlay-opacity":"","overlay-gradient":""}},"ast-content-background-meta":{"desktop":{"background-color":"var(--ast-global-color-5)","background-image":"","background-repeat":"repeat","background-position":"center center","background-size":"auto","background-attachment":"scroll","background-type":"","background-media":"","overlay-type":"","overlay-color":"","overlay-opacity":"","overlay-gradient":""},"tablet":{"background-color":"var(--ast-global-color-5)","background-image":"","background-repeat":"repeat","background-position":"center center","background-size":"auto","background-attachment":"scroll","background-type":"","background-media":"","overlay-type":"","overlay-color":"","overlay-opacity":"","overlay-gradient":""},"mobile":{"background-color":"var(--ast-global-color-5)","background-image":"","background-repeat":"repeat","background-position":"center center","background-size":"auto","background-attachment":"scroll","background-type":"","background-media":"","overlay-type":"","overlay-color":"","overlay-opacity":"","overlay-gradient":""}}},"product_brand":[1239],"product_cat":[294],"product_tag":[],"class_list":{"0":"post-25358","1":"product","2":"type-product","3":"status-publish","4":"has-post-thumbnail","6":"product_brand-tesalia","7":"product_cat-vin-rouge","8":"desktop-align-left","9":"tablet-align-left","10":"mobile-align-left","12":"first","13":"instock","14":"taxable","15":"shipping-taxable","16":"purchasable","17":"product-type-simple"},"_links":{"self":[{"href":"https:\/\/andalubox.com\/fr\/wp-json\/wp\/v2\/product\/25358","targetHints":{"allow":["GET"]}}],"collection":[{"href":"https:\/\/andalubox.com\/fr\/wp-json\/wp\/v2\/product"}],"about":[{"href":"https:\/\/andalubox.com\/fr\/wp-json\/wp\/v2\/types\/product"}],"replies":[{"embeddable":true,"href":"https:\/\/andalubox.com\/fr\/wp-json\/wp\/v2\/comments?post=25358"}],"wp:featuredmedia":[{"embeddable":true,"href":"https:\/\/andalubox.com\/fr\/wp-json\/wp\/v2\/media\/25351"}],"wp:attachment":[{"href":"https:\/\/andalubox.com\/fr\/wp-json\/wp\/v2\/media?parent=25358"}],"wp:term":[{"taxonomy":"product_brand","embeddable":true,"href":"https:\/\/andalubox.com\/fr\/wp-json\/wp\/v2\/product_brand?post=25358"},{"taxonomy":"product_cat","embeddable":true,"href":"https:\/\/andalubox.com\/fr\/wp-json\/wp\/v2\/product_cat?post=25358"},{"taxonomy":"product_tag","embeddable":true,"href":"https:\/\/andalubox.com\/fr\/wp-json\/wp\/v2\/product_tag?post=25358"}],"curies":[{"name":"wp","href":"https:\/\/api.w.org\/{rel}","templated":true}]}}