{"id":25346,"date":"2025-08-23T19:11:24","date_gmt":"2025-08-23T17:11:24","guid":{"rendered":"https:\/\/andalubox.com\/producto-andaluz\/vara-y-pulgar-red-wine-tintilla-de-rota-75-cl\/"},"modified":"2025-09-18T00:28:23","modified_gmt":"2025-09-17T22:28:23","slug":"vara-y-pulgar-red-wine-tintilla-de-rota-75-cl","status":"publish","type":"product","link":"https:\/\/andalubox.com\/fr\/producto-andaluz\/vara-y-pulgar-red-wine-tintilla-de-rota-75-cl\/","title":{"rendered":"Vara y Pulgar Red Wine Tintilla de Rota 75 Cl"},"content":{"rendered":"<p>Vara y Pulgar Tinto Tintilla de Rota 75 Cl.<\/p>\n<p>Le Vara y Pulgar 2022 est un vin rouge de Tierra de C\u00e1diz, \u00e9labor\u00e9 \u00e0 partir de 100 % de Tintilla de Rota, un c\u00e9page historique du sud de l&#8217;Espagne qui a \u00e9t\u00e9 r\u00e9cup\u00e9r\u00e9 pour mettre en valeur son expressivit\u00e9 et son caract\u00e8re unique. Produit par la Compa\u00f1\u00eda de Vinos del Atl\u00e1ntico, ce vin repr\u00e9sente l&#8217;essence du terroir de Cadix, avec des vignobles influenc\u00e9s par la brise atlantique et des sols calcaires qui apportent min\u00e9ralit\u00e9 et fra\u00eecheur. <\/p>\n<p>\u00c9lev\u00e9 avec une fermentation naturelle et une vinification respectueuse, le Vara y Pulgar 2022 pr\u00e9sente une couleur rouge cerise intense avec des reflets violets. Au nez, il pr\u00e9sente des notes de fruits noirs, d&#8217;\u00e9pices, de balsamique et un fond min\u00e9ral, d\u00e9notant l&#8217;influence du sol. En bouche, il est frais, \u00e9quilibr\u00e9 et structur\u00e9, avec des tanins doux et une acidit\u00e9 vibrante qui le rend persistant et \u00e9l\u00e9gant.  <\/p>\n<p>La Tintilla de Rota est un c\u00e9page rouge espagnol originaire de la r\u00e9gion de Cadix, et plus particuli\u00e8rement de la ville c\u00f4ti\u00e8re de Rota, en Andalousie. Il est g\u00e9n\u00e9tiquement identique au raisin Graciano utilis\u00e9 dans des r\u00e9gions telles que La Rioja, mais \u00e0 Cadix, il a une histoire et une expression uniques gr\u00e2ce au terroir local, caract\u00e9ris\u00e9 par des sols sablonneux sur argile, qui lui ont permis de survivre au phyllox\u00e9ra. Le raisin produit de petites baies fonc\u00e9es, \u00e0 l&#8217;acidit\u00e9 et aux tannins \u00e9lev\u00e9s, peu abondantes mais au go\u00fbt intense. Historiquement, la Tintilla de Rota \u00e9tait utilis\u00e9e pour \u00e9laborer des vins rouges secs et doux, populaires au XIXe si\u00e8cle et au d\u00e9but du XXe si\u00e8cle, en particulier au Royaume-Uni.    Les versions sucr\u00e9es, souvent fortifi\u00e9es avec de l&#8217;alcool de vin et parfois \u00e9dulcor\u00e9es avec de l&#8217;arrope (mo\u00fbt de raisin concentr\u00e9), \u00e9taient traditionnellement \u00e9labor\u00e9es \u00e0 partir de vendanges tardives et d&#8217;un s\u00e9chage au soleil (asoleo) pour concentrer les sucres. Ces vins, vieillis par oxydation en f\u00fbts de ch\u00eane, d\u00e9veloppent des ar\u00f4mes complexes de figues s\u00e8ches, de caramel, de caf\u00e9 et d&#8217;\u00e9pices, avec un palais \u00e9quilibr\u00e9 entre douceur, acidit\u00e9 et une l\u00e9g\u00e8re salinit\u00e9 due \u00e0 la proximit\u00e9 de la c\u00f4te de Rota. Ils sont g\u00e9n\u00e9ralement cors\u00e9s, avec des taux d&#8217;alcool compris entre 15 et 18 %, et se marient bien avec des desserts tels que les pesti\u00f1os, les fromages bleus ou le foie gras, servis \u00e0 une temp\u00e9rature comprise entre 12 et 14 \u00b0C.  <\/p>\n<p>Andalubox exp\u00e9die Tintilla de Rota dans tous les pays europ\u00e9ens.<\/p>","protected":false},"excerpt":{"rendered":"<p>Vara y Pulgar Tinto Tintilla de Rota 75 Cl pour l&#8217;exportation vers toute l&#8217;EUROPE.<\/p>\n","protected":false},"featured_media":25339,"template":"","meta":{"site-sidebar-layout":"default","site-content-layout":"","ast-site-content-layout":"default","site-content-style":"default","site-sidebar-style":"default","ast-global-header-display":"","ast-banner-title-visibility":"","ast-main-header-display":"","ast-hfb-above-header-display":"","ast-hfb-below-header-display":"","ast-hfb-mobile-header-display":"","site-post-title":"","ast-breadcrumbs-content":"","ast-featured-img":"","footer-sml-layout":"","ast-disable-related-posts":"","theme-transparent-header-meta":"default","adv-header-id-meta":"","stick-header-meta":"","header-above-stick-meta":"","header-main-stick-meta":"","header-below-stick-meta":"","astra-migrate-meta-layouts":"default","ast-page-background-enabled":"default","ast-page-background-meta":{"desktop":{"background-color":"var(--ast-global-color-4)","background-image":"","background-repeat":"repeat","background-position":"center center","background-size":"auto","background-attachment":"scroll","background-type":"","background-media":"","overlay-type":"","overlay-color":"","overlay-opacity":"","overlay-gradient":""},"tablet":{"background-color":"","background-image":"","background-repeat":"repeat","background-position":"center center","background-size":"auto","background-attachment":"scroll","background-type":"","background-media":"","overlay-type":"","overlay-color":"","overlay-opacity":"","overlay-gradient":""},"mobile":{"background-color":"","background-image":"","background-repeat":"repeat","background-position":"center center","background-size":"auto","background-attachment":"scroll","background-type":"","background-media":"","overlay-type":"","overlay-color":"","overlay-opacity":"","overlay-gradient":""}},"ast-content-background-meta":{"desktop":{"background-color":"var(--ast-global-color-5)","background-image":"","background-repeat":"repeat","background-position":"center center","background-size":"auto","background-attachment":"scroll","background-type":"","background-media":"","overlay-type":"","overlay-color":"","overlay-opacity":"","overlay-gradient":""},"tablet":{"background-color":"var(--ast-global-color-5)","background-image":"","background-repeat":"repeat","background-position":"center center","background-size":"auto","background-attachment":"scroll","background-type":"","background-media":"","overlay-type":"","overlay-color":"","overlay-opacity":"","overlay-gradient":""},"mobile":{"background-color":"var(--ast-global-color-5)","background-image":"","background-repeat":"repeat","background-position":"center center","background-size":"auto","background-attachment":"scroll","background-type":"","background-media":"","overlay-type":"","overlay-color":"","overlay-opacity":"","overlay-gradient":""}}},"product_brand":[1238],"product_cat":[294],"product_tag":[],"class_list":{"0":"post-25346","1":"product","2":"type-product","3":"status-publish","4":"has-post-thumbnail","6":"product_brand-vara-y-pulgar","7":"product_cat-vin-rouge","8":"desktop-align-left","9":"tablet-align-left","10":"mobile-align-left","12":"first","13":"instock","14":"taxable","15":"shipping-taxable","16":"purchasable","17":"product-type-simple"},"_links":{"self":[{"href":"https:\/\/andalubox.com\/fr\/wp-json\/wp\/v2\/product\/25346","targetHints":{"allow":["GET"]}}],"collection":[{"href":"https:\/\/andalubox.com\/fr\/wp-json\/wp\/v2\/product"}],"about":[{"href":"https:\/\/andalubox.com\/fr\/wp-json\/wp\/v2\/types\/product"}],"wp:featuredmedia":[{"embeddable":true,"href":"https:\/\/andalubox.com\/fr\/wp-json\/wp\/v2\/media\/25339"}],"wp:attachment":[{"href":"https:\/\/andalubox.com\/fr\/wp-json\/wp\/v2\/media?parent=25346"}],"wp:term":[{"taxonomy":"product_brand","embeddable":true,"href":"https:\/\/andalubox.com\/fr\/wp-json\/wp\/v2\/product_brand?post=25346"},{"taxonomy":"product_cat","embeddable":true,"href":"https:\/\/andalubox.com\/fr\/wp-json\/wp\/v2\/product_cat?post=25346"},{"taxonomy":"product_tag","embeddable":true,"href":"https:\/\/andalubox.com\/fr\/wp-json\/wp\/v2\/product_tag?post=25346"}],"curies":[{"name":"wp","href":"https:\/\/api.w.org\/{rel}","templated":true}]}}