{"id":25322,"date":"2025-08-23T18:57:59","date_gmt":"2025-08-23T16:57:59","guid":{"rendered":"https:\/\/andalubox.com\/producto-andaluz\/samaruco-tinto-tierra-de-cadiz-75-cl\/"},"modified":"2026-01-26T19:22:42","modified_gmt":"2026-01-26T18:22:42","slug":"samaruco-tinto-tierra-de-cadiz-75-cl","status":"publish","type":"product","link":"https:\/\/andalubox.com\/fr\/producto-andaluz\/samaruco-tinto-tierra-de-cadiz-75-cl\/","title":{"rendered":"Samaruco Tinto Tierra de C\u00e1diz 75 Cl"},"content":{"rendered":"<p>Samaruco Tinto Tierra de C\u00e1diz 75 Cl.<\/p>\n<p>Le Samaruco est un vin rouge crianza de l&#8217;IGP Vino de la Tierra de C\u00e1diz, produit par les Bodegas Luis P\u00e9rez \u00e0 Jerez de la Frontera. Il est principalement \u00e9labor\u00e9 \u00e0 partir des c\u00e9pages syrah et petit verdot, bien que des vari\u00e9t\u00e9s telles que le merlot et le tempranillo aient \u00e9t\u00e9 incluses dans les mill\u00e9simes pr\u00e9c\u00e9dents (comme en 2010). Il provient du domaine Hacienda Vistahermosa, \u00e0 Pago del Corchuelo, en altitude, sur des sols albariza (argiles calcaires avec des limons gypsif\u00e8res) et dans un microclimat influenc\u00e9 par les vents maritimes.<br>Principales caract\u00e9ristiques :<br>C\u00e9pages : principalement Syrah (50-85%) et Petit Verdot (15-50%), en fonction du mill\u00e9sime. Certains mill\u00e9simes plus anciens comprenaient du Merlot, du Tempranillo et du Cabernet Sauvignon.   <\/p>\n<p>Vinification : Vendanges manuelles de nuit dans des caisses de 14 \u00e0 15 kg pour pr\u00e9server la fra\u00eecheur. Chaque vari\u00e9t\u00e9 est vinifi\u00e9e s\u00e9par\u00e9ment avec une mac\u00e9ration pr\u00e9fermentaire \u00e0 5\u00b0C, une fermentation en cuves inox (15-28\u00b0C) pendant 20 jours et une fermentation malolactique qui se termine en f\u00fbts de ch\u00eane fran\u00e7ais. \u00c9lev\u00e9 pendant 12 \u00e0 16 mois dans des f\u00fbts de ch\u00eane fran\u00e7ais moyennement grill\u00e9s, sans filtrage ni collage. Il repose pendant un an en bouteille avant d&#8217;\u00eatre mis sur le march\u00e9.   <\/p>\n<p>Notes de d\u00e9gustation :<br>Couleur : rouge grenat ou rouge cerise, robe moyenne \u00e0 haute.<\/p>\n<p>Nez : Intense, avec des ar\u00f4mes de fruits rouges et noirs m\u00fbrs (cerises, baies), des notes de sous-bois, d&#8217;\u00e9pices (poivre, r\u00e9glisse), de caf\u00e9, de cacao et des nuances min\u00e9rales.<\/p>\n<p>Bouche : Puissant, soyeux, avec des tannins doux, une bonne acidit\u00e9 et une finale persistante avec des nuances grill\u00e9es.<br>Accompagnement : Id\u00e9al avec les viandes grill\u00e9es, les rago\u00fbts, les fromages affin\u00e9s et les desserts au chocolat.<\/p>\n<p>Taux d&#8217;alcool : 15% vol.<\/p>\n<p>Prix : entre 17,95 \u20ac et 20,90 \u20ac (selon le mill\u00e9sime et le distributeur, par exemple 2020, 2021, 2022).<\/p>\n<p>Production : Limit\u00e9e, avec des rendements de 3 500 \u00e0 5 000 kg\/ha, selon des pratiques de viticulture biologique avec une intervention minimale.<br>Profil : Samaruco est un vin caract\u00e9ristique, \u00e9quilibr\u00e9 entre puissance et fra\u00eecheur, avec une grande expression vari\u00e9tale et un caract\u00e8re qui refl\u00e8te le terroir de Cadix. Il est consid\u00e9r\u00e9 comme la r\u00e9f\u00e9rence des nouveaux vins rouges de Cadix, se distinguant par son intensit\u00e9 et sa subtilit\u00e9. Il est recommand\u00e9 de le servir \u00e0 16 \u00b0C et de le laisser s&#8217;oxyg\u00e9ner pour profiter pleinement de ses ar\u00f4mes.  <\/p>\n<p>DESCRIPTION<\/p>\n<p>Appellation d&#8217;origine : Tierra de C\u00e1diz<br>Vari\u00e9t\u00e9s : 50% Petit Verdot, 50% Syrah<br>Vieillissement : 12 \u00e0 16 mois en f\u00fbts de ch\u00eane<br>Taux d&#8217;alcool : 15 %.<\/p>\n<p>Andalubox exporte le vin Samaruco dans des villes telles que Londres, Dublin, Paris et Berlin.<\/p>","protected":false},"excerpt":{"rendered":"<p>Samaruco Tinto Tierra de C\u00e1diz 75 Cl pour l&#8217;exportation vers TOUTE L&#8217;EUROPE.<\/p>\n","protected":false},"featured_media":25315,"comment_status":"open","ping_status":"closed","template":"","meta":{"site-sidebar-layout":"default","site-content-layout":"","ast-site-content-layout":"default","site-content-style":"default","site-sidebar-style":"default","ast-global-header-display":"","ast-banner-title-visibility":"","ast-main-header-display":"","ast-hfb-above-header-display":"","ast-hfb-below-header-display":"","ast-hfb-mobile-header-display":"","site-post-title":"","ast-breadcrumbs-content":"","ast-featured-img":"","footer-sml-layout":"","ast-disable-related-posts":"","theme-transparent-header-meta":"default","adv-header-id-meta":"","stick-header-meta":"","header-above-stick-meta":"","header-main-stick-meta":"","header-below-stick-meta":"","astra-migrate-meta-layouts":"default","ast-page-background-enabled":"default","ast-page-background-meta":{"desktop":{"background-color":"var(--ast-global-color-4)","background-image":"","background-repeat":"repeat","background-position":"center center","background-size":"auto","background-attachment":"scroll","background-type":"","background-media":"","overlay-type":"","overlay-color":"","overlay-opacity":"","overlay-gradient":""},"tablet":{"background-color":"","background-image":"","background-repeat":"repeat","background-position":"center center","background-size":"auto","background-attachment":"scroll","background-type":"","background-media":"","overlay-type":"","overlay-color":"","overlay-opacity":"","overlay-gradient":""},"mobile":{"background-color":"","background-image":"","background-repeat":"repeat","background-position":"center center","background-size":"auto","background-attachment":"scroll","background-type":"","background-media":"","overlay-type":"","overlay-color":"","overlay-opacity":"","overlay-gradient":""}},"ast-content-background-meta":{"desktop":{"background-color":"var(--ast-global-color-5)","background-image":"","background-repeat":"repeat","background-position":"center center","background-size":"auto","background-attachment":"scroll","background-type":"","background-media":"","overlay-type":"","overlay-color":"","overlay-opacity":"","overlay-gradient":""},"tablet":{"background-color":"var(--ast-global-color-5)","background-image":"","background-repeat":"repeat","background-position":"center center","background-size":"auto","background-attachment":"scroll","background-type":"","background-media":"","overlay-type":"","overlay-color":"","overlay-opacity":"","overlay-gradient":""},"mobile":{"background-color":"var(--ast-global-color-5)","background-image":"","background-repeat":"repeat","background-position":"center center","background-size":"auto","background-attachment":"scroll","background-type":"","background-media":"","overlay-type":"","overlay-color":"","overlay-opacity":"","overlay-gradient":""}}},"product_brand":[1236],"product_cat":[294],"product_tag":[],"class_list":{"0":"post-25322","1":"product","2":"type-product","3":"status-publish","4":"has-post-thumbnail","6":"product_brand-samaruco","7":"product_cat-vin-rouge","8":"desktop-align-left","9":"tablet-align-left","10":"mobile-align-left","12":"first","13":"instock","14":"taxable","15":"shipping-taxable","16":"purchasable","17":"product-type-simple"},"_links":{"self":[{"href":"https:\/\/andalubox.com\/fr\/wp-json\/wp\/v2\/product\/25322","targetHints":{"allow":["GET"]}}],"collection":[{"href":"https:\/\/andalubox.com\/fr\/wp-json\/wp\/v2\/product"}],"about":[{"href":"https:\/\/andalubox.com\/fr\/wp-json\/wp\/v2\/types\/product"}],"replies":[{"embeddable":true,"href":"https:\/\/andalubox.com\/fr\/wp-json\/wp\/v2\/comments?post=25322"}],"wp:featuredmedia":[{"embeddable":true,"href":"https:\/\/andalubox.com\/fr\/wp-json\/wp\/v2\/media\/25315"}],"wp:attachment":[{"href":"https:\/\/andalubox.com\/fr\/wp-json\/wp\/v2\/media?parent=25322"}],"wp:term":[{"taxonomy":"product_brand","embeddable":true,"href":"https:\/\/andalubox.com\/fr\/wp-json\/wp\/v2\/product_brand?post=25322"},{"taxonomy":"product_cat","embeddable":true,"href":"https:\/\/andalubox.com\/fr\/wp-json\/wp\/v2\/product_cat?post=25322"},{"taxonomy":"product_tag","embeddable":true,"href":"https:\/\/andalubox.com\/fr\/wp-json\/wp\/v2\/product_tag?post=25322"}],"curies":[{"name":"wp","href":"https:\/\/api.w.org\/{rel}","templated":true}]}}