{"id":25230,"date":"2025-08-22T18:02:03","date_gmt":"2025-08-22T16:02:03","guid":{"rendered":"https:\/\/andalubox.com\/producto-andaluz\/miura-liqueur-de-cerise-acide-70-cl\/"},"modified":"2026-01-26T19:35:19","modified_gmt":"2026-01-26T18:35:19","slug":"miura-liqueur-de-cerise-acide-70-cl","status":"publish","type":"product","link":"https:\/\/andalubox.com\/fr\/producto-andaluz\/miura-liqueur-de-cerise-acide-70-cl\/","title":{"rendered":"Miura Liqueur de cerise acide 70 cl"},"content":{"rendered":"<p>Miura Licor de Guindas 70 Cl est une liqueur de cerise espagnole traditionnelle fabriqu\u00e9e par Destiler\u00edas de Cazalla, situ\u00e9 \u00e0 Cazalla de la Sierra, S\u00e9ville, dans le couvent historique de los Diezmos. \u00c9labor\u00e9e \u00e0 partir d&#8217;une recette s\u00e9culaire de moines franciscains datant du XVe si\u00e8cle, elle est obtenue en faisant mac\u00e9rer des cerises sauvages (guindas) dans une fine eau-de-vie anis\u00e9e distill\u00e9e dans d&#8217;antiques alambics. Le processus consiste \u00e0 s\u00e9lectionner soigneusement des cerises m\u00fbres, \u00e0 les faire mac\u00e9rer pendant au moins six mois et \u00e0 les presser d\u00e9licatement pour en extraire leur saveur intense et leur couleur rouge rubis caract\u00e9ristique.   Groupe Caballero.<\/p>\n<p>Notes de d\u00e9gustation :<\/p>\n<ul>\n\t<li>Aspect : Rouge rubis clair et brillant.<\/li>\n\t<li>Ar\u00f4me : doux, avec des notes de fruits rouges et de matalah\u00fava (anis).<\/li>\n\t<li>Go\u00fbt : doux, cr\u00e9meux, avec une texture velout\u00e9e et des nuances anis\u00e9es.<\/li>\n<\/ul>\n<p>Conseils de d\u00e9gustation : Servez tr\u00e8s frais, pur dans un verre court avec de la glace ou dans un verre ballon. Il peut \u00eatre m\u00e9lang\u00e9 \u00e0 des boissons gazeuses aux fruits ou agr\u00e9ment\u00e9 d&#8217;un trait de jus de citron vert ou d&#8217;orange et d&#8217;une touche d&#8217;agrume pour une boisson estivale rafra\u00eechissante.<br>Id\u00e9al pour d\u00e9guster apr\u00e8s le d\u00eener ou pour accompagner les desserts et le caf\u00e9. <\/p>\n<p>D\u00e9tails :<\/p>\n<ul>\n\t<li>Titre alcoom\u00e9trique : 20 % vol.<\/li>\n\t<li>Taille de la bouteille : 70 cl.<\/li>\n\t<li>Producteur : fait partie du groupe Caballero, qui a rejoint la Destiler\u00eda Cazalla en 1996.<\/li>\n<\/ul>\n<p>Cette liqueur est r\u00e9put\u00e9e pour la richesse de sa tradition et de son artisanat, pr\u00e9servant les m\u00e9thodes traditionnelles dans un cadre historique.<\/p>","protected":false},"excerpt":{"rendered":"<p>Miura Licor de Guindas 70 Cl pour l&#8217;exportation vers TOUTE L&#8217;EUROPE.<\/p>\n","protected":false},"featured_media":25226,"comment_status":"open","ping_status":"closed","template":"","meta":{"site-sidebar-layout":"default","site-content-layout":"","ast-site-content-layout":"default","site-content-style":"default","site-sidebar-style":"default","ast-global-header-display":"","ast-banner-title-visibility":"","ast-main-header-display":"","ast-hfb-above-header-display":"","ast-hfb-below-header-display":"","ast-hfb-mobile-header-display":"","site-post-title":"","ast-breadcrumbs-content":"","ast-featured-img":"","footer-sml-layout":"","ast-disable-related-posts":"","theme-transparent-header-meta":"default","adv-header-id-meta":"","stick-header-meta":"","header-above-stick-meta":"","header-main-stick-meta":"","header-below-stick-meta":"","astra-migrate-meta-layouts":"default","ast-page-background-enabled":"default","ast-page-background-meta":{"desktop":{"background-color":"var(--ast-global-color-4)","background-image":"","background-repeat":"repeat","background-position":"center center","background-size":"auto","background-attachment":"scroll","background-type":"","background-media":"","overlay-type":"","overlay-color":"","overlay-opacity":"","overlay-gradient":""},"tablet":{"background-color":"","background-image":"","background-repeat":"repeat","background-position":"center center","background-size":"auto","background-attachment":"scroll","background-type":"","background-media":"","overlay-type":"","overlay-color":"","overlay-opacity":"","overlay-gradient":""},"mobile":{"background-color":"","background-image":"","background-repeat":"repeat","background-position":"center center","background-size":"auto","background-attachment":"scroll","background-type":"","background-media":"","overlay-type":"","overlay-color":"","overlay-opacity":"","overlay-gradient":""}},"ast-content-background-meta":{"desktop":{"background-color":"var(--ast-global-color-5)","background-image":"","background-repeat":"repeat","background-position":"center center","background-size":"auto","background-attachment":"scroll","background-type":"","background-media":"","overlay-type":"","overlay-color":"","overlay-opacity":"","overlay-gradient":""},"tablet":{"background-color":"var(--ast-global-color-5)","background-image":"","background-repeat":"repeat","background-position":"center center","background-size":"auto","background-attachment":"scroll","background-type":"","background-media":"","overlay-type":"","overlay-color":"","overlay-opacity":"","overlay-gradient":""},"mobile":{"background-color":"var(--ast-global-color-5)","background-image":"","background-repeat":"repeat","background-position":"center center","background-size":"auto","background-attachment":"scroll","background-type":"","background-media":"","overlay-type":"","overlay-color":"","overlay-opacity":"","overlay-gradient":""}}},"product_brand":[1234],"product_cat":[41],"product_tag":[],"class_list":{"0":"post-25230","1":"product","2":"type-product","3":"status-publish","4":"has-post-thumbnail","6":"product_brand-miura","7":"product_cat-conservas-de-carne","8":"desktop-align-left","9":"tablet-align-left","10":"mobile-align-left","12":"first","13":"instock","14":"taxable","15":"shipping-taxable","16":"purchasable","17":"product-type-simple"},"_links":{"self":[{"href":"https:\/\/andalubox.com\/fr\/wp-json\/wp\/v2\/product\/25230","targetHints":{"allow":["GET"]}}],"collection":[{"href":"https:\/\/andalubox.com\/fr\/wp-json\/wp\/v2\/product"}],"about":[{"href":"https:\/\/andalubox.com\/fr\/wp-json\/wp\/v2\/types\/product"}],"replies":[{"embeddable":true,"href":"https:\/\/andalubox.com\/fr\/wp-json\/wp\/v2\/comments?post=25230"}],"wp:featuredmedia":[{"embeddable":true,"href":"https:\/\/andalubox.com\/fr\/wp-json\/wp\/v2\/media\/25226"}],"wp:attachment":[{"href":"https:\/\/andalubox.com\/fr\/wp-json\/wp\/v2\/media?parent=25230"}],"wp:term":[{"taxonomy":"product_brand","embeddable":true,"href":"https:\/\/andalubox.com\/fr\/wp-json\/wp\/v2\/product_brand?post=25230"},{"taxonomy":"product_cat","embeddable":true,"href":"https:\/\/andalubox.com\/fr\/wp-json\/wp\/v2\/product_cat?post=25230"},{"taxonomy":"product_tag","embeddable":true,"href":"https:\/\/andalubox.com\/fr\/wp-json\/wp\/v2\/product_tag?post=25230"}],"curies":[{"name":"wp","href":"https:\/\/api.w.org\/{rel}","templated":true}]}}