{"id":25222,"date":"2025-08-22T17:54:25","date_gmt":"2025-08-22T15:54:25","guid":{"rendered":"https:\/\/andalubox.com\/producto-andaluz\/creme-de-cazalla-70-cl\/"},"modified":"2026-01-26T19:35:10","modified_gmt":"2026-01-26T18:35:10","slug":"creme-de-cazalla-70-cl","status":"publish","type":"product","link":"https:\/\/andalubox.com\/fr\/producto-andaluz\/creme-de-cazalla-70-cl\/","title":{"rendered":"Cr\u00e8me de Cazalla 70 Cl"},"content":{"rendered":"<p>Crema de Cazalla 70 Cl, SOUL AND PASSION<br>Crema de Cazalla est une cr\u00e8me de liqueur anis\u00e9e \u00e9labor\u00e9e dans les Destiler\u00edas de Cazalla, qui faisaient partie de l&#8217;ancien couvent de Los Diezmos, \u00e0 Cazalla de la Sierra. Grupo Caballero.<br>Une recette \u00e0 tomber amoureux, l&#8217;union d&#8217;une pr\u00e9paration laiti\u00e8re de cannelle et d&#8217;\u00e9corces d&#8217;agrumes, comme l&#8217;orange et le citron, et de notre liqueur anis\u00e9e traditionnelle, \u00e9labor\u00e9e dans les alambics centenaires de Destiler\u00edas de Cazalla. <\/p>\n<p>Exquise et d\u00e9licate cr\u00e8me de liqueur anis\u00e9e \u00e9labor\u00e9e dans les Destiler\u00edas de Cazalla, qui font partie de l&#8217;ancien couvent de San Francisco \u00e0 Cazalla de la Sierra, S\u00e9ville.<br>Le r\u00e9sultat est une cr\u00e8me de liqueur anis\u00e9e avec des notes de cannelle, douce et soyeuse en bouche, avec des notes de riz au lait et une touche d&#8217;agrumes.<br>Parfait pour l&#8217;ap\u00e9ritif ; 17% Vol.<br>Servir frais, dans un verre large et bas avec des gla\u00e7ons.<\/p>","protected":false},"excerpt":{"rendered":"<p>Crema de Cazalla 70 Cl, Cream of Aniseed, exp\u00e9ditions vers TOUTE L&#8217;EUROPE.<\/p>\n","protected":false},"featured_media":25218,"comment_status":"open","ping_status":"closed","template":"","meta":{"site-sidebar-layout":"default","site-content-layout":"","ast-site-content-layout":"default","site-content-style":"default","site-sidebar-style":"default","ast-global-header-display":"","ast-banner-title-visibility":"","ast-main-header-display":"","ast-hfb-above-header-display":"","ast-hfb-below-header-display":"","ast-hfb-mobile-header-display":"","site-post-title":"","ast-breadcrumbs-content":"","ast-featured-img":"","footer-sml-layout":"","ast-disable-related-posts":"","theme-transparent-header-meta":"default","adv-header-id-meta":"","stick-header-meta":"","header-above-stick-meta":"","header-main-stick-meta":"","header-below-stick-meta":"","astra-migrate-meta-layouts":"default","ast-page-background-enabled":"default","ast-page-background-meta":{"desktop":{"background-color":"var(--ast-global-color-4)","background-image":"","background-repeat":"repeat","background-position":"center center","background-size":"auto","background-attachment":"scroll","background-type":"","background-media":"","overlay-type":"","overlay-color":"","overlay-opacity":"","overlay-gradient":""},"tablet":{"background-color":"","background-image":"","background-repeat":"repeat","background-position":"center center","background-size":"auto","background-attachment":"scroll","background-type":"","background-media":"","overlay-type":"","overlay-color":"","overlay-opacity":"","overlay-gradient":""},"mobile":{"background-color":"","background-image":"","background-repeat":"repeat","background-position":"center center","background-size":"auto","background-attachment":"scroll","background-type":"","background-media":"","overlay-type":"","overlay-color":"","overlay-opacity":"","overlay-gradient":""}},"ast-content-background-meta":{"desktop":{"background-color":"var(--ast-global-color-5)","background-image":"","background-repeat":"repeat","background-position":"center center","background-size":"auto","background-attachment":"scroll","background-type":"","background-media":"","overlay-type":"","overlay-color":"","overlay-opacity":"","overlay-gradient":""},"tablet":{"background-color":"var(--ast-global-color-5)","background-image":"","background-repeat":"repeat","background-position":"center center","background-size":"auto","background-attachment":"scroll","background-type":"","background-media":"","overlay-type":"","overlay-color":"","overlay-opacity":"","overlay-gradient":""},"mobile":{"background-color":"var(--ast-global-color-5)","background-image":"","background-repeat":"repeat","background-position":"center center","background-size":"auto","background-attachment":"scroll","background-type":"","background-media":"","overlay-type":"","overlay-color":"","overlay-opacity":"","overlay-gradient":""}}},"product_brand":[1234],"product_cat":[41,1665],"product_tag":[],"class_list":{"0":"post-25222","1":"product","2":"type-product","3":"status-publish","4":"has-post-thumbnail","6":"product_brand-miura","7":"product_cat-conservas-de-carne","8":"product_cat-cremas-y-licores-dulces-fr","9":"desktop-align-left","10":"tablet-align-left","11":"mobile-align-left","13":"first","14":"instock","15":"taxable","16":"shipping-taxable","17":"purchasable","18":"product-type-simple"},"_links":{"self":[{"href":"https:\/\/andalubox.com\/fr\/wp-json\/wp\/v2\/product\/25222","targetHints":{"allow":["GET"]}}],"collection":[{"href":"https:\/\/andalubox.com\/fr\/wp-json\/wp\/v2\/product"}],"about":[{"href":"https:\/\/andalubox.com\/fr\/wp-json\/wp\/v2\/types\/product"}],"replies":[{"embeddable":true,"href":"https:\/\/andalubox.com\/fr\/wp-json\/wp\/v2\/comments?post=25222"}],"wp:featuredmedia":[{"embeddable":true,"href":"https:\/\/andalubox.com\/fr\/wp-json\/wp\/v2\/media\/25218"}],"wp:attachment":[{"href":"https:\/\/andalubox.com\/fr\/wp-json\/wp\/v2\/media?parent=25222"}],"wp:term":[{"taxonomy":"product_brand","embeddable":true,"href":"https:\/\/andalubox.com\/fr\/wp-json\/wp\/v2\/product_brand?post=25222"},{"taxonomy":"product_cat","embeddable":true,"href":"https:\/\/andalubox.com\/fr\/wp-json\/wp\/v2\/product_cat?post=25222"},{"taxonomy":"product_tag","embeddable":true,"href":"https:\/\/andalubox.com\/fr\/wp-json\/wp\/v2\/product_tag?post=25222"}],"curies":[{"name":"wp","href":"https:\/\/api.w.org\/{rel}","templated":true}]}}