{"id":25168,"date":"2025-08-19T11:46:38","date_gmt":"2025-08-19T09:46:38","guid":{"rendered":"https:\/\/andalubox.com\/producto-andaluz\/pruno-crianza-ribera-del-duero-75-cl\/"},"modified":"2026-01-26T19:37:39","modified_gmt":"2026-01-26T18:37:39","slug":"pruno-crianza-ribera-del-duero-75-cl","status":"publish","type":"product","link":"https:\/\/andalubox.com\/fr\/producto-andaluz\/pruno-crianza-ribera-del-duero-75-cl\/","title":{"rendered":"Pruno Crianza Ribera del Duero 75cl"},"content":{"rendered":"<p>Pruno Crianza Ribera del Duero 75cl est un vin rouge de Ribera del Duero, Espagne, produit par Finca Villacreces. Il s&#8217;agit d&#8217;un assemblage de Tempranillo (90-94 %) avec du Cabernet Sauvignon (6-10 %) et, dans certains mill\u00e9simes comme le 2022, une touche de Merlot (1 %). <\/p>\n<p>Le vin fait l&#8217;objet de vendanges manuelles, d&#8217;une double s\u00e9lection des raisins et d&#8217;une fermentation en cuves inox, suivie d&#8217;un \u00e9levage de 10 \u00e0 12 mois en f\u00fbts de ch\u00eane fran\u00e7ais (certaines sources mentionnent un m\u00e9lange de 75 % de ch\u00eane fran\u00e7ais et de 25 % de ch\u00eane am\u00e9ricain pour certains mill\u00e9simes).<\/p>\n<p>Sa teneur en alcool est comprise entre 14 et 14,3 % et il est recommand\u00e9 de le servir \u00e0 une temp\u00e9rature comprise entre 16 et 18 \u00b0C.<\/p>\n<p>Notes de d\u00e9gustation :<\/p>\n<ul>\n\t<li>Le Pruno Crianza a une couleur rouge cerise intense avec un bord violet. Il pr\u00e9sente des ar\u00f4mes de fruits rouges m\u00fbrs, tels que les myrtilles et les cerises, avec des notes de r\u00e9glisse, de caramel, de caf\u00e9 torr\u00e9fi\u00e9 et des nuances balsamiques. <\/li>\n\t<li>En bouche, il est juteux, velout\u00e9 et \u00e9quilibr\u00e9, avec des tanins fins, une bonne structure et une finale persistante et l\u00e9g\u00e8rement \u00e9pic\u00e9e.<\/li>\n\t<li>Accords mets\/vins : Se marie bien avec les viandes rouges, les r\u00f4tis, le gibier, les salades complexes et les fromages ou les charcuteries telles que le jambon ib\u00e9rique.<\/li>\n\t<li>Remerciements : Tr\u00e8s appr\u00e9ci\u00e9 par Robert Parker, qui l&#8217;a class\u00e9 parmi les meilleurs vins espagnols pour son rapport qualit\u00e9-prix, avec 92 points pour les mill\u00e9simes 2019 et 2022. Souvent d\u00e9crit comme &#8220;incroyable&#8221; et comme une r\u00e9f\u00e9rence dans le Golden Mile de Ribera del Duero.   <\/li>\n<\/ul>\n<p>Vignoble : la Finca Villacreces, situ\u00e9e \u00e0 Quintanilla de On\u00e9simo, couvre 110 hectares, dont 64 \u00e0 82 hectares de vignobles plant\u00e9s vers 1980 sur des sols sablo-limoneux \u00e0 une altitude de 710 m\u00e8tres au-dessus du niveau de la mer. Le domaine, qui appartient aux Bodegas Familiares Artevino, b\u00e9n\u00e9ficie d&#8217;un microclimat unique gr\u00e2ce \u00e0 la proximit\u00e9 du fleuve Duero et d&#8217;une pin\u00e8de centenaire. <\/p>","protected":false},"excerpt":{"rendered":"<p>Pruno Crianza Ribera del Duero 75 CL pour l&#8217;exportation vers TOUTE L&#8217;EUROPE.<\/p>\n","protected":false},"featured_media":25165,"comment_status":"open","ping_status":"closed","template":"","meta":{"site-sidebar-layout":"default","site-content-layout":"","ast-site-content-layout":"default","site-content-style":"default","site-sidebar-style":"default","ast-global-header-display":"","ast-banner-title-visibility":"","ast-main-header-display":"","ast-hfb-above-header-display":"","ast-hfb-below-header-display":"","ast-hfb-mobile-header-display":"","site-post-title":"","ast-breadcrumbs-content":"","ast-featured-img":"","footer-sml-layout":"","ast-disable-related-posts":"","theme-transparent-header-meta":"default","adv-header-id-meta":"","stick-header-meta":"","header-above-stick-meta":"","header-main-stick-meta":"","header-below-stick-meta":"","astra-migrate-meta-layouts":"default","ast-page-background-enabled":"default","ast-page-background-meta":{"desktop":{"background-color":"var(--ast-global-color-4)","background-image":"","background-repeat":"repeat","background-position":"center center","background-size":"auto","background-attachment":"scroll","background-type":"","background-media":"","overlay-type":"","overlay-color":"","overlay-opacity":"","overlay-gradient":""},"tablet":{"background-color":"","background-image":"","background-repeat":"repeat","background-position":"center center","background-size":"auto","background-attachment":"scroll","background-type":"","background-media":"","overlay-type":"","overlay-color":"","overlay-opacity":"","overlay-gradient":""},"mobile":{"background-color":"","background-image":"","background-repeat":"repeat","background-position":"center center","background-size":"auto","background-attachment":"scroll","background-type":"","background-media":"","overlay-type":"","overlay-color":"","overlay-opacity":"","overlay-gradient":""}},"ast-content-background-meta":{"desktop":{"background-color":"var(--ast-global-color-5)","background-image":"","background-repeat":"repeat","background-position":"center center","background-size":"auto","background-attachment":"scroll","background-type":"","background-media":"","overlay-type":"","overlay-color":"","overlay-opacity":"","overlay-gradient":""},"tablet":{"background-color":"var(--ast-global-color-5)","background-image":"","background-repeat":"repeat","background-position":"center center","background-size":"auto","background-attachment":"scroll","background-type":"","background-media":"","overlay-type":"","overlay-color":"","overlay-opacity":"","overlay-gradient":""},"mobile":{"background-color":"var(--ast-global-color-5)","background-image":"","background-repeat":"repeat","background-position":"center center","background-size":"auto","background-attachment":"scroll","background-type":"","background-media":"","overlay-type":"","overlay-color":"","overlay-opacity":"","overlay-gradient":""}}},"product_brand":[1259],"product_cat":[294],"product_tag":[],"class_list":{"0":"post-25168","1":"product","2":"type-product","3":"status-publish","4":"has-post-thumbnail","6":"product_brand-finca-villacreces","7":"product_cat-vin-rouge","8":"desktop-align-left","9":"tablet-align-left","10":"mobile-align-left","12":"first","13":"instock","14":"taxable","15":"shipping-taxable","16":"purchasable","17":"product-type-simple"},"_links":{"self":[{"href":"https:\/\/andalubox.com\/fr\/wp-json\/wp\/v2\/product\/25168","targetHints":{"allow":["GET"]}}],"collection":[{"href":"https:\/\/andalubox.com\/fr\/wp-json\/wp\/v2\/product"}],"about":[{"href":"https:\/\/andalubox.com\/fr\/wp-json\/wp\/v2\/types\/product"}],"replies":[{"embeddable":true,"href":"https:\/\/andalubox.com\/fr\/wp-json\/wp\/v2\/comments?post=25168"}],"wp:featuredmedia":[{"embeddable":true,"href":"https:\/\/andalubox.com\/fr\/wp-json\/wp\/v2\/media\/25165"}],"wp:attachment":[{"href":"https:\/\/andalubox.com\/fr\/wp-json\/wp\/v2\/media?parent=25168"}],"wp:term":[{"taxonomy":"product_brand","embeddable":true,"href":"https:\/\/andalubox.com\/fr\/wp-json\/wp\/v2\/product_brand?post=25168"},{"taxonomy":"product_cat","embeddable":true,"href":"https:\/\/andalubox.com\/fr\/wp-json\/wp\/v2\/product_cat?post=25168"},{"taxonomy":"product_tag","embeddable":true,"href":"https:\/\/andalubox.com\/fr\/wp-json\/wp\/v2\/product_tag?post=25168"}],"curies":[{"name":"wp","href":"https:\/\/api.w.org\/{rel}","templated":true}]}}