{"id":25157,"date":"2025-08-19T11:19:53","date_gmt":"2025-08-19T09:19:53","guid":{"rendered":"https:\/\/andalubox.com\/producto-andaluz\/sembro-ribera-del-duero-75-cl\/"},"modified":"2026-01-26T19:34:45","modified_gmt":"2026-01-26T18:34:45","slug":"sembro-ribera-del-duero-75-cl","status":"publish","type":"product","link":"https:\/\/andalubox.com\/fr\/producto-andaluz\/sembro-ribera-del-duero-75-cl\/","title":{"rendered":"Sembro Ribera del Duero 75 CL"},"content":{"rendered":"<p>Le Sembro Ribera del Duero 75 CL est un vin rouge de l&#8217;AOC Ribera del Duero, produit par Vi\u00f1as del Jaro. Il s&#8217;agit d&#8217;un Tempranillo monoc\u00e9page, connu pour son caract\u00e8re fruit\u00e9, avec des ar\u00f4mes de fruits rouges et noirs, des notes de vanille, de tabac et de cacao provenant d&#8217;un court vieillissement de 4 \u00e0 6 mois en f\u00fbts de ch\u00eane fran\u00e7ais. <\/p>\n<p>Le vin est d\u00e9fini comme frais, juteux et \u00e9quilibr\u00e9, avec des tanins doux et m\u00fbrs qui le rendent doux et accessible.<\/p>\n<p>Il a une couleur rouge vif avec des reflets violets, un corps moyen et un taux d&#8217;alcool d&#8217;environ 13,5-14,5 %. Il se marie bien avec les viandes grill\u00e9es, la charcuterie, les plats m\u00e9diterran\u00e9ens tels que les aubergines au parmesan ou les plats informels tels que les hamburgers et les l\u00e9gumes grill\u00e9s. <\/p>\n<ul>\n\t<li>Type : Vin rouge<\/li>\n\t<li>R\u00e9gion : Ribera del Duero (Espagne)<\/li>\n\t<li>Raisins : 100% Tempranillo<\/li>\n\t<li>Producteur : Vi\u00f1as del Jaro<\/li>\n\t<li>Allerg\u00e8nes : Contient des sulfites<\/li>\n\t<li>Titre alcoom\u00e9trique : 14,0 %.<\/li>\n<\/ul>","protected":false},"excerpt":{"rendered":"<p>Sembro Ribera del Duero 75 CL exporte vers TOUTE L&#8217;EUROPE.<\/p>\n","protected":false},"featured_media":31196,"comment_status":"open","ping_status":"closed","template":"","meta":{"site-sidebar-layout":"default","site-content-layout":"","ast-site-content-layout":"default","site-content-style":"default","site-sidebar-style":"default","ast-global-header-display":"","ast-banner-title-visibility":"","ast-main-header-display":"","ast-hfb-above-header-display":"","ast-hfb-below-header-display":"","ast-hfb-mobile-header-display":"","site-post-title":"","ast-breadcrumbs-content":"","ast-featured-img":"","footer-sml-layout":"","ast-disable-related-posts":"","theme-transparent-header-meta":"default","adv-header-id-meta":"","stick-header-meta":"","header-above-stick-meta":"","header-main-stick-meta":"","header-below-stick-meta":"","astra-migrate-meta-layouts":"default","ast-page-background-enabled":"default","ast-page-background-meta":{"desktop":{"background-color":"var(--ast-global-color-4)","background-image":"","background-repeat":"repeat","background-position":"center center","background-size":"auto","background-attachment":"scroll","background-type":"","background-media":"","overlay-type":"","overlay-color":"","overlay-opacity":"","overlay-gradient":""},"tablet":{"background-color":"","background-image":"","background-repeat":"repeat","background-position":"center center","background-size":"auto","background-attachment":"scroll","background-type":"","background-media":"","overlay-type":"","overlay-color":"","overlay-opacity":"","overlay-gradient":""},"mobile":{"background-color":"","background-image":"","background-repeat":"repeat","background-position":"center center","background-size":"auto","background-attachment":"scroll","background-type":"","background-media":"","overlay-type":"","overlay-color":"","overlay-opacity":"","overlay-gradient":""}},"ast-content-background-meta":{"desktop":{"background-color":"var(--ast-global-color-5)","background-image":"","background-repeat":"repeat","background-position":"center center","background-size":"auto","background-attachment":"scroll","background-type":"","background-media":"","overlay-type":"","overlay-color":"","overlay-opacity":"","overlay-gradient":""},"tablet":{"background-color":"var(--ast-global-color-5)","background-image":"","background-repeat":"repeat","background-position":"center center","background-size":"auto","background-attachment":"scroll","background-type":"","background-media":"","overlay-type":"","overlay-color":"","overlay-opacity":"","overlay-gradient":""},"mobile":{"background-color":"var(--ast-global-color-5)","background-image":"","background-repeat":"repeat","background-position":"center center","background-size":"auto","background-attachment":"scroll","background-type":"","background-media":"","overlay-type":"","overlay-color":"","overlay-opacity":"","overlay-gradient":""}}},"product_brand":[1258],"product_cat":[294],"product_tag":[],"class_list":{"0":"post-25157","1":"product","2":"type-product","3":"status-publish","4":"has-post-thumbnail","6":"product_brand-vinas-del-jaro","7":"product_cat-vin-rouge","8":"desktop-align-left","9":"tablet-align-left","10":"mobile-align-left","12":"first","13":"instock","14":"taxable","15":"shipping-taxable","16":"purchasable","17":"product-type-simple"},"_links":{"self":[{"href":"https:\/\/andalubox.com\/fr\/wp-json\/wp\/v2\/product\/25157","targetHints":{"allow":["GET"]}}],"collection":[{"href":"https:\/\/andalubox.com\/fr\/wp-json\/wp\/v2\/product"}],"about":[{"href":"https:\/\/andalubox.com\/fr\/wp-json\/wp\/v2\/types\/product"}],"replies":[{"embeddable":true,"href":"https:\/\/andalubox.com\/fr\/wp-json\/wp\/v2\/comments?post=25157"}],"wp:featuredmedia":[{"embeddable":true,"href":"https:\/\/andalubox.com\/fr\/wp-json\/wp\/v2\/media\/31196"}],"wp:attachment":[{"href":"https:\/\/andalubox.com\/fr\/wp-json\/wp\/v2\/media?parent=25157"}],"wp:term":[{"taxonomy":"product_brand","embeddable":true,"href":"https:\/\/andalubox.com\/fr\/wp-json\/wp\/v2\/product_brand?post=25157"},{"taxonomy":"product_cat","embeddable":true,"href":"https:\/\/andalubox.com\/fr\/wp-json\/wp\/v2\/product_cat?post=25157"},{"taxonomy":"product_tag","embeddable":true,"href":"https:\/\/andalubox.com\/fr\/wp-json\/wp\/v2\/product_tag?post=25157"}],"curies":[{"name":"wp","href":"https:\/\/api.w.org\/{rel}","templated":true}]}}