{"id":25133,"date":"2025-08-18T19:00:20","date_gmt":"2025-08-18T17:00:20","guid":{"rendered":"https:\/\/andalubox.com\/producto-andaluz\/la-matilla-huile-dolive-extra-vierge-picual-500-ml\/"},"modified":"2026-01-26T19:34:45","modified_gmt":"2026-01-26T18:34:45","slug":"la-matilla-huile-dolive-extra-vierge-picual-500-ml","status":"publish","type":"product","link":"https:\/\/andalubox.com\/fr\/producto-andaluz\/la-matilla-huile-dolive-extra-vierge-picual-500-ml\/","title":{"rendered":"La Matilla Huile d&#8217;olive extra vierge Picual 500 Ml"},"content":{"rendered":"<h1>La Matilla Huile d&#8217;olive extra vierge Picual 500 Ml. Huile extra vierge de premi\u00e8re pression et non filtr\u00e9e.<\/h1>\n<p>Aceites La Matilla est un producteur familial d&#8217;huile d&#8217;olive vierge extra (EVOO) de premi\u00e8re qualit\u00e9 bas\u00e9 \u00e0 Carmona, \u00e0 S\u00e9ville, en Espagne. Exploitant un domaine de 40 hectares avec des oliveraies s\u00e9culaires, il se sp\u00e9cialise dans les huiles r\u00e9colt\u00e9es \u00e0 la main et press\u00e9es \u00e0 froid en utilisant des m\u00e9thodes traditionnelles telles que les nattes d&#8217;alfa.  Ses huiles, qui comprennent des monovari\u00e9tales d&#8217;Arbequina, de Picual, d&#8217;Hojiblanca, d&#8217;Arbosana et un coupage (Arbequina\/Picual), sont \u00e9labor\u00e9es en privil\u00e9giant la qualit\u00e9 et la durabilit\u00e9 et en int\u00e9grant des pratiques biologiques. L&#8217;histoire du domaine remonte \u00e0 plus de 150 ans et la culture des oliviers dans la r\u00e9gion remonte \u00e0 l&#8217;\u00e9poque romaine.<\/p>\n<ul>\n\t<li>Huile extra vierge de premi\u00e8re pression et non filtr\u00e9e.<\/li>\n<\/ul>\n<p>L&#8217;huile de La Matilla est extraite exclusivement des olives r\u00e9colt\u00e9es sur son propre domaine, press\u00e9e et mise en bouteille directement sans interm\u00e9diaire, ce qui nous permet de savoir que la qualit\u00e9 de l&#8217;huile est in\u00e9gal\u00e9e.<\/p>\n<p>Les huiles monovari\u00e9tales apportent des caract\u00e9ristiques uniques \u00e0 cet or liquide, car contrairement \u00e0 d&#8217;autres huiles de moindre qualit\u00e9, elles conservent toutes les propri\u00e9t\u00e9s organoleptiques du produit, ce qui donne une saveur unique, pleine de nuances fruit\u00e9es, o\u00f9 l&#8217;on peut savourer la saveur authentique de l&#8217;olive Picual dans toute sa splendeur.<\/p>\n<p>La campagne de Carmona, o\u00f9 se trouve le domaine de La Matilla, est une terre d&#8217;oliviers depuis que les Ph\u00e9niciens les ont introduits en Espagne. On peut donc dire que l&#8217;huile d&#8217;olive extra vierge de La Matilla a une tradition mill\u00e9naire.<\/p>\n<p>&nbsp;<\/p>\n<p>&nbsp;<\/p>\n<p>Les EVOO de La Matilla jouissent d&#8217;une reconnaissance mondiale et ont remport\u00e9 un prix d&#8217;argent lors du concours mondial de l&#8217;huile d&#8217;olive NYIOOC 2021. L&#8217;entreprise propose des produits gastronomiques dans diff\u00e9rents formats, y compris des paquets-cadeaux, et offre des exp\u00e9riences de d\u00e9gustation dans son domaine. <\/p>","protected":false},"excerpt":{"rendered":"<p>La Matilla Huile d&#8217;olive extra vierge Picual 500 Ml<\/p>\n","protected":false},"featured_media":29884,"comment_status":"open","ping_status":"closed","template":"","meta":{"site-sidebar-layout":"default","site-content-layout":"","ast-site-content-layout":"default","site-content-style":"default","site-sidebar-style":"default","ast-global-header-display":"","ast-banner-title-visibility":"","ast-main-header-display":"","ast-hfb-above-header-display":"","ast-hfb-below-header-display":"","ast-hfb-mobile-header-display":"","site-post-title":"","ast-breadcrumbs-content":"","ast-featured-img":"","footer-sml-layout":"","ast-disable-related-posts":"","theme-transparent-header-meta":"default","adv-header-id-meta":"","stick-header-meta":"","header-above-stick-meta":"","header-main-stick-meta":"","header-below-stick-meta":"","astra-migrate-meta-layouts":"default","ast-page-background-enabled":"default","ast-page-background-meta":{"desktop":{"background-color":"var(--ast-global-color-4)","background-image":"","background-repeat":"repeat","background-position":"center center","background-size":"auto","background-attachment":"scroll","background-type":"","background-media":"","overlay-type":"","overlay-color":"","overlay-opacity":"","overlay-gradient":""},"tablet":{"background-color":"","background-image":"","background-repeat":"repeat","background-position":"center center","background-size":"auto","background-attachment":"scroll","background-type":"","background-media":"","overlay-type":"","overlay-color":"","overlay-opacity":"","overlay-gradient":""},"mobile":{"background-color":"","background-image":"","background-repeat":"repeat","background-position":"center center","background-size":"auto","background-attachment":"scroll","background-type":"","background-media":"","overlay-type":"","overlay-color":"","overlay-opacity":"","overlay-gradient":""}},"ast-content-background-meta":{"desktop":{"background-color":"var(--ast-global-color-5)","background-image":"","background-repeat":"repeat","background-position":"center center","background-size":"auto","background-attachment":"scroll","background-type":"","background-media":"","overlay-type":"","overlay-color":"","overlay-opacity":"","overlay-gradient":""},"tablet":{"background-color":"var(--ast-global-color-5)","background-image":"","background-repeat":"repeat","background-position":"center center","background-size":"auto","background-attachment":"scroll","background-type":"","background-media":"","overlay-type":"","overlay-color":"","overlay-opacity":"","overlay-gradient":""},"mobile":{"background-color":"var(--ast-global-color-5)","background-image":"","background-repeat":"repeat","background-position":"center center","background-size":"auto","background-attachment":"scroll","background-type":"","background-media":"","overlay-type":"","overlay-color":"","overlay-opacity":"","overlay-gradient":""}}},"product_brand":[1257],"product_cat":[313],"product_tag":[],"class_list":{"0":"post-25133","1":"product","2":"type-product","3":"status-publish","4":"has-post-thumbnail","6":"product_brand-la-matilla","7":"product_cat-huile-andalouse","8":"desktop-align-left","9":"tablet-align-left","10":"mobile-align-left","12":"first","13":"instock","14":"taxable","15":"shipping-taxable","16":"purchasable","17":"product-type-simple"},"_links":{"self":[{"href":"https:\/\/andalubox.com\/fr\/wp-json\/wp\/v2\/product\/25133","targetHints":{"allow":["GET"]}}],"collection":[{"href":"https:\/\/andalubox.com\/fr\/wp-json\/wp\/v2\/product"}],"about":[{"href":"https:\/\/andalubox.com\/fr\/wp-json\/wp\/v2\/types\/product"}],"replies":[{"embeddable":true,"href":"https:\/\/andalubox.com\/fr\/wp-json\/wp\/v2\/comments?post=25133"}],"wp:featuredmedia":[{"embeddable":true,"href":"https:\/\/andalubox.com\/fr\/wp-json\/wp\/v2\/media\/29884"}],"wp:attachment":[{"href":"https:\/\/andalubox.com\/fr\/wp-json\/wp\/v2\/media?parent=25133"}],"wp:term":[{"taxonomy":"product_brand","embeddable":true,"href":"https:\/\/andalubox.com\/fr\/wp-json\/wp\/v2\/product_brand?post=25133"},{"taxonomy":"product_cat","embeddable":true,"href":"https:\/\/andalubox.com\/fr\/wp-json\/wp\/v2\/product_cat?post=25133"},{"taxonomy":"product_tag","embeddable":true,"href":"https:\/\/andalubox.com\/fr\/wp-json\/wp\/v2\/product_tag?post=25133"}],"curies":[{"name":"wp","href":"https:\/\/api.w.org\/{rel}","templated":true}]}}