{"id":24916,"date":"2025-08-06T22:30:51","date_gmt":"2025-08-06T20:30:51","guid":{"rendered":"https:\/\/andalubox.com\/producto-andaluz\/estrella-de-galicia-sans-gluten-p-6x25cl\/"},"modified":"2026-01-26T20:03:33","modified_gmt":"2026-01-26T19:03:33","slug":"estrella-de-galicia-sans-gluten-p-6x25cl","status":"publish","type":"product","link":"https:\/\/andalubox.com\/fr\/producto-andaluz\/estrella-de-galicia-sans-gluten-p-6x25cl\/","title":{"rendered":"Estrella de Galicia sans gluten P-6x25CL"},"content":{"rendered":"<p>Estrella de Galicia sans gluten P-6x25CL.<\/p>\n<p>Estrella Galicia Sin Gluten est une bi\u00e8re blonde sans gluten de la brasserie espagnole Hijos de Rivera, bas\u00e9e \u00e0 La Corogne.<\/p>\n<p>Elle est brass\u00e9e de mani\u00e8re \u00e0 conserver le m\u00eame profil de go\u00fbt que la bi\u00e8re classique Estrella Galicia Especial, avec une teneur en alcool de 5,5 %. Cette bi\u00e8re est certifi\u00e9e sans gluten gr\u00e2ce \u00e0 une enzyme appliqu\u00e9e lors de son \u00e9laboration qui d\u00e9compose les prot\u00e9ines du gluten, ce qui la rend adapt\u00e9e aux personnes souffrant de maladie c\u0153liaque ou de sensibilit\u00e9 au gluten. <\/p>\n<p>Il porte le symbole de l&#8217;oreille barr\u00e9e, certifi\u00e9 par la F\u00e9d\u00e9ration espagnole des associations c\u0153liaques (FACE). Principales caract\u00e9ristiques : aspect : couleur dor\u00e9e brillante avec une mousse blanche persistante. <\/p>\n<ul>\n\t<li>Ar\u00f4me : Notes d&#8217;orge, de malt et de grill\u00e9, avec de subtiles nuances florales et houblonn\u00e9es.<\/li>\n\t<li>Go\u00fbt : L\u00e9ger et \u00e9quilibr\u00e9, avec une amertume houblonn\u00e9e prononc\u00e9e et une finale rafra\u00eechissante.<\/li>\n\t<li>Ingr\u00e9dients : Eau de la Corogne, malts Pilsen et torr\u00e9fi\u00e9s, ma\u00efs, houblon Hallertau Nugget et Perle, levure propre.<\/li>\n\t<li>Temp\u00e9rature de service : 4-5 \u00b0C.<\/li>\n\t<li>Accompagnement : Il se marie bien avec des plats l\u00e9gers comme les salades d&#8217;agrumes, le gazpacho, le salmorejo ou des amuse-gueules comme les fruits secs et les confitures douces.<\/li>\n<\/ul>\n<p>Estrella Galicia, produit par Hijos de Rivera, est tr\u00e8s pr\u00e9sent sur les march\u00e9s internationaux. En 2023, les exportations repr\u00e9sentaient 10 % de ses ventes, avec une distribution dans plus de 75 pays, dont le Royaume-Uni, l&#8217;Allemagne, la Suisse, le Paraguay, le Portugal, le Br\u00e9sil, le Mexique, les \u00c9tats-Unis et plusieurs march\u00e9s d&#8217;Europe, d&#8217;Am\u00e9rique latine, d&#8217;Asie et d&#8217;Afrique. L&#8217;entreprise a donn\u00e9 la priorit\u00e9 \u00e0 la croissance en Europe (Allemagne, Italie, Portugal, Angleterre) et en Am\u00e9rique latine, bien qu&#8217;elle ait annul\u00e9 son projet de construction d&#8217;une usine au Br\u00e9sil, optant plut\u00f4t pour une alliance avec Femsa pour la distribution dans ce pays.  <\/p>\n<p>Andalubox exporte l&#8217;Estrella de Galicia vers diff\u00e9rents pays europ\u00e9ens.<\/p>","protected":false},"excerpt":{"rendered":"<p>Estrella de Galicia Gluten Free P-6x25CL pour l&#8217;exportation vers TOUTE L&#8217;EUROPE.<\/p>\n","protected":false},"featured_media":24914,"comment_status":"open","ping_status":"closed","template":"","meta":{"site-sidebar-layout":"default","site-content-layout":"","ast-site-content-layout":"default","site-content-style":"default","site-sidebar-style":"default","ast-global-header-display":"","ast-banner-title-visibility":"","ast-main-header-display":"","ast-hfb-above-header-display":"","ast-hfb-below-header-display":"","ast-hfb-mobile-header-display":"","site-post-title":"","ast-breadcrumbs-content":"","ast-featured-img":"","footer-sml-layout":"","ast-disable-related-posts":"","theme-transparent-header-meta":"default","adv-header-id-meta":"","stick-header-meta":"","header-above-stick-meta":"","header-main-stick-meta":"","header-below-stick-meta":"","astra-migrate-meta-layouts":"default","ast-page-background-enabled":"default","ast-page-background-meta":{"desktop":{"background-color":"var(--ast-global-color-4)","background-image":"","background-repeat":"repeat","background-position":"center center","background-size":"auto","background-attachment":"scroll","background-type":"","background-media":"","overlay-type":"","overlay-color":"","overlay-opacity":"","overlay-gradient":""},"tablet":{"background-color":"","background-image":"","background-repeat":"repeat","background-position":"center center","background-size":"auto","background-attachment":"scroll","background-type":"","background-media":"","overlay-type":"","overlay-color":"","overlay-opacity":"","overlay-gradient":""},"mobile":{"background-color":"","background-image":"","background-repeat":"repeat","background-position":"center center","background-size":"auto","background-attachment":"scroll","background-type":"","background-media":"","overlay-type":"","overlay-color":"","overlay-opacity":"","overlay-gradient":""}},"ast-content-background-meta":{"desktop":{"background-color":"var(--ast-global-color-5)","background-image":"","background-repeat":"repeat","background-position":"center center","background-size":"auto","background-attachment":"scroll","background-type":"","background-media":"","overlay-type":"","overlay-color":"","overlay-opacity":"","overlay-gradient":""},"tablet":{"background-color":"var(--ast-global-color-5)","background-image":"","background-repeat":"repeat","background-position":"center center","background-size":"auto","background-attachment":"scroll","background-type":"","background-media":"","overlay-type":"","overlay-color":"","overlay-opacity":"","overlay-gradient":""},"mobile":{"background-color":"var(--ast-global-color-5)","background-image":"","background-repeat":"repeat","background-position":"center center","background-size":"auto","background-attachment":"scroll","background-type":"","background-media":"","overlay-type":"","overlay-color":"","overlay-opacity":"","overlay-gradient":""}}},"product_brand":[1262],"product_cat":[286],"product_tag":[],"class_list":{"0":"post-24916","1":"product","2":"type-product","3":"status-publish","4":"has-post-thumbnail","6":"product_brand-estrella-galicia","7":"product_cat-bieres-andalouses","8":"desktop-align-left","9":"tablet-align-left","10":"mobile-align-left","12":"first","13":"outofstock","14":"taxable","15":"shipping-taxable","16":"purchasable","17":"product-type-simple"},"_links":{"self":[{"href":"https:\/\/andalubox.com\/fr\/wp-json\/wp\/v2\/product\/24916","targetHints":{"allow":["GET"]}}],"collection":[{"href":"https:\/\/andalubox.com\/fr\/wp-json\/wp\/v2\/product"}],"about":[{"href":"https:\/\/andalubox.com\/fr\/wp-json\/wp\/v2\/types\/product"}],"replies":[{"embeddable":true,"href":"https:\/\/andalubox.com\/fr\/wp-json\/wp\/v2\/comments?post=24916"}],"wp:featuredmedia":[{"embeddable":true,"href":"https:\/\/andalubox.com\/fr\/wp-json\/wp\/v2\/media\/24914"}],"wp:attachment":[{"href":"https:\/\/andalubox.com\/fr\/wp-json\/wp\/v2\/media?parent=24916"}],"wp:term":[{"taxonomy":"product_brand","embeddable":true,"href":"https:\/\/andalubox.com\/fr\/wp-json\/wp\/v2\/product_brand?post=24916"},{"taxonomy":"product_cat","embeddable":true,"href":"https:\/\/andalubox.com\/fr\/wp-json\/wp\/v2\/product_cat?post=24916"},{"taxonomy":"product_tag","embeddable":true,"href":"https:\/\/andalubox.com\/fr\/wp-json\/wp\/v2\/product_tag?post=24916"}],"curies":[{"name":"wp","href":"https:\/\/api.w.org\/{rel}","templated":true}]}}