{"id":24623,"date":"2025-07-14T11:28:33","date_gmt":"2025-07-14T09:28:33","guid":{"rendered":"https:\/\/andalubox.com\/producto-andaluz\/t-shirt-sevilla-41020-blanc\/"},"modified":"2025-09-18T12:03:27","modified_gmt":"2025-09-18T10:03:27","slug":"t-shirt-sevilla-41020-blanc","status":"publish","type":"product","link":"https:\/\/andalubox.com\/fr\/producto-andaluz\/t-shirt-sevilla-41020-blanc\/","title":{"rendered":"T-shirt Sevilla 41020 BLANC"},"content":{"rendered":"<h3>Description du T-shirt<\/h3>\n<p>Ce T-shirt blanc classique et intemporel est un parfait basique de tous les jours. Fabriqu\u00e9 par <b>Camijeta<\/b> pour la marque <b>Andalubox<\/b>, il se distingue par son design simple et son grand confort. <\/p>\n<ul>\n\t<li>\n<p><b>Mod\u00e8le<\/b>: 41020, coupe droite, ce qui le rend unisexe et convient \u00e0 tout le monde. C&#8217;est un basique de la garde-robe. <\/p>\n<\/li>\n\t<li>\n<p><b>Mati\u00e8re<\/b>: elle est g\u00e9n\u00e9ralement compos\u00e9e \u00e0 100 % de coton, ce qui garantit une texture douce et respirante, id\u00e9ale \u00e0 tout moment de l&#8217;ann\u00e9e.<\/p>\n<\/li>\n\t<li>\n<p><b>Design<\/b>: il se caract\u00e9rise par sa propret\u00e9 et sa simplicit\u00e9, avec la marque ou le logo Andalubox imprim\u00e9 sur la poitrine. Ce design minimaliste le rend tr\u00e8s facile \u00e0 combiner. <\/p>\n<\/li>\n\t<li>\n<p><b>Coloris<\/b>: Le T-shirt est blanc uni, une couleur polyvalente qui ne se d\u00e9mode jamais.<\/p>\n<\/li>\n<\/ul>\n<h3>O\u00f9 le trouver ?<\/h3>\n<p>Ces t-shirts peuvent \u00eatre achet\u00e9s dans la boutique en ligne d&#8217;<b>Andalubox et dans ses trois boutiques physiques de S\u00e9ville<\/b>. Ils sont g\u00e9n\u00e9ralement disponibles en diff\u00e9rentes tailles pour les hommes, les femmes et les enfants. <\/p>\n<h3>Suggestions d&#8217;utilisation<\/h3>\n<p>Avec son design classique et sa couleur neutre, il est parfait pour :<\/p>\n<ul>\n\t<li>\n<p>Un <b>look d\u00e9contract\u00e9<\/b> avec un jean ou un short.<\/p>\n<\/li>\n\t<li>\n<p>Portez-la sous une chemise ou un sweat-shirt ouvert.<\/p>\n<\/li>\n\t<li>\n<p>Cadeaux, car son design simple pla\u00eet \u00e0 la plupart des gens.<\/p>\n<\/li>\n<\/ul>\n<p>Si vous avez besoin de plus de d\u00e9tails sur une taille sp\u00e9cifique ou sur le type de coton, je vous recommande de visiter le site officiel d&#8217;<b>Andalubox<\/b>.<\/p>","protected":false},"excerpt":{"rendered":"<p>Produit Short Description T-shirt Sevilla 41020 WHITE<\/p>\n","protected":false},"featured_media":25493,"comment_status":"open","ping_status":"closed","template":"","meta":{"site-sidebar-layout":"default","site-content-layout":"","ast-site-content-layout":"default","site-content-style":"default","site-sidebar-style":"default","ast-global-header-display":"","ast-banner-title-visibility":"","ast-main-header-display":"","ast-hfb-above-header-display":"","ast-hfb-below-header-display":"","ast-hfb-mobile-header-display":"","site-post-title":"","ast-breadcrumbs-content":"","ast-featured-img":"","footer-sml-layout":"","ast-disable-related-posts":"","theme-transparent-header-meta":"default","adv-header-id-meta":"","stick-header-meta":"","header-above-stick-meta":"","header-main-stick-meta":"","header-below-stick-meta":"","astra-migrate-meta-layouts":"default","ast-page-background-enabled":"default","ast-page-background-meta":{"desktop":{"background-color":"var(--ast-global-color-4)","background-image":"","background-repeat":"repeat","background-position":"center center","background-size":"auto","background-attachment":"scroll","background-type":"","background-media":"","overlay-type":"","overlay-color":"","overlay-opacity":"","overlay-gradient":""},"tablet":{"background-color":"","background-image":"","background-repeat":"repeat","background-position":"center center","background-size":"auto","background-attachment":"scroll","background-type":"","background-media":"","overlay-type":"","overlay-color":"","overlay-opacity":"","overlay-gradient":""},"mobile":{"background-color":"","background-image":"","background-repeat":"repeat","background-position":"center center","background-size":"auto","background-attachment":"scroll","background-type":"","background-media":"","overlay-type":"","overlay-color":"","overlay-opacity":"","overlay-gradient":""}},"ast-content-background-meta":{"desktop":{"background-color":"var(--ast-global-color-5)","background-image":"","background-repeat":"repeat","background-position":"center center","background-size":"auto","background-attachment":"scroll","background-type":"","background-media":"","overlay-type":"","overlay-color":"","overlay-opacity":"","overlay-gradient":""},"tablet":{"background-color":"var(--ast-global-color-5)","background-image":"","background-repeat":"repeat","background-position":"center center","background-size":"auto","background-attachment":"scroll","background-type":"","background-media":"","overlay-type":"","overlay-color":"","overlay-opacity":"","overlay-gradient":""},"mobile":{"background-color":"var(--ast-global-color-5)","background-image":"","background-repeat":"repeat","background-position":"center center","background-size":"auto","background-attachment":"scroll","background-type":"","background-media":"","overlay-type":"","overlay-color":"","overlay-opacity":"","overlay-gradient":""}}},"product_brand":[1263],"product_cat":[1008],"product_tag":[],"class_list":{"0":"post-24623","1":"product","2":"type-product","3":"status-publish","4":"has-post-thumbnail","6":"product_brand-andalubox","7":"product_cat-t-shirts-fr","8":"desktop-align-left","9":"tablet-align-left","10":"mobile-align-left","12":"first","13":"instock","14":"taxable","15":"shipping-taxable","16":"purchasable","17":"product-type-variable"},"_links":{"self":[{"href":"https:\/\/andalubox.com\/fr\/wp-json\/wp\/v2\/product\/24623","targetHints":{"allow":["GET"]}}],"collection":[{"href":"https:\/\/andalubox.com\/fr\/wp-json\/wp\/v2\/product"}],"about":[{"href":"https:\/\/andalubox.com\/fr\/wp-json\/wp\/v2\/types\/product"}],"replies":[{"embeddable":true,"href":"https:\/\/andalubox.com\/fr\/wp-json\/wp\/v2\/comments?post=24623"}],"wp:featuredmedia":[{"embeddable":true,"href":"https:\/\/andalubox.com\/fr\/wp-json\/wp\/v2\/media\/25493"}],"wp:attachment":[{"href":"https:\/\/andalubox.com\/fr\/wp-json\/wp\/v2\/media?parent=24623"}],"wp:term":[{"taxonomy":"product_brand","embeddable":true,"href":"https:\/\/andalubox.com\/fr\/wp-json\/wp\/v2\/product_brand?post=24623"},{"taxonomy":"product_cat","embeddable":true,"href":"https:\/\/andalubox.com\/fr\/wp-json\/wp\/v2\/product_cat?post=24623"},{"taxonomy":"product_tag","embeddable":true,"href":"https:\/\/andalubox.com\/fr\/wp-json\/wp\/v2\/product_tag?post=24623"}],"curies":[{"name":"wp","href":"https:\/\/api.w.org\/{rel}","templated":true}]}}