{"id":24424,"date":"2025-08-03T23:22:25","date_gmt":"2025-08-03T21:22:25","guid":{"rendered":"https:\/\/andalubox.com\/producto-andaluz\/mayor-de-castilla-chene-75-cl\/"},"modified":"2025-08-03T23:22:25","modified_gmt":"2025-08-03T21:22:25","slug":"mayor-de-castilla-chene-75-cl","status":"publish","type":"product","link":"https:\/\/andalubox.com\/fr\/producto-andaluz\/mayor-de-castilla-chene-75-cl\/","title":{"rendered":"Mayor de Castilla Ch\u00eane 75 CL"},"content":{"rendered":"<p>Le Mayor de Castilla Roble 75 CL est un jeune vin rouge de Ribera del Duero \u00e9lev\u00e9 en barrique, \u00e9labor\u00e9 par J. Garc\u00eda Carri\u00f3n. \u00c9labor\u00e9 \u00e0 partir de raisins 100 % Tempranillo (Tinta del Pa\u00eds), il est r\u00e9colt\u00e9 tardivement, \u00e0 la mi-octobre, pour garantir une teneur \u00e9lev\u00e9e en polyph\u00e9nols. Le vin mac\u00e8re pendant 25-30 jours et est \u00e9lev\u00e9 pendant 90 jours dans des f\u00fbts de ch\u00eane de diff\u00e9rentes origines. Il est ensuite \u00e9lev\u00e9 en bouteille pour am\u00e9liorer sa qualit\u00e9. Caract\u00e9ristiques :   <\/p>\n<ul>\n\t<li>Aspect : Rouge cerise intense avec des tons vifs et nets.<\/li>\n\t<li>Ar\u00f4me : Notes fruit\u00e9es \u00e9quilibr\u00e9es par des ar\u00f4mes tertiaires de ch\u00eane.<\/li>\n\t<li>Bouche : Cors\u00e9, tannins souples, persistant et bien structur\u00e9.<\/li>\n\t<li>Titre alcoom\u00e9trique : 14 % vol.<\/li>\n\t<li>Temp\u00e9rature de service : 16-18 \u00b0C.<\/li>\n\t<li>Accompagnement : se marie bien avec les viandes grill\u00e9es, le gibier, les fromages affin\u00e9s et les rago\u00fbts copieux.<\/li>\n<\/ul>\n<p>Nous vous recommandons de le d\u00e9canter ou de l&#8217;ouvrir \u00e0 l&#8217;avance pour appr\u00e9cier pleinement ses qualit\u00e9s. La cave, situ\u00e9e \u00e0 Haza, Burgos, a une riche histoire qui remonte \u00e0 1890 et produit des vins de diff\u00e9rentes appellations. <\/p>","protected":false},"excerpt":{"rendered":"<p>Mayor de Castilla Roble 75 CL pour l&#8217;exportation dans toute l&#8217;EUROPE.<\/p>\n","protected":false},"featured_media":24420,"comment_status":"open","ping_status":"closed","template":"","meta":{"site-sidebar-layout":"default","site-content-layout":"","ast-site-content-layout":"default","site-content-style":"default","site-sidebar-style":"default","ast-global-header-display":"","ast-banner-title-visibility":"","ast-main-header-display":"","ast-hfb-above-header-display":"","ast-hfb-below-header-display":"","ast-hfb-mobile-header-display":"","site-post-title":"","ast-breadcrumbs-content":"","ast-featured-img":"","footer-sml-layout":"","ast-disable-related-posts":"","theme-transparent-header-meta":"default","adv-header-id-meta":"","stick-header-meta":"","header-above-stick-meta":"","header-main-stick-meta":"","header-below-stick-meta":"","astra-migrate-meta-layouts":"default","ast-page-background-enabled":"default","ast-page-background-meta":{"desktop":{"background-color":"var(--ast-global-color-4)","background-image":"","background-repeat":"repeat","background-position":"center center","background-size":"auto","background-attachment":"scroll","background-type":"","background-media":"","overlay-type":"","overlay-color":"","overlay-opacity":"","overlay-gradient":""},"tablet":{"background-color":"","background-image":"","background-repeat":"repeat","background-position":"center center","background-size":"auto","background-attachment":"scroll","background-type":"","background-media":"","overlay-type":"","overlay-color":"","overlay-opacity":"","overlay-gradient":""},"mobile":{"background-color":"","background-image":"","background-repeat":"repeat","background-position":"center center","background-size":"auto","background-attachment":"scroll","background-type":"","background-media":"","overlay-type":"","overlay-color":"","overlay-opacity":"","overlay-gradient":""}},"ast-content-background-meta":{"desktop":{"background-color":"var(--ast-global-color-5)","background-image":"","background-repeat":"repeat","background-position":"center center","background-size":"auto","background-attachment":"scroll","background-type":"","background-media":"","overlay-type":"","overlay-color":"","overlay-opacity":"","overlay-gradient":""},"tablet":{"background-color":"var(--ast-global-color-5)","background-image":"","background-repeat":"repeat","background-position":"center center","background-size":"auto","background-attachment":"scroll","background-type":"","background-media":"","overlay-type":"","overlay-color":"","overlay-opacity":"","overlay-gradient":""},"mobile":{"background-color":"var(--ast-global-color-5)","background-image":"","background-repeat":"repeat","background-position":"center center","background-size":"auto","background-attachment":"scroll","background-type":"","background-media":"","overlay-type":"","overlay-color":"","overlay-opacity":"","overlay-gradient":""}}},"product_brand":[1260],"product_cat":[294],"product_tag":[],"class_list":{"0":"post-24424","1":"product","2":"type-product","3":"status-publish","4":"has-post-thumbnail","6":"product_brand-mayor-de-castilla","7":"product_cat-vin-rouge","8":"desktop-align-left","9":"tablet-align-left","10":"mobile-align-left","12":"first","13":"instock","14":"taxable","15":"shipping-taxable","16":"purchasable","17":"product-type-simple"},"_links":{"self":[{"href":"https:\/\/andalubox.com\/fr\/wp-json\/wp\/v2\/product\/24424","targetHints":{"allow":["GET"]}}],"collection":[{"href":"https:\/\/andalubox.com\/fr\/wp-json\/wp\/v2\/product"}],"about":[{"href":"https:\/\/andalubox.com\/fr\/wp-json\/wp\/v2\/types\/product"}],"replies":[{"embeddable":true,"href":"https:\/\/andalubox.com\/fr\/wp-json\/wp\/v2\/comments?post=24424"}],"wp:featuredmedia":[{"embeddable":true,"href":"https:\/\/andalubox.com\/fr\/wp-json\/wp\/v2\/media\/24420"}],"wp:attachment":[{"href":"https:\/\/andalubox.com\/fr\/wp-json\/wp\/v2\/media?parent=24424"}],"wp:term":[{"taxonomy":"product_brand","embeddable":true,"href":"https:\/\/andalubox.com\/fr\/wp-json\/wp\/v2\/product_brand?post=24424"},{"taxonomy":"product_cat","embeddable":true,"href":"https:\/\/andalubox.com\/fr\/wp-json\/wp\/v2\/product_cat?post=24424"},{"taxonomy":"product_tag","embeddable":true,"href":"https:\/\/andalubox.com\/fr\/wp-json\/wp\/v2\/product_tag?post=24424"}],"curies":[{"name":"wp","href":"https:\/\/api.w.org\/{rel}","templated":true}]}}