{"id":24416,"date":"2025-08-03T23:18:12","date_gmt":"2025-08-03T21:18:12","guid":{"rendered":"https:\/\/andalubox.com\/producto-andaluz\/mayor-de-castilla-crianza-75-cl\/"},"modified":"2026-01-26T20:02:49","modified_gmt":"2026-01-26T19:02:49","slug":"mayor-de-castilla-crianza-75-cl","status":"publish","type":"product","link":"https:\/\/andalubox.com\/fr\/producto-andaluz\/mayor-de-castilla-crianza-75-cl\/","title":{"rendered":"Mayor de Castilla Crianza 75 CL"},"content":{"rendered":"<p>Mayor de Castilla Crianza 75 CL<\/p>\n<p>Il s&#8217;agit d&#8217;un vin rouge de Ribera del Duero, Espagne, produit par les Bodegas Garc\u00eda Carri\u00f3n sous l&#8217;appellation d&#8217;origine Ribera del Duero. \u00c9labor\u00e9 \u00e0 partir de raisins 100% Tempranillo (Tinta del Pa\u00eds), il est vieilli pendant 12 \u00e0 15 mois en f\u00fbts de ch\u00eane fran\u00e7ais, puis en bouteille, ce qui permet d&#8217;obtenir un vin m\u00fbr et complexe. <\/p>\n<ul>\n\t<li>Caract\u00e9ristiques : Couleur : rouge cerise intense avec des reflets violets.<\/li>\n\t<li>Ar\u00f4me : Notes fruit\u00e9es de baies (m\u00fbres, framboises) avec des notes de vanille, d&#8217;\u00e9pices et de ch\u00eane grill\u00e9 dues \u00e0 l&#8217;\u00e9levage en barriques.<\/li>\n\t<li>Bouche : Cors\u00e9, \u00e9quilibr\u00e9, avec des tannins ronds, une finale persistante et des ar\u00f4mes de fruits m\u00fbrs et d&#8217;\u00e9pices.<\/li>\n\t<li>Titre alcoom\u00e9trique : 14 %.<\/li>\n\t<li>Accompagnement : se marie bien avec les viandes rouges, les r\u00f4tis, le gibier, les fromages affin\u00e9s et les desserts au chocolat.<\/li>\n<\/ul>\n<p>R\u00e9compenses : Il a remport\u00e9 une m\u00e9daille d&#8217;argent \u00e0 l&#8217;International Wine and Spirit Competition en 2010. Ce vin est connu pour sa qualit\u00e9 et sa polyvalence, refl\u00e9tant le riche terroir de Ribera del Duero et l&#8217;exp\u00e9rience de Garc\u00eda Carri\u00f3n, une cave familiale fond\u00e9e en 1890. Disponible en bouteilles de 75 cl, il est recommand\u00e9 de le servir \u00e0 une temp\u00e9rature comprise entre 16 et 18 \u00b0C.  <\/p>","protected":false},"excerpt":{"rendered":"<p>Mayor de Castilla Crianza 75 CL pour l&#8217;exportation dans toute l&#8217;EUROPE.<\/p>\n","protected":false},"featured_media":24412,"comment_status":"open","ping_status":"closed","template":"","meta":{"site-sidebar-layout":"default","site-content-layout":"","ast-site-content-layout":"default","site-content-style":"default","site-sidebar-style":"default","ast-global-header-display":"","ast-banner-title-visibility":"","ast-main-header-display":"","ast-hfb-above-header-display":"","ast-hfb-below-header-display":"","ast-hfb-mobile-header-display":"","site-post-title":"","ast-breadcrumbs-content":"","ast-featured-img":"","footer-sml-layout":"","ast-disable-related-posts":"","theme-transparent-header-meta":"default","adv-header-id-meta":"","stick-header-meta":"","header-above-stick-meta":"","header-main-stick-meta":"","header-below-stick-meta":"","astra-migrate-meta-layouts":"default","ast-page-background-enabled":"default","ast-page-background-meta":{"desktop":{"background-color":"var(--ast-global-color-4)","background-image":"","background-repeat":"repeat","background-position":"center center","background-size":"auto","background-attachment":"scroll","background-type":"","background-media":"","overlay-type":"","overlay-color":"","overlay-opacity":"","overlay-gradient":""},"tablet":{"background-color":"","background-image":"","background-repeat":"repeat","background-position":"center center","background-size":"auto","background-attachment":"scroll","background-type":"","background-media":"","overlay-type":"","overlay-color":"","overlay-opacity":"","overlay-gradient":""},"mobile":{"background-color":"","background-image":"","background-repeat":"repeat","background-position":"center center","background-size":"auto","background-attachment":"scroll","background-type":"","background-media":"","overlay-type":"","overlay-color":"","overlay-opacity":"","overlay-gradient":""}},"ast-content-background-meta":{"desktop":{"background-color":"var(--ast-global-color-5)","background-image":"","background-repeat":"repeat","background-position":"center center","background-size":"auto","background-attachment":"scroll","background-type":"","background-media":"","overlay-type":"","overlay-color":"","overlay-opacity":"","overlay-gradient":""},"tablet":{"background-color":"var(--ast-global-color-5)","background-image":"","background-repeat":"repeat","background-position":"center center","background-size":"auto","background-attachment":"scroll","background-type":"","background-media":"","overlay-type":"","overlay-color":"","overlay-opacity":"","overlay-gradient":""},"mobile":{"background-color":"var(--ast-global-color-5)","background-image":"","background-repeat":"repeat","background-position":"center center","background-size":"auto","background-attachment":"scroll","background-type":"","background-media":"","overlay-type":"","overlay-color":"","overlay-opacity":"","overlay-gradient":""}}},"product_brand":[1260],"product_cat":[294],"product_tag":[],"class_list":{"0":"post-24416","1":"product","2":"type-product","3":"status-publish","4":"has-post-thumbnail","6":"product_brand-mayor-de-castilla","7":"product_cat-vin-rouge","8":"desktop-align-left","9":"tablet-align-left","10":"mobile-align-left","12":"first","13":"instock","14":"taxable","15":"shipping-taxable","16":"purchasable","17":"product-type-simple"},"_links":{"self":[{"href":"https:\/\/andalubox.com\/fr\/wp-json\/wp\/v2\/product\/24416","targetHints":{"allow":["GET"]}}],"collection":[{"href":"https:\/\/andalubox.com\/fr\/wp-json\/wp\/v2\/product"}],"about":[{"href":"https:\/\/andalubox.com\/fr\/wp-json\/wp\/v2\/types\/product"}],"replies":[{"embeddable":true,"href":"https:\/\/andalubox.com\/fr\/wp-json\/wp\/v2\/comments?post=24416"}],"wp:featuredmedia":[{"embeddable":true,"href":"https:\/\/andalubox.com\/fr\/wp-json\/wp\/v2\/media\/24412"}],"wp:attachment":[{"href":"https:\/\/andalubox.com\/fr\/wp-json\/wp\/v2\/media?parent=24416"}],"wp:term":[{"taxonomy":"product_brand","embeddable":true,"href":"https:\/\/andalubox.com\/fr\/wp-json\/wp\/v2\/product_brand?post=24416"},{"taxonomy":"product_cat","embeddable":true,"href":"https:\/\/andalubox.com\/fr\/wp-json\/wp\/v2\/product_cat?post=24416"},{"taxonomy":"product_tag","embeddable":true,"href":"https:\/\/andalubox.com\/fr\/wp-json\/wp\/v2\/product_tag?post=24416"}],"curies":[{"name":"wp","href":"https:\/\/api.w.org\/{rel}","templated":true}]}}