{"id":24399,"date":"2025-08-03T23:00:57","date_gmt":"2025-08-03T21:00:57","guid":{"rendered":"https:\/\/andalubox.com\/producto-andaluz\/meraldis-verdejo-de-yllera-75-cl\/"},"modified":"2025-09-18T00:35:32","modified_gmt":"2025-09-17T22:35:32","slug":"meraldis-verdejo-de-yllera-75-cl","status":"publish","type":"product","link":"https:\/\/andalubox.com\/fr\/producto-andaluz\/meraldis-verdejo-de-yllera-75-cl\/","title":{"rendered":"Meraldis Verdejo de Yllera 75 CL"},"content":{"rendered":"<p>Le Meraldis Verdejo de Yllera 75 CL Vinificaci\u00f3n Integral est un vin blanc haut de gamme de Rueda, produit par les Bodegas Grupo Yllera. \u00c9labor\u00e9 \u00e0 partir de raisins 100% Verdejo provenant de vieilles vignes (plus de 40 ans) cultiv\u00e9es sur des sols sablonneux riches en cailloux \u00e0 Segovia et Villanueva de Duero, il est vinifi\u00e9 en f\u00fbts de ch\u00eane de 500 litres. Le vin est vendang\u00e9 \u00e0 la main, press\u00e9 avec les rafles, \u00e9lev\u00e9 sur lies pendant 6 jours et ferment\u00e9 avec des levures indig\u00e8nes, puis \u00e9lev\u00e9 en barriques pendant 13 \u00e0 17 mois, y compris la fermentation malolactique. Il n&#8217;est pas filtr\u00e9, ce qui favorise la puret\u00e9 des raisins. Notes de d\u00e9gustation : Couleur : jaune dor\u00e9.<br>Ar\u00f4me : Intense, avec des notes de fruits m\u00fbrs (pomme, p\u00eache, abricot, pamplemousse, mandarine) et des nuances tropicales, compl\u00e9t\u00e9es par des notes subtiles de vanille, de fum\u00e9e et d&#8217;anis provenant du ch\u00eane. Bouche : Cors\u00e9, cr\u00e9meux, \u00e9l\u00e9gant, avec une acidit\u00e9 \u00e9quilibr\u00e9e, une grande structure et une finale longue et persistante.     <\/p>\n<p>Points forts du mill\u00e9sime : 2020 : Class\u00e9 &#8220;excellent&#8221; par le D.O. Rueda, une ann\u00e9e pluvieuse qui ajoute de la complexit\u00e9. \u00c9lev\u00e9 pendant 17 mois. R\u00e9compenses : 93 dans le Guide Pe\u00f1\u00edn, 92 dans Robert Parker, 94 dans Wine Enthusiast, Gold Mundus Vini 2023.  <\/p>\n<p>2021 : Tr\u00e8s bon mill\u00e9sime, plus frais et plus humide, avec des vins structur\u00e9s et un peu moins d&#8217;intensit\u00e9 aromatique qu&#8217;en 2020. \u00c9levage de 16 mois. <\/p>\n<p>Accompagnement : Id\u00e9al avec les fruits de mer, le poisson, les viandes fum\u00e9es ou les fromages doux. Servir l\u00e9g\u00e8rement frais, sans exc\u00e8s, et d\u00e9canter pour une meilleure expression. <\/p>","protected":false},"excerpt":{"rendered":"<p>Meraldis Verdejo de Yllera 75 CL, exp\u00e9ditions vers toute l&#8217;EUROPE.<\/p>\n","protected":false},"featured_media":24396,"template":"","meta":{"site-sidebar-layout":"default","site-content-layout":"","ast-site-content-layout":"default","site-content-style":"default","site-sidebar-style":"default","ast-global-header-display":"","ast-banner-title-visibility":"","ast-main-header-display":"","ast-hfb-above-header-display":"","ast-hfb-below-header-display":"","ast-hfb-mobile-header-display":"","site-post-title":"","ast-breadcrumbs-content":"","ast-featured-img":"","footer-sml-layout":"","ast-disable-related-posts":"","theme-transparent-header-meta":"default","adv-header-id-meta":"","stick-header-meta":"","header-above-stick-meta":"","header-main-stick-meta":"","header-below-stick-meta":"","astra-migrate-meta-layouts":"default","ast-page-background-enabled":"default","ast-page-background-meta":{"desktop":{"background-color":"var(--ast-global-color-4)","background-image":"","background-repeat":"repeat","background-position":"center center","background-size":"auto","background-attachment":"scroll","background-type":"","background-media":"","overlay-type":"","overlay-color":"","overlay-opacity":"","overlay-gradient":""},"tablet":{"background-color":"","background-image":"","background-repeat":"repeat","background-position":"center center","background-size":"auto","background-attachment":"scroll","background-type":"","background-media":"","overlay-type":"","overlay-color":"","overlay-opacity":"","overlay-gradient":""},"mobile":{"background-color":"","background-image":"","background-repeat":"repeat","background-position":"center center","background-size":"auto","background-attachment":"scroll","background-type":"","background-media":"","overlay-type":"","overlay-color":"","overlay-opacity":"","overlay-gradient":""}},"ast-content-background-meta":{"desktop":{"background-color":"var(--ast-global-color-5)","background-image":"","background-repeat":"repeat","background-position":"center center","background-size":"auto","background-attachment":"scroll","background-type":"","background-media":"","overlay-type":"","overlay-color":"","overlay-opacity":"","overlay-gradient":""},"tablet":{"background-color":"var(--ast-global-color-5)","background-image":"","background-repeat":"repeat","background-position":"center center","background-size":"auto","background-attachment":"scroll","background-type":"","background-media":"","overlay-type":"","overlay-color":"","overlay-opacity":"","overlay-gradient":""},"mobile":{"background-color":"var(--ast-global-color-5)","background-image":"","background-repeat":"repeat","background-position":"center center","background-size":"auto","background-attachment":"scroll","background-type":"","background-media":"","overlay-type":"","overlay-color":"","overlay-opacity":"","overlay-gradient":""}}},"product_brand":[1273],"product_cat":[416,292],"product_tag":[],"class_list":{"0":"post-24399","1":"product","2":"type-product","3":"status-publish","4":"has-post-thumbnail","6":"product_brand-yllera","7":"product_cat-exclusivites-andalubox","8":"product_cat-vin-blanc","9":"desktop-align-left","10":"tablet-align-left","11":"mobile-align-left","13":"first","14":"instock","15":"taxable","16":"shipping-taxable","17":"purchasable","18":"product-type-simple"},"_links":{"self":[{"href":"https:\/\/andalubox.com\/fr\/wp-json\/wp\/v2\/product\/24399","targetHints":{"allow":["GET"]}}],"collection":[{"href":"https:\/\/andalubox.com\/fr\/wp-json\/wp\/v2\/product"}],"about":[{"href":"https:\/\/andalubox.com\/fr\/wp-json\/wp\/v2\/types\/product"}],"wp:featuredmedia":[{"embeddable":true,"href":"https:\/\/andalubox.com\/fr\/wp-json\/wp\/v2\/media\/24396"}],"wp:attachment":[{"href":"https:\/\/andalubox.com\/fr\/wp-json\/wp\/v2\/media?parent=24399"}],"wp:term":[{"taxonomy":"product_brand","embeddable":true,"href":"https:\/\/andalubox.com\/fr\/wp-json\/wp\/v2\/product_brand?post=24399"},{"taxonomy":"product_cat","embeddable":true,"href":"https:\/\/andalubox.com\/fr\/wp-json\/wp\/v2\/product_cat?post=24399"},{"taxonomy":"product_tag","embeddable":true,"href":"https:\/\/andalubox.com\/fr\/wp-json\/wp\/v2\/product_tag?post=24399"}],"curies":[{"name":"wp","href":"https:\/\/api.w.org\/{rel}","templated":true}]}}