{"id":24391,"date":"2025-08-03T22:52:49","date_gmt":"2025-08-03T20:52:49","guid":{"rendered":"https:\/\/andalubox.com\/producto-andaluz\/yllera-9-mois-de-castilla-75-cl\/"},"modified":"2026-01-26T20:05:06","modified_gmt":"2026-01-26T19:05:06","slug":"yllera-9-mois-de-castilla-75-cl","status":"publish","type":"product","link":"https:\/\/andalubox.com\/fr\/producto-andaluz\/yllera-9-mois-de-castilla-75-cl\/","title":{"rendered":"Yllera 9 mois de Castilla 75 CL"},"content":{"rendered":"<p>Yllera 9 meses de Castilla 75 CL est un vin rouge de Castille et L\u00e9on, Espagne, produit par Bodegas Grupo Yllera. Il s&#8217;agit d&#8217;un Tempranillo monoc\u00e9page, vieilli pendant 9 mois en f\u00fbts de ch\u00eane fran\u00e7ais et am\u00e9ricain. Sa robe est d&#8217;un rouge cerise vibrant aux reflets violets. <\/p>\n<p>Il offre un ar\u00f4me complexe de fruits rouges m\u00fbrs (fraise, framboise, myrtille), de vanille, d&#8217;\u00e9pices et de notes grill\u00e9es provenant du bois.<\/p>\n<p>En bouche, il est doux, \u00e9quilibr\u00e9 et moyennement cors\u00e9, avec des tanins ronds, une texture soyeuse et une finale longue et persistante. Il est d\u00e9crit comme fruit\u00e9, \u00e9l\u00e9gant et facile \u00e0 boire, ce qui le rend polyvalent pour accompagner les viandes rouges et blanches, les p\u00e2tes, les l\u00e9gumes grill\u00e9s, les charcuteries et les fromages demi-fermes. Servir \u00e0 une temp\u00e9rature comprise entre 14 et 16 \u00b0C.  <\/p>\n<p>Sa teneur en alcool est d&#8217;environ 14 %.<\/p>","protected":false},"excerpt":{"rendered":"<p>Yllera 9 meses de Castilla 75 CL a export\u00e9 vers toute l&#8217;EUROPE.<\/p>\n","protected":false},"featured_media":24388,"comment_status":"open","ping_status":"closed","template":"","meta":{"site-sidebar-layout":"default","site-content-layout":"","ast-site-content-layout":"default","site-content-style":"default","site-sidebar-style":"default","ast-global-header-display":"","ast-banner-title-visibility":"","ast-main-header-display":"","ast-hfb-above-header-display":"","ast-hfb-below-header-display":"","ast-hfb-mobile-header-display":"","site-post-title":"","ast-breadcrumbs-content":"","ast-featured-img":"","footer-sml-layout":"","ast-disable-related-posts":"","theme-transparent-header-meta":"default","adv-header-id-meta":"","stick-header-meta":"","header-above-stick-meta":"","header-main-stick-meta":"","header-below-stick-meta":"","astra-migrate-meta-layouts":"default","ast-page-background-enabled":"default","ast-page-background-meta":{"desktop":{"background-color":"var(--ast-global-color-4)","background-image":"","background-repeat":"repeat","background-position":"center center","background-size":"auto","background-attachment":"scroll","background-type":"","background-media":"","overlay-type":"","overlay-color":"","overlay-opacity":"","overlay-gradient":""},"tablet":{"background-color":"","background-image":"","background-repeat":"repeat","background-position":"center center","background-size":"auto","background-attachment":"scroll","background-type":"","background-media":"","overlay-type":"","overlay-color":"","overlay-opacity":"","overlay-gradient":""},"mobile":{"background-color":"","background-image":"","background-repeat":"repeat","background-position":"center center","background-size":"auto","background-attachment":"scroll","background-type":"","background-media":"","overlay-type":"","overlay-color":"","overlay-opacity":"","overlay-gradient":""}},"ast-content-background-meta":{"desktop":{"background-color":"var(--ast-global-color-5)","background-image":"","background-repeat":"repeat","background-position":"center center","background-size":"auto","background-attachment":"scroll","background-type":"","background-media":"","overlay-type":"","overlay-color":"","overlay-opacity":"","overlay-gradient":""},"tablet":{"background-color":"var(--ast-global-color-5)","background-image":"","background-repeat":"repeat","background-position":"center center","background-size":"auto","background-attachment":"scroll","background-type":"","background-media":"","overlay-type":"","overlay-color":"","overlay-opacity":"","overlay-gradient":""},"mobile":{"background-color":"var(--ast-global-color-5)","background-image":"","background-repeat":"repeat","background-position":"center center","background-size":"auto","background-attachment":"scroll","background-type":"","background-media":"","overlay-type":"","overlay-color":"","overlay-opacity":"","overlay-gradient":""}}},"product_brand":[1273],"product_cat":[294],"product_tag":[],"class_list":{"0":"post-24391","1":"product","2":"type-product","3":"status-publish","4":"has-post-thumbnail","6":"product_brand-yllera","7":"product_cat-vin-rouge","8":"desktop-align-left","9":"tablet-align-left","10":"mobile-align-left","12":"first","13":"instock","14":"taxable","15":"shipping-taxable","16":"purchasable","17":"product-type-simple"},"_links":{"self":[{"href":"https:\/\/andalubox.com\/fr\/wp-json\/wp\/v2\/product\/24391","targetHints":{"allow":["GET"]}}],"collection":[{"href":"https:\/\/andalubox.com\/fr\/wp-json\/wp\/v2\/product"}],"about":[{"href":"https:\/\/andalubox.com\/fr\/wp-json\/wp\/v2\/types\/product"}],"replies":[{"embeddable":true,"href":"https:\/\/andalubox.com\/fr\/wp-json\/wp\/v2\/comments?post=24391"}],"wp:featuredmedia":[{"embeddable":true,"href":"https:\/\/andalubox.com\/fr\/wp-json\/wp\/v2\/media\/24388"}],"wp:attachment":[{"href":"https:\/\/andalubox.com\/fr\/wp-json\/wp\/v2\/media?parent=24391"}],"wp:term":[{"taxonomy":"product_brand","embeddable":true,"href":"https:\/\/andalubox.com\/fr\/wp-json\/wp\/v2\/product_brand?post=24391"},{"taxonomy":"product_cat","embeddable":true,"href":"https:\/\/andalubox.com\/fr\/wp-json\/wp\/v2\/product_cat?post=24391"},{"taxonomy":"product_tag","embeddable":true,"href":"https:\/\/andalubox.com\/fr\/wp-json\/wp\/v2\/product_tag?post=24391"}],"curies":[{"name":"wp","href":"https:\/\/api.w.org\/{rel}","templated":true}]}}