{"id":24375,"date":"2025-08-03T22:38:42","date_gmt":"2025-08-03T20:38:42","guid":{"rendered":"https:\/\/andalubox.com\/producto-andaluz\/jesus-yllera-crianza-ribera-del-duero-75-cl\/"},"modified":"2026-01-26T20:04:48","modified_gmt":"2026-01-26T19:04:48","slug":"jesus-yllera-crianza-ribera-del-duero-75-cl","status":"publish","type":"product","link":"https:\/\/andalubox.com\/fr\/producto-andaluz\/jesus-yllera-crianza-ribera-del-duero-75-cl\/","title":{"rendered":"Jes\u00fas Yllera Crianza Ribera del Duero 75 CL"},"content":{"rendered":"<p>Jes\u00fas Yllera Crianza Ribera del Duero 75 CL est un vin rouge des Bodegas Yllera dans l&#8217;AOC Ribera del Duero, Espagne, cr\u00e9\u00e9 en hommage \u00e0 l&#8217;un des fondateurs de la cave, Don Jes\u00fas Yllera, connu pour sa personnalit\u00e9 vibrante et passionn\u00e9e. Ce vin \u00e2g\u00e9 est un assemblage de Tempranillo (87-89 %), de Cabernet Sauvignon (11-12 %) et parfois d&#8217;une touche de Merlot (1 %), provenant de vignes \u00e2g\u00e9es de 45 \u00e0 50 ans et cultiv\u00e9es \u00e0 700-1000 m\u00e8tres d&#8217;altitude \u00e0 Valladolid et Burgos. <\/p>\n<p>Les vignobles, cultiv\u00e9s en vignes buissonnantes traditionnelles, sont plant\u00e9s sur des sols argileux et sablonneux, en \u00e9quilibrant le drainage et la r\u00e9tention d&#8217;eau afin d&#8217;obtenir des raisins concentr\u00e9s et \u00e9quilibr\u00e9s. Le vin fait l&#8217;objet d&#8217;une vendange manuelle avec une double s\u00e9lection (dans le vignoble et dans la cave) pour garantir la qualit\u00e9. <\/p>\n<p>Les raisins sont trait\u00e9s entiers, sans \u00e9grappage pour renforcer les ar\u00f4mes fruit\u00e9s, avec un remplissage des cuves par gravit\u00e9, un remontage quotidien pour l&#8217;extraction de la couleur et une fermentation \u00e0 28 \u00b0C en acier inoxydable. Le vin est \u00e9lev\u00e9 pendant 12 mois en f\u00fbts de ch\u00eane fran\u00e7ais et am\u00e9ricain (50 % neufs, 50 % de seconde utilisation dans certains mill\u00e9simes) et repose en bouteille avant d&#8217;\u00eatre mis sur le march\u00e9. Il en r\u00e9sulte un vin rouge cerise intense aux ar\u00f4mes de fruits noirs m\u00fbrs (prune, m\u00fbre, myrtille), de vanille, de cacao, de r\u00e9glisse et de notes min\u00e9rales (silex, graphite).  <\/p>\n<ul>\n\t<li>En bouche, il est puissant mais \u00e9l\u00e9gant, avec des tanins m\u00fbrs et velout\u00e9s, une acidit\u00e9 \u00e9quilibr\u00e9e et une finale longue et fra\u00eeche.<\/li>\n\t<li>Il se marie bien avec les viandes rouges et blanches, le petit gibier, les r\u00f4tis, les rago\u00fbts, les l\u00e9gumineuses et les fromages secs ou cr\u00e9meux. Les mill\u00e9simes les plus remarquables, tels que 2016 et 2018, ont \u00e9t\u00e9 tr\u00e8s appr\u00e9ci\u00e9s, obtenant 93 points de Robert Parker, Tim Atkin et Gu\u00eda Pe\u00f1\u00edn, entre autres, et des r\u00e9compenses telles que l&#8217;or au Berliner Wine Trophy. La production est limit\u00e9e, avec environ 145 000 bouteilles pour le mill\u00e9sime 2016. Il est d\u00e9crit comme un Ribera del Duero moderne et complexe, refl\u00e9tant \u00e0 la fois le caract\u00e8re de la r\u00e9gion et l&#8217;h\u00e9ritage de son homonyme.   <\/li>\n<\/ul>","protected":false},"excerpt":{"rendered":"<p>Jes\u00fas Yllera Crianza Ribera del Duero 75 CL exp\u00e9ditions vers toute l&#8217;EUROPE.<\/p>\n","protected":false},"featured_media":24372,"comment_status":"open","ping_status":"closed","template":"","meta":{"site-sidebar-layout":"default","site-content-layout":"","ast-site-content-layout":"default","site-content-style":"default","site-sidebar-style":"default","ast-global-header-display":"","ast-banner-title-visibility":"","ast-main-header-display":"","ast-hfb-above-header-display":"","ast-hfb-below-header-display":"","ast-hfb-mobile-header-display":"","site-post-title":"","ast-breadcrumbs-content":"","ast-featured-img":"","footer-sml-layout":"","ast-disable-related-posts":"","theme-transparent-header-meta":"default","adv-header-id-meta":"","stick-header-meta":"","header-above-stick-meta":"","header-main-stick-meta":"","header-below-stick-meta":"","astra-migrate-meta-layouts":"default","ast-page-background-enabled":"default","ast-page-background-meta":{"desktop":{"background-color":"var(--ast-global-color-4)","background-image":"","background-repeat":"repeat","background-position":"center center","background-size":"auto","background-attachment":"scroll","background-type":"","background-media":"","overlay-type":"","overlay-color":"","overlay-opacity":"","overlay-gradient":""},"tablet":{"background-color":"","background-image":"","background-repeat":"repeat","background-position":"center center","background-size":"auto","background-attachment":"scroll","background-type":"","background-media":"","overlay-type":"","overlay-color":"","overlay-opacity":"","overlay-gradient":""},"mobile":{"background-color":"","background-image":"","background-repeat":"repeat","background-position":"center center","background-size":"auto","background-attachment":"scroll","background-type":"","background-media":"","overlay-type":"","overlay-color":"","overlay-opacity":"","overlay-gradient":""}},"ast-content-background-meta":{"desktop":{"background-color":"var(--ast-global-color-5)","background-image":"","background-repeat":"repeat","background-position":"center center","background-size":"auto","background-attachment":"scroll","background-type":"","background-media":"","overlay-type":"","overlay-color":"","overlay-opacity":"","overlay-gradient":""},"tablet":{"background-color":"var(--ast-global-color-5)","background-image":"","background-repeat":"repeat","background-position":"center center","background-size":"auto","background-attachment":"scroll","background-type":"","background-media":"","overlay-type":"","overlay-color":"","overlay-opacity":"","overlay-gradient":""},"mobile":{"background-color":"var(--ast-global-color-5)","background-image":"","background-repeat":"repeat","background-position":"center center","background-size":"auto","background-attachment":"scroll","background-type":"","background-media":"","overlay-type":"","overlay-color":"","overlay-opacity":"","overlay-gradient":""}}},"product_brand":[1273],"product_cat":[294],"product_tag":[],"class_list":{"0":"post-24375","1":"product","2":"type-product","3":"status-publish","4":"has-post-thumbnail","6":"product_brand-yllera","7":"product_cat-vin-rouge","8":"desktop-align-left","9":"tablet-align-left","10":"mobile-align-left","12":"first","13":"instock","14":"taxable","15":"shipping-taxable","16":"purchasable","17":"product-type-simple"},"_links":{"self":[{"href":"https:\/\/andalubox.com\/fr\/wp-json\/wp\/v2\/product\/24375","targetHints":{"allow":["GET"]}}],"collection":[{"href":"https:\/\/andalubox.com\/fr\/wp-json\/wp\/v2\/product"}],"about":[{"href":"https:\/\/andalubox.com\/fr\/wp-json\/wp\/v2\/types\/product"}],"replies":[{"embeddable":true,"href":"https:\/\/andalubox.com\/fr\/wp-json\/wp\/v2\/comments?post=24375"}],"wp:featuredmedia":[{"embeddable":true,"href":"https:\/\/andalubox.com\/fr\/wp-json\/wp\/v2\/media\/24372"}],"wp:attachment":[{"href":"https:\/\/andalubox.com\/fr\/wp-json\/wp\/v2\/media?parent=24375"}],"wp:term":[{"taxonomy":"product_brand","embeddable":true,"href":"https:\/\/andalubox.com\/fr\/wp-json\/wp\/v2\/product_brand?post=24375"},{"taxonomy":"product_cat","embeddable":true,"href":"https:\/\/andalubox.com\/fr\/wp-json\/wp\/v2\/product_cat?post=24375"},{"taxonomy":"product_tag","embeddable":true,"href":"https:\/\/andalubox.com\/fr\/wp-json\/wp\/v2\/product_tag?post=24375"}],"curies":[{"name":"wp","href":"https:\/\/api.w.org\/{rel}","templated":true}]}}