{"id":24338,"date":"2025-08-03T20:26:59","date_gmt":"2025-08-03T18:26:59","guid":{"rendered":"https:\/\/andalubox.com\/producto-andaluz\/pesquera-crianza-ribera-del-duero-75-cl\/"},"modified":"2026-01-26T20:04:23","modified_gmt":"2026-01-26T19:04:23","slug":"pesquera-crianza-ribera-del-duero-75-cl","status":"publish","type":"product","link":"https:\/\/andalubox.com\/fr\/producto-andaluz\/pesquera-crianza-ribera-del-duero-75-cl\/","title":{"rendered":"Pesquera Crianza Ribera del Duero 75 CL"},"content":{"rendered":"<p>Pesquera Crianza Ribera del Duero 75 CL est un vin rouge de Ribera del Duero, Espagne, produit par Bodegas Alejandro Fern\u00e1ndez Tinto Pesquera, appartenant au groupe Familia Fern\u00e1ndez Rivera. Il s&#8217;agit d&#8217;un vin 100% Tempranillo (Tinto Fino), r\u00e9put\u00e9 pour son style traditionnel et sa qualit\u00e9 constante depuis plus de 40 ans. Voici une br\u00e8ve description bas\u00e9e sur les informations disponibles : Aspect : net et brillant, rouge rubis ou rouge violac\u00e9 profond avec des reflets violets ou violac\u00e9s, selon le mill\u00e9sime.  <\/p>\n<p>Ar\u00f4me : Intense et complexe, avec des notes de fruits rouges et noirs (framboises, fraises, m\u00fbres, prunes), des notes de vanille, de caf\u00e9 torr\u00e9fi\u00e9, de pain grill\u00e9, de r\u00e9glisse et des touches balsamiques dues \u00e0 l&#8217;\u00e9levage en ch\u00eane am\u00e9ricain. Certains mill\u00e9simes pr\u00e9sentent des notes \u00e9pic\u00e9es de clou de girofle et de menthol. <\/p>\n<p>Bouche : Entr\u00e9e en mati\u00e8re soyeuse et \u00e9l\u00e9gante, avec une acidit\u00e9 \u00e9quilibr\u00e9e, des tanins bien int\u00e9gr\u00e9s et de riches saveurs fruit\u00e9es. Le ch\u00eane apporte des notes toast\u00e9es, de vanille et de caf\u00e9. Il est structur\u00e9 mais accessible, avec une finale persistante.  <\/p>\n<p>Vieillissement : le vin est normalement vieilli pendant 12 \u00e0 18 mois dans des f\u00fbts de ch\u00eane am\u00e9ricain (et parfois fran\u00e7ais), puis au moins 6 mois en bouteille.<\/p>\n<p>Notes du mill\u00e9sime : 2019 : Moyennement cors\u00e9, savoureux, avec des notes de c\u00e8dre, de m\u00fbre et de caf\u00e9 ; gagne \u00e0 \u00eatre caraf\u00e9.<\/p>\n<ul>\n\t<li>2021 : Frais, avec des notes de prune, de m\u00fbre et d&#8217;herbes ; peut \u00eatre d\u00e9gust\u00e9 jusqu&#8217;en 2027. Note : 89 dans le Wine Spectator. <\/li>\n\t<li>2014 : cr\u00e9meux, avec des notes de m\u00fbre, de vanille et de tabac ; note : 91 chez Natalie MacLean.<\/li>\n\t<li>2017 : Dense, avec des tanins intenses et des notes de grenade ; note : 90,1 sur CellarTracker. Vinification : Le vin provient de 200 hectares de vignobles orient\u00e9s vers le sud \u00e0 Pesquera de Duero, \u00e0 une altitude de plus de 800 m\u00e8tres au-dessus du niveau de la mer, sur des sols argilo-limoneux et calcaires. Vinification traditionnelle avec 2 \u00e0 3 semaines de mac\u00e9ration et fermentation contr\u00f4l\u00e9e.  <\/li>\n<\/ul>\n<p>R\u00e9putation : un vin de r\u00e9f\u00e9rence de Ribera del Duero, lou\u00e9 pour sa structure, sa personnalit\u00e9 et sa long\u00e9vit\u00e9. C&#8217;est l&#8217;un des vins les plus r\u00e9put\u00e9s d&#8217;Espagne, certains mill\u00e9simes (2004 par exemple) \u00e9tant compar\u00e9s aux meilleurs vins du monde. <\/p>","protected":false},"excerpt":{"rendered":"<p>Pesquera Crianza Ribera del Duero 75 CL, exp\u00e9ditions vers toute l&#8217;EUROPE. Le mill\u00e9sime peut varier, demandez nos mill\u00e9simes. <\/p>\n","protected":false},"featured_media":24335,"comment_status":"open","ping_status":"closed","template":"","meta":{"site-sidebar-layout":"default","site-content-layout":"","ast-site-content-layout":"default","site-content-style":"default","site-sidebar-style":"default","ast-global-header-display":"","ast-banner-title-visibility":"","ast-main-header-display":"","ast-hfb-above-header-display":"","ast-hfb-below-header-display":"","ast-hfb-mobile-header-display":"","site-post-title":"","ast-breadcrumbs-content":"","ast-featured-img":"","footer-sml-layout":"","ast-disable-related-posts":"","theme-transparent-header-meta":"default","adv-header-id-meta":"","stick-header-meta":"","header-above-stick-meta":"","header-main-stick-meta":"","header-below-stick-meta":"","astra-migrate-meta-layouts":"default","ast-page-background-enabled":"default","ast-page-background-meta":{"desktop":{"background-color":"var(--ast-global-color-4)","background-image":"","background-repeat":"repeat","background-position":"center center","background-size":"auto","background-attachment":"scroll","background-type":"","background-media":"","overlay-type":"","overlay-color":"","overlay-opacity":"","overlay-gradient":""},"tablet":{"background-color":"","background-image":"","background-repeat":"repeat","background-position":"center center","background-size":"auto","background-attachment":"scroll","background-type":"","background-media":"","overlay-type":"","overlay-color":"","overlay-opacity":"","overlay-gradient":""},"mobile":{"background-color":"","background-image":"","background-repeat":"repeat","background-position":"center center","background-size":"auto","background-attachment":"scroll","background-type":"","background-media":"","overlay-type":"","overlay-color":"","overlay-opacity":"","overlay-gradient":""}},"ast-content-background-meta":{"desktop":{"background-color":"var(--ast-global-color-5)","background-image":"","background-repeat":"repeat","background-position":"center center","background-size":"auto","background-attachment":"scroll","background-type":"","background-media":"","overlay-type":"","overlay-color":"","overlay-opacity":"","overlay-gradient":""},"tablet":{"background-color":"var(--ast-global-color-5)","background-image":"","background-repeat":"repeat","background-position":"center center","background-size":"auto","background-attachment":"scroll","background-type":"","background-media":"","overlay-type":"","overlay-color":"","overlay-opacity":"","overlay-gradient":""},"mobile":{"background-color":"var(--ast-global-color-5)","background-image":"","background-repeat":"repeat","background-position":"center center","background-size":"auto","background-attachment":"scroll","background-type":"","background-media":"","overlay-type":"","overlay-color":"","overlay-opacity":"","overlay-gradient":""}}},"product_brand":[1269],"product_cat":[416,294],"product_tag":[],"class_list":{"0":"post-24338","1":"product","2":"type-product","3":"status-publish","4":"has-post-thumbnail","6":"product_brand-pesquera","7":"product_cat-exclusivites-andalubox","8":"product_cat-vin-rouge","9":"desktop-align-left","10":"tablet-align-left","11":"mobile-align-left","13":"first","14":"instock","15":"taxable","16":"shipping-taxable","17":"purchasable","18":"product-type-simple"},"_links":{"self":[{"href":"https:\/\/andalubox.com\/fr\/wp-json\/wp\/v2\/product\/24338","targetHints":{"allow":["GET"]}}],"collection":[{"href":"https:\/\/andalubox.com\/fr\/wp-json\/wp\/v2\/product"}],"about":[{"href":"https:\/\/andalubox.com\/fr\/wp-json\/wp\/v2\/types\/product"}],"replies":[{"embeddable":true,"href":"https:\/\/andalubox.com\/fr\/wp-json\/wp\/v2\/comments?post=24338"}],"wp:featuredmedia":[{"embeddable":true,"href":"https:\/\/andalubox.com\/fr\/wp-json\/wp\/v2\/media\/24335"}],"wp:attachment":[{"href":"https:\/\/andalubox.com\/fr\/wp-json\/wp\/v2\/media?parent=24338"}],"wp:term":[{"taxonomy":"product_brand","embeddable":true,"href":"https:\/\/andalubox.com\/fr\/wp-json\/wp\/v2\/product_brand?post=24338"},{"taxonomy":"product_cat","embeddable":true,"href":"https:\/\/andalubox.com\/fr\/wp-json\/wp\/v2\/product_cat?post=24338"},{"taxonomy":"product_tag","embeddable":true,"href":"https:\/\/andalubox.com\/fr\/wp-json\/wp\/v2\/product_tag?post=24338"}],"curies":[{"name":"wp","href":"https:\/\/api.w.org\/{rel}","templated":true}]}}