{"id":24328,"date":"2025-08-03T20:20:44","date_gmt":"2025-08-03T18:20:44","guid":{"rendered":"https:\/\/andalubox.com\/producto-andaluz\/muga-crianza-rioja-75-cl\/"},"modified":"2026-01-26T20:04:12","modified_gmt":"2026-01-26T19:04:12","slug":"muga-crianza-rioja-75-cl","status":"publish","type":"product","link":"https:\/\/andalubox.com\/fr\/producto-andaluz\/muga-crianza-rioja-75-cl\/","title":{"rendered":"Muga Crianza Rioja 75 CL"},"content":{"rendered":"<p>Muga Crianza Rioja 75 CL<\/p>\n<p>Bodegas Muga, une cave familiale renomm\u00e9e situ\u00e9e \u00e0 Haro, dans la Rioja, en Espagne, est tr\u00e8s pr\u00e9sente sur le march\u00e9 international du vin et exporte ses vins dans plus de 70 pays. Fond\u00e9e en 1932 par Isaac Muga et Aurora Ca\u00f1o, la cave est connue pour son approche \u00e0 la fois traditionnelle et innovante de la vinification. Elle produit des vins rouges, blancs, ros\u00e9s et p\u00e9tillants de grande qualit\u00e9 qui refl\u00e8tent le terroir de la r\u00e9gion de la Rioja. <\/p>\n<p>Les vins Muga, y compris les marques phares telles que Muga Crianza, Selecci\u00f3n Especial, Prado Enea Gran Reserva et Torre Muga, sont distribu\u00e9s dans plus de 70 pays, ce qui place la cave parmi les marques d&#8217;\u00e9lite de la Rioja. Ce vaste r\u00e9seau d&#8217;exportation souligne la demande mondiale pour ses vins, reconnus pour leur complexit\u00e9, leur \u00e9l\u00e9gance et leur fid\u00e9lit\u00e9 \u00e0 la viticulture traditionnelle de la Rioja. <\/p>\n<p>Production et qualit\u00e9 : Muga produit environ 1,5 million de bouteilles par an, et 70 \u00e0 85 % de ses raisins proviennent de ses 300 hectares de vignobles propres, compl\u00e9t\u00e9s par des vignobles contr\u00f4l\u00e9s de producteurs locaux. L&#8217;engagement de la cave en faveur de la qualit\u00e9, qui comprend des pratiques agricoles biologiques et biodynamiques et sa propre tonnellerie pour les f\u00fbts de ch\u00eane fran\u00e7ais et am\u00e9ricain, renforce son attrait sur les march\u00e9s internationaux. <\/p>","protected":false},"excerpt":{"rendered":"<p>Muga Crianza Rioja 75 CL exp\u00e9di\u00e9 dans toute l&#8217;Europe. Le mill\u00e9sime peut varier. Demandez les mill\u00e9simes pr\u00e9c\u00e9dents.  <\/p>\n","protected":false},"featured_media":24326,"comment_status":"open","ping_status":"closed","template":"","meta":{"site-sidebar-layout":"default","site-content-layout":"","ast-site-content-layout":"default","site-content-style":"default","site-sidebar-style":"default","ast-global-header-display":"","ast-banner-title-visibility":"","ast-main-header-display":"","ast-hfb-above-header-display":"","ast-hfb-below-header-display":"","ast-hfb-mobile-header-display":"","site-post-title":"","ast-breadcrumbs-content":"","ast-featured-img":"","footer-sml-layout":"","ast-disable-related-posts":"","theme-transparent-header-meta":"default","adv-header-id-meta":"","stick-header-meta":"","header-above-stick-meta":"","header-main-stick-meta":"","header-below-stick-meta":"","astra-migrate-meta-layouts":"default","ast-page-background-enabled":"default","ast-page-background-meta":{"desktop":{"background-color":"var(--ast-global-color-4)","background-image":"","background-repeat":"repeat","background-position":"center center","background-size":"auto","background-attachment":"scroll","background-type":"","background-media":"","overlay-type":"","overlay-color":"","overlay-opacity":"","overlay-gradient":""},"tablet":{"background-color":"","background-image":"","background-repeat":"repeat","background-position":"center center","background-size":"auto","background-attachment":"scroll","background-type":"","background-media":"","overlay-type":"","overlay-color":"","overlay-opacity":"","overlay-gradient":""},"mobile":{"background-color":"","background-image":"","background-repeat":"repeat","background-position":"center center","background-size":"auto","background-attachment":"scroll","background-type":"","background-media":"","overlay-type":"","overlay-color":"","overlay-opacity":"","overlay-gradient":""}},"ast-content-background-meta":{"desktop":{"background-color":"var(--ast-global-color-5)","background-image":"","background-repeat":"repeat","background-position":"center center","background-size":"auto","background-attachment":"scroll","background-type":"","background-media":"","overlay-type":"","overlay-color":"","overlay-opacity":"","overlay-gradient":""},"tablet":{"background-color":"var(--ast-global-color-5)","background-image":"","background-repeat":"repeat","background-position":"center center","background-size":"auto","background-attachment":"scroll","background-type":"","background-media":"","overlay-type":"","overlay-color":"","overlay-opacity":"","overlay-gradient":""},"mobile":{"background-color":"var(--ast-global-color-5)","background-image":"","background-repeat":"repeat","background-position":"center center","background-size":"auto","background-attachment":"scroll","background-type":"","background-media":"","overlay-type":"","overlay-color":"","overlay-opacity":"","overlay-gradient":""}}},"product_brand":[1268],"product_cat":[416,294],"product_tag":[],"class_list":{"0":"post-24328","1":"product","2":"type-product","3":"status-publish","4":"has-post-thumbnail","6":"product_brand-muga","7":"product_cat-exclusivites-andalubox","8":"product_cat-vin-rouge","9":"desktop-align-left","10":"tablet-align-left","11":"mobile-align-left","13":"first","14":"instock","15":"taxable","16":"shipping-taxable","17":"purchasable","18":"product-type-simple"},"_links":{"self":[{"href":"https:\/\/andalubox.com\/fr\/wp-json\/wp\/v2\/product\/24328","targetHints":{"allow":["GET"]}}],"collection":[{"href":"https:\/\/andalubox.com\/fr\/wp-json\/wp\/v2\/product"}],"about":[{"href":"https:\/\/andalubox.com\/fr\/wp-json\/wp\/v2\/types\/product"}],"replies":[{"embeddable":true,"href":"https:\/\/andalubox.com\/fr\/wp-json\/wp\/v2\/comments?post=24328"}],"wp:featuredmedia":[{"embeddable":true,"href":"https:\/\/andalubox.com\/fr\/wp-json\/wp\/v2\/media\/24326"}],"wp:attachment":[{"href":"https:\/\/andalubox.com\/fr\/wp-json\/wp\/v2\/media?parent=24328"}],"wp:term":[{"taxonomy":"product_brand","embeddable":true,"href":"https:\/\/andalubox.com\/fr\/wp-json\/wp\/v2\/product_brand?post=24328"},{"taxonomy":"product_cat","embeddable":true,"href":"https:\/\/andalubox.com\/fr\/wp-json\/wp\/v2\/product_cat?post=24328"},{"taxonomy":"product_tag","embeddable":true,"href":"https:\/\/andalubox.com\/fr\/wp-json\/wp\/v2\/product_tag?post=24328"}],"curies":[{"name":"wp","href":"https:\/\/api.w.org\/{rel}","templated":true}]}}