{"id":24225,"date":"2025-07-23T18:36:28","date_gmt":"2025-07-23T16:36:28","guid":{"rendered":"https:\/\/andalubox.com\/producto-andaluz\/valhalla-mead-ragnarok-bouteille-33-cl\/"},"modified":"2025-09-18T10:21:12","modified_gmt":"2025-09-18T08:21:12","slug":"valhalla-mead-ragnarok-bouteille-33-cl","status":"publish","type":"product","link":"https:\/\/andalubox.com\/fr\/producto-andaluz\/valhalla-mead-ragnarok-bouteille-33-cl\/","title":{"rendered":"Valhalla Mead Ragnar\u00f6k Bouteille 33 CL"},"content":{"rendered":"<p>Bouteille d&#8217;hydromel Valhalla Ragnar\u00f6k 33 CL.<\/p>\n<p>Valhalla Hidromiel est une marque espagnole qui produit de l&#8217;hydromel artisanal de haute qualit\u00e9, une boisson ferment\u00e9e \u00e0 base de miel, d&#8217;eau et de levure, consid\u00e9r\u00e9e comme l&#8217;une des plus anciennes boissons alcoolis\u00e9es, avant la bi\u00e8re et le vin. Fabriqu\u00e9 \u00e0 S\u00e9ville, il utilise du miel d&#8217;origine locale, une levure brevet\u00e9e et l&#8217;eau unique de S\u00e9ville, en suivant des recettes traditionnelles pour offrir des saveurs authentiques avec une touche de modernit\u00e9. Avec une teneur en alcool d&#8217;environ 11 %, elle est sans gluten, sans sulfites et biologique, ce qui est id\u00e9al pour ceux qui recherchent des boissons naturelles et historiques.  <\/p>\n<p>Valhalla Ragnar\u00f6k : semi-doux, \u00e9quilibr\u00e9 et fabriqu\u00e9 avec du miel artisanal, il est id\u00e9al pour les d\u00e9butants avec une saveur robuste, id\u00e9ale pour ceux qui d\u00e9couvrent l&#8217;hydromel.<\/p>","protected":false},"excerpt":{"rendered":"<p>Bouteille d&#8217;hydromel Valhalla Ragnar\u00f6k 33 CL. Maintenant pour toute l&#8217;Europe !<\/p>\n","protected":false},"featured_media":24214,"comment_status":"open","ping_status":"closed","template":"","meta":{"site-sidebar-layout":"default","site-content-layout":"","ast-site-content-layout":"default","site-content-style":"default","site-sidebar-style":"default","ast-global-header-display":"","ast-banner-title-visibility":"","ast-main-header-display":"","ast-hfb-above-header-display":"","ast-hfb-below-header-display":"","ast-hfb-mobile-header-display":"","site-post-title":"","ast-breadcrumbs-content":"","ast-featured-img":"","footer-sml-layout":"","ast-disable-related-posts":"","theme-transparent-header-meta":"default","adv-header-id-meta":"","stick-header-meta":"","header-above-stick-meta":"","header-main-stick-meta":"","header-below-stick-meta":"","astra-migrate-meta-layouts":"default","ast-page-background-enabled":"default","ast-page-background-meta":{"desktop":{"background-color":"var(--ast-global-color-4)","background-image":"","background-repeat":"repeat","background-position":"center center","background-size":"auto","background-attachment":"scroll","background-type":"","background-media":"","overlay-type":"","overlay-color":"","overlay-opacity":"","overlay-gradient":""},"tablet":{"background-color":"","background-image":"","background-repeat":"repeat","background-position":"center center","background-size":"auto","background-attachment":"scroll","background-type":"","background-media":"","overlay-type":"","overlay-color":"","overlay-opacity":"","overlay-gradient":""},"mobile":{"background-color":"","background-image":"","background-repeat":"repeat","background-position":"center center","background-size":"auto","background-attachment":"scroll","background-type":"","background-media":"","overlay-type":"","overlay-color":"","overlay-opacity":"","overlay-gradient":""}},"ast-content-background-meta":{"desktop":{"background-color":"var(--ast-global-color-5)","background-image":"","background-repeat":"repeat","background-position":"center center","background-size":"auto","background-attachment":"scroll","background-type":"","background-media":"","overlay-type":"","overlay-color":"","overlay-opacity":"","overlay-gradient":""},"tablet":{"background-color":"var(--ast-global-color-5)","background-image":"","background-repeat":"repeat","background-position":"center center","background-size":"auto","background-attachment":"scroll","background-type":"","background-media":"","overlay-type":"","overlay-color":"","overlay-opacity":"","overlay-gradient":""},"mobile":{"background-color":"var(--ast-global-color-5)","background-image":"","background-repeat":"repeat","background-position":"center center","background-size":"auto","background-attachment":"scroll","background-type":"","background-media":"","overlay-type":"","overlay-color":"","overlay-opacity":"","overlay-gradient":""}}},"product_brand":[1267],"product_cat":[1012],"product_tag":[],"class_list":{"0":"post-24225","1":"product","2":"type-product","3":"status-publish","4":"has-post-thumbnail","6":"product_brand-valhalla","7":"product_cat-hydromel-de-seville","8":"desktop-align-left","9":"tablet-align-left","10":"mobile-align-left","12":"first","13":"instock","14":"taxable","15":"shipping-taxable","16":"purchasable","17":"product-type-simple"},"_links":{"self":[{"href":"https:\/\/andalubox.com\/fr\/wp-json\/wp\/v2\/product\/24225","targetHints":{"allow":["GET"]}}],"collection":[{"href":"https:\/\/andalubox.com\/fr\/wp-json\/wp\/v2\/product"}],"about":[{"href":"https:\/\/andalubox.com\/fr\/wp-json\/wp\/v2\/types\/product"}],"replies":[{"embeddable":true,"href":"https:\/\/andalubox.com\/fr\/wp-json\/wp\/v2\/comments?post=24225"}],"wp:featuredmedia":[{"embeddable":true,"href":"https:\/\/andalubox.com\/fr\/wp-json\/wp\/v2\/media\/24214"}],"wp:attachment":[{"href":"https:\/\/andalubox.com\/fr\/wp-json\/wp\/v2\/media?parent=24225"}],"wp:term":[{"taxonomy":"product_brand","embeddable":true,"href":"https:\/\/andalubox.com\/fr\/wp-json\/wp\/v2\/product_brand?post=24225"},{"taxonomy":"product_cat","embeddable":true,"href":"https:\/\/andalubox.com\/fr\/wp-json\/wp\/v2\/product_cat?post=24225"},{"taxonomy":"product_tag","embeddable":true,"href":"https:\/\/andalubox.com\/fr\/wp-json\/wp\/v2\/product_tag?post=24225"}],"curies":[{"name":"wp","href":"https:\/\/api.w.org\/{rel}","templated":true}]}}