{"id":24209,"date":"2025-07-23T18:22:16","date_gmt":"2025-07-23T16:22:16","guid":{"rendered":"https:\/\/andalubox.com\/producto-andaluz\/hydromel-valhalla-freyja-bouteille-33-cl\/"},"modified":"2025-07-23T18:22:16","modified_gmt":"2025-07-23T16:22:16","slug":"hydromel-valhalla-freyja-bouteille-33-cl","status":"publish","type":"product","link":"https:\/\/andalubox.com\/fr\/producto-andaluz\/hydromel-valhalla-freyja-bouteille-33-cl\/","title":{"rendered":"Hydromel Valhalla Freyja Bouteille 33 CL"},"content":{"rendered":"<p>Hydromel Valhalla Freyja Bouteille 33 CL<\/p>\n<p>Valhalla Hidromiel est une marque espagnole qui produit de l&#8217;hydromel artisanal de haute qualit\u00e9, une boisson ferment\u00e9e \u00e0 base de miel, d&#8217;eau et de levure, consid\u00e9r\u00e9e comme l&#8217;une des plus anciennes boissons alcoolis\u00e9es, avant la bi\u00e8re et le vin. Fabriqu\u00e9 \u00e0 S\u00e9ville, il utilise du miel d&#8217;origine locale, sa propre levure et l&#8217;eau unique de S\u00e9ville, en suivant des recettes traditionnelles pour offrir des saveurs authentiques avec une touche de modernit\u00e9. Avec une teneur en alcool d&#8217;environ 11 %, elle est sans gluten, sans sulfites et biologique, ce qui est id\u00e9al pour ceux qui recherchent des boissons naturelles et historiques.  <\/p>\n<p>Valhalla Freyja : Semi-sucr\u00e9 avec un ton rose et cristallin gr\u00e2ce \u00e0 l&#8217;infusion de fruits rouges (groseilles, cerises). Equilibre entre douceur et acidit\u00e9, id\u00e9al pour les tapas, les p\u00e2t\u00e9s, les fromages \u00e0 p\u00e2te molle ou les poissons grill\u00e9s. Hommage \u00e0 Freyja, d\u00e9esse nordique de l&#8217;amour et de la beaut\u00e9.  <\/p>","protected":false},"excerpt":{"rendered":"<p>Valhalla Mead Freyja Bottle 33 CL, vendu dans toute l&#8217;Europe.<\/p>\n","protected":false},"featured_media":24202,"comment_status":"open","ping_status":"closed","template":"","meta":{"site-sidebar-layout":"default","site-content-layout":"","ast-site-content-layout":"default","site-content-style":"default","site-sidebar-style":"default","ast-global-header-display":"","ast-banner-title-visibility":"","ast-main-header-display":"","ast-hfb-above-header-display":"","ast-hfb-below-header-display":"","ast-hfb-mobile-header-display":"","site-post-title":"","ast-breadcrumbs-content":"","ast-featured-img":"","footer-sml-layout":"","ast-disable-related-posts":"","theme-transparent-header-meta":"default","adv-header-id-meta":"","stick-header-meta":"","header-above-stick-meta":"","header-main-stick-meta":"","header-below-stick-meta":"","astra-migrate-meta-layouts":"default","ast-page-background-enabled":"default","ast-page-background-meta":{"desktop":{"background-color":"var(--ast-global-color-4)","background-image":"","background-repeat":"repeat","background-position":"center center","background-size":"auto","background-attachment":"scroll","background-type":"","background-media":"","overlay-type":"","overlay-color":"","overlay-opacity":"","overlay-gradient":""},"tablet":{"background-color":"","background-image":"","background-repeat":"repeat","background-position":"center center","background-size":"auto","background-attachment":"scroll","background-type":"","background-media":"","overlay-type":"","overlay-color":"","overlay-opacity":"","overlay-gradient":""},"mobile":{"background-color":"","background-image":"","background-repeat":"repeat","background-position":"center center","background-size":"auto","background-attachment":"scroll","background-type":"","background-media":"","overlay-type":"","overlay-color":"","overlay-opacity":"","overlay-gradient":""}},"ast-content-background-meta":{"desktop":{"background-color":"var(--ast-global-color-5)","background-image":"","background-repeat":"repeat","background-position":"center center","background-size":"auto","background-attachment":"scroll","background-type":"","background-media":"","overlay-type":"","overlay-color":"","overlay-opacity":"","overlay-gradient":""},"tablet":{"background-color":"var(--ast-global-color-5)","background-image":"","background-repeat":"repeat","background-position":"center center","background-size":"auto","background-attachment":"scroll","background-type":"","background-media":"","overlay-type":"","overlay-color":"","overlay-opacity":"","overlay-gradient":""},"mobile":{"background-color":"var(--ast-global-color-5)","background-image":"","background-repeat":"repeat","background-position":"center center","background-size":"auto","background-attachment":"scroll","background-type":"","background-media":"","overlay-type":"","overlay-color":"","overlay-opacity":"","overlay-gradient":""}}},"product_brand":[1267],"product_cat":[1012],"product_tag":[],"class_list":{"0":"post-24209","1":"product","2":"type-product","3":"status-publish","4":"has-post-thumbnail","6":"product_brand-valhalla","7":"product_cat-hydromel-de-seville","8":"desktop-align-left","9":"tablet-align-left","10":"mobile-align-left","12":"first","13":"instock","14":"taxable","15":"shipping-taxable","16":"purchasable","17":"product-type-simple"},"_links":{"self":[{"href":"https:\/\/andalubox.com\/fr\/wp-json\/wp\/v2\/product\/24209","targetHints":{"allow":["GET"]}}],"collection":[{"href":"https:\/\/andalubox.com\/fr\/wp-json\/wp\/v2\/product"}],"about":[{"href":"https:\/\/andalubox.com\/fr\/wp-json\/wp\/v2\/types\/product"}],"replies":[{"embeddable":true,"href":"https:\/\/andalubox.com\/fr\/wp-json\/wp\/v2\/comments?post=24209"}],"wp:featuredmedia":[{"embeddable":true,"href":"https:\/\/andalubox.com\/fr\/wp-json\/wp\/v2\/media\/24202"}],"wp:attachment":[{"href":"https:\/\/andalubox.com\/fr\/wp-json\/wp\/v2\/media?parent=24209"}],"wp:term":[{"taxonomy":"product_brand","embeddable":true,"href":"https:\/\/andalubox.com\/fr\/wp-json\/wp\/v2\/product_brand?post=24209"},{"taxonomy":"product_cat","embeddable":true,"href":"https:\/\/andalubox.com\/fr\/wp-json\/wp\/v2\/product_cat?post=24209"},{"taxonomy":"product_tag","embeddable":true,"href":"https:\/\/andalubox.com\/fr\/wp-json\/wp\/v2\/product_tag?post=24209"}],"curies":[{"name":"wp","href":"https:\/\/api.w.org\/{rel}","templated":true}]}}