{"id":24001,"date":"2025-07-18T12:03:18","date_gmt":"2025-07-18T10:03:18","guid":{"rendered":"https:\/\/andalubox.com\/producto-andaluz\/castillo-de-canena-huile-dolive-vierge-extra-arbequina-avec-fumee-de-chene-250ml\/"},"modified":"2025-09-18T11:16:10","modified_gmt":"2025-09-18T09:16:10","slug":"castillo-de-canena-huile-dolive-vierge-extra-arbequina-avec-fumee-de-chene-250ml","status":"publish","type":"product","link":"https:\/\/andalubox.com\/fr\/producto-andaluz\/castillo-de-canena-huile-dolive-vierge-extra-arbequina-avec-fumee-de-chene-250ml\/","title":{"rendered":"Castillo de Canena Huile d&#8217;olive vierge extra Arbequina avec fum\u00e9e de ch\u00eane, 250ml"},"content":{"rendered":"<p>Castillo de Canena Huile d&#8217;olive vierge extra Arbequina avec fum\u00e9e de ch\u00eane, 250ml. Produit unique au monde, notre huile d&#8217;olive Arbequina est fum\u00e9e \u00e0 froid selon un syst\u00e8me de production artisanal qui suit les contr\u00f4les et les protocoles de qualit\u00e9 les plus stricts. Avec l&#8217;aide de ma\u00eetres fumeurs, nous avons fait une s\u00e9lection de diff\u00e9rents bois \u00e9cologiques, avec une pr\u00e9dominance du ch\u00eane. Elle est pr\u00e9sent\u00e9e dans un flacon de 250 ml, de couleur bleu turquoise et s\u00e9rigraphi\u00e9e en noir.   <\/p>\n<p>Il s&#8217;agit de la premi\u00e8re et unique huile fum\u00e9e de Castillo de Canena, infus\u00e9e \u00e0 froid et \u00e9labor\u00e9e \u00e0 partir d&#8217;une combinaison de diff\u00e9rents bois \u00e9cologiques &#8211; principalement de la fum\u00e9e de ch\u00eane &#8211; et de son arbequino, selon un syst\u00e8me de production traditionnel avec l&#8217;aide de ma\u00eetres fumeurs.<\/p>\n<p>Son go\u00fbt \u00e9voque des ar\u00f4mes de pomme fra\u00eeche et d&#8217;amande, avec une touche chaude de caramel, de vanille et de toffee. Son ar\u00f4me fum\u00e9 est id\u00e9al pour une utilisation crue dans tous les types de plats de viande et de poisson, dans les vinaigrettes et les sauces. <\/p>\n<p>Vari\u00e9t\u00e9 : Arbequina<br>Producteur : Castillo de Canena<br>Format : 250 ml<br>Origine : Canena (Ja\u00e9n)<\/p>","protected":false},"excerpt":{"rendered":"<p>Huile d&#8217;olive vierge extra Castillo de Canena Arbequina avec fum\u00e9e de ch\u00eane, 250 ml dans toute l&#8217;Europe.<\/p>\n","protected":false},"featured_media":23998,"comment_status":"open","ping_status":"closed","template":"","meta":{"site-sidebar-layout":"default","site-content-layout":"","ast-site-content-layout":"default","site-content-style":"default","site-sidebar-style":"default","ast-global-header-display":"","ast-banner-title-visibility":"","ast-main-header-display":"","ast-hfb-above-header-display":"","ast-hfb-below-header-display":"","ast-hfb-mobile-header-display":"","site-post-title":"","ast-breadcrumbs-content":"","ast-featured-img":"","footer-sml-layout":"","ast-disable-related-posts":"","theme-transparent-header-meta":"default","adv-header-id-meta":"","stick-header-meta":"","header-above-stick-meta":"","header-main-stick-meta":"","header-below-stick-meta":"","astra-migrate-meta-layouts":"default","ast-page-background-enabled":"default","ast-page-background-meta":{"desktop":{"background-color":"var(--ast-global-color-4)","background-image":"","background-repeat":"repeat","background-position":"center center","background-size":"auto","background-attachment":"scroll","background-type":"","background-media":"","overlay-type":"","overlay-color":"","overlay-opacity":"","overlay-gradient":""},"tablet":{"background-color":"","background-image":"","background-repeat":"repeat","background-position":"center center","background-size":"auto","background-attachment":"scroll","background-type":"","background-media":"","overlay-type":"","overlay-color":"","overlay-opacity":"","overlay-gradient":""},"mobile":{"background-color":"","background-image":"","background-repeat":"repeat","background-position":"center center","background-size":"auto","background-attachment":"scroll","background-type":"","background-media":"","overlay-type":"","overlay-color":"","overlay-opacity":"","overlay-gradient":""}},"ast-content-background-meta":{"desktop":{"background-color":"var(--ast-global-color-5)","background-image":"","background-repeat":"repeat","background-position":"center center","background-size":"auto","background-attachment":"scroll","background-type":"","background-media":"","overlay-type":"","overlay-color":"","overlay-opacity":"","overlay-gradient":""},"tablet":{"background-color":"var(--ast-global-color-5)","background-image":"","background-repeat":"repeat","background-position":"center center","background-size":"auto","background-attachment":"scroll","background-type":"","background-media":"","overlay-type":"","overlay-color":"","overlay-opacity":"","overlay-gradient":""},"mobile":{"background-color":"var(--ast-global-color-5)","background-image":"","background-repeat":"repeat","background-position":"center center","background-size":"auto","background-attachment":"scroll","background-type":"","background-media":"","overlay-type":"","overlay-color":"","overlay-opacity":"","overlay-gradient":""}}},"product_brand":[1266],"product_cat":[313],"product_tag":[1005,1001],"class_list":{"0":"post-24001","1":"product","2":"type-product","3":"status-publish","4":"has-post-thumbnail","6":"product_brand-castillo-de-canena","7":"product_cat-huile-andalouse","8":"product_tag-huile-dolive-fumee","9":"product_tag-huile-de-jain","10":"desktop-align-left","11":"tablet-align-left","12":"mobile-align-left","14":"first","15":"instock","16":"taxable","17":"shipping-taxable","18":"purchasable","19":"product-type-simple"},"_links":{"self":[{"href":"https:\/\/andalubox.com\/fr\/wp-json\/wp\/v2\/product\/24001","targetHints":{"allow":["GET"]}}],"collection":[{"href":"https:\/\/andalubox.com\/fr\/wp-json\/wp\/v2\/product"}],"about":[{"href":"https:\/\/andalubox.com\/fr\/wp-json\/wp\/v2\/types\/product"}],"replies":[{"embeddable":true,"href":"https:\/\/andalubox.com\/fr\/wp-json\/wp\/v2\/comments?post=24001"}],"wp:featuredmedia":[{"embeddable":true,"href":"https:\/\/andalubox.com\/fr\/wp-json\/wp\/v2\/media\/23998"}],"wp:attachment":[{"href":"https:\/\/andalubox.com\/fr\/wp-json\/wp\/v2\/media?parent=24001"}],"wp:term":[{"taxonomy":"product_brand","embeddable":true,"href":"https:\/\/andalubox.com\/fr\/wp-json\/wp\/v2\/product_brand?post=24001"},{"taxonomy":"product_cat","embeddable":true,"href":"https:\/\/andalubox.com\/fr\/wp-json\/wp\/v2\/product_cat?post=24001"},{"taxonomy":"product_tag","embeddable":true,"href":"https:\/\/andalubox.com\/fr\/wp-json\/wp\/v2\/product_tag?post=24001"}],"curies":[{"name":"wp","href":"https:\/\/api.w.org\/{rel}","templated":true}]}}