{"id":23985,"date":"2025-07-18T11:46:22","date_gmt":"2025-07-18T09:46:22","guid":{"rendered":"https:\/\/andalubox.com\/producto-andaluz\/amontillado-la-cigarrera-75cl\/"},"modified":"2025-09-18T11:21:56","modified_gmt":"2025-09-18T09:21:56","slug":"amontillado-la-cigarrera-75cl","status":"publish","type":"product","link":"https:\/\/andalubox.com\/fr\/producto-andaluz\/amontillado-la-cigarrera-75cl\/","title":{"rendered":"La Cigarrera Amontillado D.O Sanl\u00facar de Barrameda 75cl"},"content":{"rendered":"<p>La Cigarrera Amontillado D.O. Sanl\u00facar 75cl<br>Vignoble : Bodegas La Cigarrera<br>D.O.\/Zona : D.O. Jerez y Manzanilla-Sanl\u00facar de Barrameda<br>Pays : Espagne<br>Type de vin : doux et g\u00e9n\u00e9reux<br>Vieillissement : avec vieillissement<br>Teneur en alcool (vol) : 17,00%<br>Vari\u00e9t\u00e9 : Palomino fino 100%<br>VINIFICATION : \u00e9labor\u00e9e par vieillissement biologique et oxydatif<br>ACCOMPAGNEMENT : tr\u00e8s appropri\u00e9 avec les viandes blanches, les poissons bleus et les fromages affin\u00e9s.<\/p>\n<p>L&#8217;<b>Amontillado La Cigarrera D.O. Sanl\u00facar 75cl<\/b> est un vin fortifi\u00e9 de la prestigieuse Bodegas La Cigarrera \u00e0 Sanl\u00facar de Barrameda, Espagne. Vous trouverez ici des informations d\u00e9taill\u00e9es sur ce vin : <\/p>\n<h3><b>Caract\u00e9ristiques<\/b><\/h3>\n<ul>\n\t<li>\n<p><b>Type de vin :<\/b> Vin blanc fortifi\u00e9, g\u00e9n\u00e9reux, extra sec.<\/p>\n<\/li>\n\t<li>\n<p><b>C\u00e9page :<\/b> 100% Palomino Fino.<\/p>\n<\/li>\n\t<li>\n<p><b>\u00c9laboration :<\/b> Il subit un premier vieillissement biologique (sous &#8220;flor&#8221;) d&#8217;environ quatre ans, suivi d&#8217;un vieillissement oxydatif d&#8217;environ deux ans. Ce double vieillissement lui conf\u00e8re son caract\u00e8re unique et sa complexit\u00e9. <\/p>\n<\/li>\n\t<li>\n<p><b>Taux d&#8217;alcool :<\/b> 17% vol.<\/p>\n<\/li>\n<\/ul>\n<h3><b>Notes de d\u00e9gustation<\/b><\/h3>\n<ul>\n\t<li>\n<p><b>Aspect :<\/b> Couleur topaze \u00e0 ambre, avec des reflets iod\u00e9s.<\/p>\n<\/li>\n\t<li>\n<p><b>Nez :<\/b> Ar\u00f4me piquant mais discret, avec des notes de noisette, de bois noble, de caramel et une touche saline qui r\u00e9v\u00e8le son origine Manzanilla. Intense et \u00e9l\u00e9gant. <\/p>\n<\/li>\n\t<li>\n<p><b>Bouche :<\/b> Doux et plein en bouche, avec une acidit\u00e9 \u00e9quilibr\u00e9e. Sec et complexe, avec une finale longue, vibrante et persistante. <\/p>\n<\/li>\n<\/ul>\n<h3><b>Couplage<\/b><\/h3>\n<p>Cet amontillado polyvalent accompagne parfaitement une grande vari\u00e9t\u00e9 de plats :<\/p>\n<ul>\n\t<li>\n<p>Soupes et consomm\u00e9s.<\/p>\n<\/li>\n\t<li>\n<p>Viandes blanches.<\/p>\n<\/li>\n\t<li>\n<p>Poissons gras (comme le thon).<\/p>\n<\/li>\n\t<li>\n<p>Champignons et mycoses.<\/p>\n<\/li>\n\t<li>\n<p>Fromages semi-affin\u00e9s.<\/p>\n<\/li>\n\t<li>\n<p>L\u00e9gumes tels que les asperges et les artichauts.<\/p>\n<\/li>\n\t<li>\n<p>Plats avec des touches exotiques ou \u00e9pic\u00e9es, comme le curry ou les plats fum\u00e9s.<\/p>\n<\/li>\n<\/ul>\n<h3><b>Temp\u00e9rature de fonctionnement<\/b><\/h3>\n<p>Il est recommand\u00e9 de le servir entre 13 et 14\u00ba C pour appr\u00e9cier toutes ses qualit\u00e9s.<\/p>","protected":false},"excerpt":{"rendered":"<p>La Cigarrera Amontillado D.O Sanl\u00facar 75cl pour l&#8217;exportation vers toute l&#8217;Europe.<br \/>18.65\u20ac\/litro<\/p>\n","protected":false},"featured_media":30987,"comment_status":"open","ping_status":"closed","template":"","meta":{"site-sidebar-layout":"default","site-content-layout":"","ast-site-content-layout":"default","site-content-style":"default","site-sidebar-style":"default","ast-global-header-display":"","ast-banner-title-visibility":"","ast-main-header-display":"","ast-hfb-above-header-display":"","ast-hfb-below-header-display":"","ast-hfb-mobile-header-display":"","site-post-title":"","ast-breadcrumbs-content":"","ast-featured-img":"","footer-sml-layout":"","ast-disable-related-posts":"","theme-transparent-header-meta":"default","adv-header-id-meta":"","stick-header-meta":"","header-above-stick-meta":"","header-main-stick-meta":"","header-below-stick-meta":"","astra-migrate-meta-layouts":"default","ast-page-background-enabled":"default","ast-page-background-meta":{"desktop":{"background-color":"var(--ast-global-color-4)","background-image":"","background-repeat":"repeat","background-position":"center center","background-size":"auto","background-attachment":"scroll","background-type":"","background-media":"","overlay-type":"","overlay-color":"","overlay-opacity":"","overlay-gradient":""},"tablet":{"background-color":"","background-image":"","background-repeat":"repeat","background-position":"center center","background-size":"auto","background-attachment":"scroll","background-type":"","background-media":"","overlay-type":"","overlay-color":"","overlay-opacity":"","overlay-gradient":""},"mobile":{"background-color":"","background-image":"","background-repeat":"repeat","background-position":"center center","background-size":"auto","background-attachment":"scroll","background-type":"","background-media":"","overlay-type":"","overlay-color":"","overlay-opacity":"","overlay-gradient":""}},"ast-content-background-meta":{"desktop":{"background-color":"var(--ast-global-color-5)","background-image":"","background-repeat":"repeat","background-position":"center center","background-size":"auto","background-attachment":"scroll","background-type":"","background-media":"","overlay-type":"","overlay-color":"","overlay-opacity":"","overlay-gradient":""},"tablet":{"background-color":"var(--ast-global-color-5)","background-image":"","background-repeat":"repeat","background-position":"center center","background-size":"auto","background-attachment":"scroll","background-type":"","background-media":"","overlay-type":"","overlay-color":"","overlay-opacity":"","overlay-gradient":""},"mobile":{"background-color":"var(--ast-global-color-5)","background-image":"","background-repeat":"repeat","background-position":"center center","background-size":"auto","background-attachment":"scroll","background-type":"","background-media":"","overlay-type":"","overlay-color":"","overlay-opacity":"","overlay-gradient":""}}},"product_brand":[1265],"product_cat":[],"product_tag":[997],"class_list":{"0":"post-23985","1":"product","2":"type-product","3":"status-publish","4":"has-post-thumbnail","6":"product_brand-la-cigarrera","7":"product_tag-amontillado-de-sanlucar-fr","8":"desktop-align-left","9":"tablet-align-left","10":"mobile-align-left","12":"first","13":"instock","14":"taxable","15":"shipping-taxable","16":"purchasable","17":"product-type-simple"},"_links":{"self":[{"href":"https:\/\/andalubox.com\/fr\/wp-json\/wp\/v2\/product\/23985","targetHints":{"allow":["GET"]}}],"collection":[{"href":"https:\/\/andalubox.com\/fr\/wp-json\/wp\/v2\/product"}],"about":[{"href":"https:\/\/andalubox.com\/fr\/wp-json\/wp\/v2\/types\/product"}],"replies":[{"embeddable":true,"href":"https:\/\/andalubox.com\/fr\/wp-json\/wp\/v2\/comments?post=23985"}],"wp:featuredmedia":[{"embeddable":true,"href":"https:\/\/andalubox.com\/fr\/wp-json\/wp\/v2\/media\/30987"}],"wp:attachment":[{"href":"https:\/\/andalubox.com\/fr\/wp-json\/wp\/v2\/media?parent=23985"}],"wp:term":[{"taxonomy":"product_brand","embeddable":true,"href":"https:\/\/andalubox.com\/fr\/wp-json\/wp\/v2\/product_brand?post=23985"},{"taxonomy":"product_cat","embeddable":true,"href":"https:\/\/andalubox.com\/fr\/wp-json\/wp\/v2\/product_cat?post=23985"},{"taxonomy":"product_tag","embeddable":true,"href":"https:\/\/andalubox.com\/fr\/wp-json\/wp\/v2\/product_tag?post=23985"}],"curies":[{"name":"wp","href":"https:\/\/api.w.org\/{rel}","templated":true}]}}