{"id":23976,"date":"2025-07-18T11:26:06","date_gmt":"2025-07-18T09:26:06","guid":{"rendered":"https:\/\/andalubox.com\/producto-andaluz\/oloroso-la-cigarrera-75cl\/"},"modified":"2025-09-18T11:30:44","modified_gmt":"2025-09-18T09:30:44","slug":"oloroso-la-cigarrera-75cl","status":"publish","type":"product","link":"https:\/\/andalubox.com\/fr\/producto-andaluz\/oloroso-la-cigarrera-75cl\/","title":{"rendered":"La Cigarrera Oloroso D.O. Sanl\u00facar de Barrameda 75cl"},"content":{"rendered":"<p>La Cigarrera Oloroso D.O. Sanl\u00facar de Barrameda 75cl<br>Il provient de mo\u00fbts enti\u00e8rement ferment\u00e9s de raisins Palomino, qui, en raison de sa structure particuli\u00e8re, est soumis \u00e0 un vieillissement oxydatif (absence totale de voile floral et action directe de l&#8217;oxyg\u00e8ne) d\u00e8s le d\u00e9but, par l&#8217;ajout d&#8217;alcool jusqu&#8217;\u00e0 18\u00ba.<\/p>\n<p>FICHE D&#8217;INFORMATION PRODUIT<br>Produit : La Cigarrera Oloroso Palomino Fino Manzanilla-Sanl\u00facar de Barrameda 75 cl<br>Vari\u00e9t\u00e9 : Palomino Fino<br>Pays d&#8217;origine : Espagne<br>R\u00e9gion d&#8217;origine : Andalousie<br>Indication g\u00e9ographique : D.O. Manzanilla-Sanl\u00facar de Barrameda<br>Format de la bouteille : 75 cl<br>Taux d&#8217;alcool : 18% Vol<br>Notes de d\u00e9gustation visuelles : Couleur acajou, reflets ambr\u00e9s<br>Notes de d\u00e9gustation olfactives : Intense, Fruits secs, Prunes, Dattes, Noix<br>Notes de d\u00e9gustation : Soyeux, Structur\u00e9, Corpulent, Savoureux, Glyc\u00e9rique, Doux, Plein<br>Accompagnements recommand\u00e9s : Viandes rouges, Rago\u00fbts, Fromages affin\u00e9s, Viande de cerf, Rago\u00fbts de viande, Champignons<br>Temp\u00e9rature de service : 13\u00baC &#8211; 15\u00baC<br>Typologie : Vin fortifi\u00e9.<br>AOC : Manzanilla-Sanl\u00facar de Barrameda.<\/p>","protected":false},"excerpt":{"rendered":"<p>La Cigarrera Oloroso D.O. Sanl\u00facar de Barrameda 75cl en vente dans toute l&#8217;Europe.<br \/>18,65\u20ac\/litro<\/p>\n","protected":false},"featured_media":30995,"comment_status":"open","ping_status":"closed","template":"","meta":{"site-sidebar-layout":"default","site-content-layout":"","ast-site-content-layout":"default","site-content-style":"default","site-sidebar-style":"default","ast-global-header-display":"","ast-banner-title-visibility":"","ast-main-header-display":"","ast-hfb-above-header-display":"","ast-hfb-below-header-display":"","ast-hfb-mobile-header-display":"","site-post-title":"","ast-breadcrumbs-content":"","ast-featured-img":"","footer-sml-layout":"","ast-disable-related-posts":"","theme-transparent-header-meta":"default","adv-header-id-meta":"","stick-header-meta":"","header-above-stick-meta":"","header-main-stick-meta":"","header-below-stick-meta":"","astra-migrate-meta-layouts":"default","ast-page-background-enabled":"default","ast-page-background-meta":{"desktop":{"background-color":"var(--ast-global-color-4)","background-image":"","background-repeat":"repeat","background-position":"center center","background-size":"auto","background-attachment":"scroll","background-type":"","background-media":"","overlay-type":"","overlay-color":"","overlay-opacity":"","overlay-gradient":""},"tablet":{"background-color":"","background-image":"","background-repeat":"repeat","background-position":"center center","background-size":"auto","background-attachment":"scroll","background-type":"","background-media":"","overlay-type":"","overlay-color":"","overlay-opacity":"","overlay-gradient":""},"mobile":{"background-color":"","background-image":"","background-repeat":"repeat","background-position":"center center","background-size":"auto","background-attachment":"scroll","background-type":"","background-media":"","overlay-type":"","overlay-color":"","overlay-opacity":"","overlay-gradient":""}},"ast-content-background-meta":{"desktop":{"background-color":"var(--ast-global-color-5)","background-image":"","background-repeat":"repeat","background-position":"center center","background-size":"auto","background-attachment":"scroll","background-type":"","background-media":"","overlay-type":"","overlay-color":"","overlay-opacity":"","overlay-gradient":""},"tablet":{"background-color":"var(--ast-global-color-5)","background-image":"","background-repeat":"repeat","background-position":"center center","background-size":"auto","background-attachment":"scroll","background-type":"","background-media":"","overlay-type":"","overlay-color":"","overlay-opacity":"","overlay-gradient":""},"mobile":{"background-color":"var(--ast-global-color-5)","background-image":"","background-repeat":"repeat","background-position":"center center","background-size":"auto","background-attachment":"scroll","background-type":"","background-media":"","overlay-type":"","overlay-color":"","overlay-opacity":"","overlay-gradient":""}}},"product_brand":[1265],"product_cat":[],"product_tag":[993],"class_list":{"0":"post-23976","1":"product","2":"type-product","3":"status-publish","4":"has-post-thumbnail","6":"product_brand-la-cigarrera","7":"product_tag-oloroso-de-sanlucar-fr","8":"desktop-align-left","9":"tablet-align-left","10":"mobile-align-left","12":"first","13":"instock","14":"taxable","15":"shipping-taxable","16":"purchasable","17":"product-type-simple"},"_links":{"self":[{"href":"https:\/\/andalubox.com\/fr\/wp-json\/wp\/v2\/product\/23976","targetHints":{"allow":["GET"]}}],"collection":[{"href":"https:\/\/andalubox.com\/fr\/wp-json\/wp\/v2\/product"}],"about":[{"href":"https:\/\/andalubox.com\/fr\/wp-json\/wp\/v2\/types\/product"}],"replies":[{"embeddable":true,"href":"https:\/\/andalubox.com\/fr\/wp-json\/wp\/v2\/comments?post=23976"}],"wp:featuredmedia":[{"embeddable":true,"href":"https:\/\/andalubox.com\/fr\/wp-json\/wp\/v2\/media\/30995"}],"wp:attachment":[{"href":"https:\/\/andalubox.com\/fr\/wp-json\/wp\/v2\/media?parent=23976"}],"wp:term":[{"taxonomy":"product_brand","embeddable":true,"href":"https:\/\/andalubox.com\/fr\/wp-json\/wp\/v2\/product_brand?post=23976"},{"taxonomy":"product_cat","embeddable":true,"href":"https:\/\/andalubox.com\/fr\/wp-json\/wp\/v2\/product_cat?post=23976"},{"taxonomy":"product_tag","embeddable":true,"href":"https:\/\/andalubox.com\/fr\/wp-json\/wp\/v2\/product_tag?post=23976"}],"curies":[{"name":"wp","href":"https:\/\/api.w.org\/{rel}","templated":true}]}}