{"id":23936,"date":"2025-07-18T10:52:23","date_gmt":"2025-07-18T08:52:23","guid":{"rendered":"https:\/\/andalubox.com\/producto-andaluz\/pedro-ximenez-la-cigarrera-75cl\/"},"modified":"2025-07-22T12:15:58","modified_gmt":"2025-07-22T10:15:58","slug":"pedro-ximenez-la-cigarrera-75cl","status":"publish","type":"product","link":"https:\/\/andalubox.com\/fr\/producto-andaluz\/pedro-ximenez-la-cigarrera-75cl\/","title":{"rendered":"La Cigarrera Pedro Ximenez D.O. Sanl\u00facar de Barrameda 75cl"},"content":{"rendered":"<p>La Cigarrera Pedro Ximenez D.O Sanl\u00facar de Barrameda 75 Cl<br>Type : Vin doux naturel<br>R\u00e9gion : Jerez-Manzanilla (Espagne)<br>Raisins : 100% Pedro Ximenez<br>Producteur : Bodegas La Cigarrera<br>Allerg\u00e8nes : Contient des sulfites<br>Graduation : 15,0%<br>Issu de raisins du m\u00eame nom soumis \u00e0 une exposition au soleil selon le syst\u00e8me de l&#8217;asoleo en Pasil (exposition au soleil sur un filet d&#8217;alfa) afin d&#8217;obtenir une forte concentration de sucre et de parvenir \u00e0 la pacification. La fermentation est partielle, car elle est interrompue par l&#8217;ajout d&#8217;alcool vinique, ce qui permet de conserver la majeure partie de la douceur d&#8217;origine. Vieillissement par oxydation, qui d\u00e9termine sa couleur acajou intense et son aspect dense.  <\/p>","protected":false},"excerpt":{"rendered":"<p>La Cigarrera Pedro Ximenez D.O. Sanl\u00facar de Barrameda 75 Cl pour l&#8217;exportation dans toute l&#8217;Europe.<\/p>\n<p>20,73 \u20ac\/litre<\/p>\n","protected":false},"featured_media":31003,"comment_status":"open","ping_status":"closed","template":"","meta":{"site-sidebar-layout":"default","site-content-layout":"","ast-site-content-layout":"default","site-content-style":"default","site-sidebar-style":"default","ast-global-header-display":"","ast-banner-title-visibility":"","ast-main-header-display":"","ast-hfb-above-header-display":"","ast-hfb-below-header-display":"","ast-hfb-mobile-header-display":"","site-post-title":"","ast-breadcrumbs-content":"","ast-featured-img":"","footer-sml-layout":"","ast-disable-related-posts":"","theme-transparent-header-meta":"default","adv-header-id-meta":"","stick-header-meta":"","header-above-stick-meta":"","header-main-stick-meta":"","header-below-stick-meta":"","astra-migrate-meta-layouts":"default","ast-page-background-enabled":"default","ast-page-background-meta":{"desktop":{"background-color":"var(--ast-global-color-4)","background-image":"","background-repeat":"repeat","background-position":"center center","background-size":"auto","background-attachment":"scroll","background-type":"","background-media":"","overlay-type":"","overlay-color":"","overlay-opacity":"","overlay-gradient":""},"tablet":{"background-color":"","background-image":"","background-repeat":"repeat","background-position":"center center","background-size":"auto","background-attachment":"scroll","background-type":"","background-media":"","overlay-type":"","overlay-color":"","overlay-opacity":"","overlay-gradient":""},"mobile":{"background-color":"","background-image":"","background-repeat":"repeat","background-position":"center center","background-size":"auto","background-attachment":"scroll","background-type":"","background-media":"","overlay-type":"","overlay-color":"","overlay-opacity":"","overlay-gradient":""}},"ast-content-background-meta":{"desktop":{"background-color":"var(--ast-global-color-5)","background-image":"","background-repeat":"repeat","background-position":"center center","background-size":"auto","background-attachment":"scroll","background-type":"","background-media":"","overlay-type":"","overlay-color":"","overlay-opacity":"","overlay-gradient":""},"tablet":{"background-color":"var(--ast-global-color-5)","background-image":"","background-repeat":"repeat","background-position":"center center","background-size":"auto","background-attachment":"scroll","background-type":"","background-media":"","overlay-type":"","overlay-color":"","overlay-opacity":"","overlay-gradient":""},"mobile":{"background-color":"var(--ast-global-color-5)","background-image":"","background-repeat":"repeat","background-position":"center center","background-size":"auto","background-attachment":"scroll","background-type":"","background-media":"","overlay-type":"","overlay-color":"","overlay-opacity":"","overlay-gradient":""}}},"product_brand":[1265],"product_cat":[],"product_tag":[985],"class_list":{"0":"post-23936","1":"product","2":"type-product","3":"status-publish","4":"has-post-thumbnail","6":"product_brand-la-cigarrera","7":"product_tag-pedro-ximenez-de-sanlucar-fr","8":"desktop-align-left","9":"tablet-align-left","10":"mobile-align-left","12":"first","13":"instock","14":"taxable","15":"shipping-taxable","16":"purchasable","17":"product-type-simple"},"_links":{"self":[{"href":"https:\/\/andalubox.com\/fr\/wp-json\/wp\/v2\/product\/23936","targetHints":{"allow":["GET"]}}],"collection":[{"href":"https:\/\/andalubox.com\/fr\/wp-json\/wp\/v2\/product"}],"about":[{"href":"https:\/\/andalubox.com\/fr\/wp-json\/wp\/v2\/types\/product"}],"replies":[{"embeddable":true,"href":"https:\/\/andalubox.com\/fr\/wp-json\/wp\/v2\/comments?post=23936"}],"wp:featuredmedia":[{"embeddable":true,"href":"https:\/\/andalubox.com\/fr\/wp-json\/wp\/v2\/media\/31003"}],"wp:attachment":[{"href":"https:\/\/andalubox.com\/fr\/wp-json\/wp\/v2\/media?parent=23936"}],"wp:term":[{"taxonomy":"product_brand","embeddable":true,"href":"https:\/\/andalubox.com\/fr\/wp-json\/wp\/v2\/product_brand?post=23936"},{"taxonomy":"product_cat","embeddable":true,"href":"https:\/\/andalubox.com\/fr\/wp-json\/wp\/v2\/product_cat?post=23936"},{"taxonomy":"product_tag","embeddable":true,"href":"https:\/\/andalubox.com\/fr\/wp-json\/wp\/v2\/product_tag?post=23936"}],"curies":[{"name":"wp","href":"https:\/\/api.w.org\/{rel}","templated":true}]}}