{"id":23854,"date":"2025-07-16T12:57:21","date_gmt":"2025-07-16T10:57:21","guid":{"rendered":"https:\/\/andalubox.com\/producto-andaluz\/bodega-la-ermita-vin-rouge-tempranillo-rioja-75cl\/"},"modified":"2025-09-18T11:58:07","modified_gmt":"2025-09-18T09:58:07","slug":"bodega-la-ermita-vin-rouge-tempranillo-rioja-75cl","status":"publish","type":"product","link":"https:\/\/andalubox.com\/fr\/producto-andaluz\/bodega-la-ermita-vin-rouge-tempranillo-rioja-75cl\/","title":{"rendered":"Bodega La Ermita Vin rouge Tempranillo Rioja Vintage 2019 75cl"},"content":{"rendered":"<p>Bodega La Ermita Vin rouge Tempranillo Rioja Vintage 2019 75cl<\/p>\n<p>PR\u00c9PARATION :<\/p>\n<p>Cultiv\u00e9 sur des terrasses expos\u00e9es au sud et prot\u00e9g\u00e9es par les flancs des montagnes. Sols limoneux \u00e0 forte teneur en caliche, profonds et pauvres en mati\u00e8re organique. Les raisins sont r\u00e9colt\u00e9s \u00e0 la fin du mois de septembre, \u00e9grapp\u00e9s sans \u00eatre \u00e9cras\u00e9s. La fermentation se fait dans des cuves tronconiques en acier inoxydable, \u00e0 temp\u00e9rature contr\u00f4l\u00e9e, avec un mouvement p\u00e9riodique de la masse par les gaz de fermentation.   <\/p>\n<p>Fermentation malolactique dans des cuves en b\u00e9ton avant de vieillir dans des f\u00fbts de ch\u00eane am\u00e9ricain et fran\u00e7ais. Soutirage ult\u00e9rieur et l\u00e9g\u00e8re filtration avant le vieillissement en bouteille. Non clarifi\u00e9.  <\/p>\n<p>NOTES DE D\u00c9GUSTATION :<\/p>\n<p>El\u00e9gant et audacieux \u00e0 la fois, un Rioja \u00e9lev\u00e9 \u00e0 son maximum d&#8217;expression. De couleur rouge cerise fonc\u00e9 avec un bord rubis, il se distingue par sa profondeur et sa lenteur de d\u00e9chirure. Le nez est expressif et intense, avec un large \u00e9ventail de fruits rouges, prunes, m\u00fbres et myrtilles, encadr\u00e9s dans un cadre \u00e9l\u00e9gant de notes subtiles de bois noble, vanille, cannelle, c\u00e8dre, caramel et pain grill\u00e9.  <\/p>\n<p>En bouche, il est \u00e9quilibr\u00e9 avec de la fra\u00eecheur et des tanins agr\u00e9ables et velout\u00e9s qui lui donnent une structure large et un passage frais et d\u00e9licat, laissant un long arri\u00e8re-go\u00fbt fruit\u00e9.<\/p>","protected":false},"excerpt":{"rendered":"<p>Bodega La Ermita Vin rouge Tempranillo Rioja Vintage 2019 75cl<\/p>\n<p>Andalubox exporte les vins de Bodega La Ermita dans toute l&#8217;Europe<\/p>\n","protected":false},"featured_media":23875,"template":"","meta":{"site-sidebar-layout":"default","site-content-layout":"","ast-site-content-layout":"default","site-content-style":"default","site-sidebar-style":"default","ast-global-header-display":"","ast-banner-title-visibility":"","ast-main-header-display":"","ast-hfb-above-header-display":"","ast-hfb-below-header-display":"","ast-hfb-mobile-header-display":"","site-post-title":"","ast-breadcrumbs-content":"","ast-featured-img":"","footer-sml-layout":"","ast-disable-related-posts":"","theme-transparent-header-meta":"default","adv-header-id-meta":"","stick-header-meta":"","header-above-stick-meta":"","header-main-stick-meta":"","header-below-stick-meta":"","astra-migrate-meta-layouts":"default","ast-page-background-enabled":"default","ast-page-background-meta":{"desktop":{"background-color":"var(--ast-global-color-4)","background-image":"","background-repeat":"repeat","background-position":"center center","background-size":"auto","background-attachment":"scroll","background-type":"","background-media":"","overlay-type":"","overlay-color":"","overlay-opacity":"","overlay-gradient":""},"tablet":{"background-color":"","background-image":"","background-repeat":"repeat","background-position":"center center","background-size":"auto","background-attachment":"scroll","background-type":"","background-media":"","overlay-type":"","overlay-color":"","overlay-opacity":"","overlay-gradient":""},"mobile":{"background-color":"","background-image":"","background-repeat":"repeat","background-position":"center center","background-size":"auto","background-attachment":"scroll","background-type":"","background-media":"","overlay-type":"","overlay-color":"","overlay-opacity":"","overlay-gradient":""}},"ast-content-background-meta":{"desktop":{"background-color":"var(--ast-global-color-5)","background-image":"","background-repeat":"repeat","background-position":"center center","background-size":"auto","background-attachment":"scroll","background-type":"","background-media":"","overlay-type":"","overlay-color":"","overlay-opacity":"","overlay-gradient":""},"tablet":{"background-color":"var(--ast-global-color-5)","background-image":"","background-repeat":"repeat","background-position":"center center","background-size":"auto","background-attachment":"scroll","background-type":"","background-media":"","overlay-type":"","overlay-color":"","overlay-opacity":"","overlay-gradient":""},"mobile":{"background-color":"var(--ast-global-color-5)","background-image":"","background-repeat":"repeat","background-position":"center center","background-size":"auto","background-attachment":"scroll","background-type":"","background-media":"","overlay-type":"","overlay-color":"","overlay-opacity":"","overlay-gradient":""}}},"product_brand":[1196],"product_cat":[294],"product_tag":[967,968],"class_list":{"0":"post-23854","1":"product","2":"type-product","3":"status-publish","4":"has-post-thumbnail","6":"product_brand-la-ermita","7":"product_cat-vin-rouge","8":"product_tag-lermitage","9":"product_tag-vin-rouge-de-rioja","10":"desktop-align-left","11":"tablet-align-left","12":"mobile-align-left","14":"first","15":"instock","16":"taxable","17":"shipping-taxable","18":"purchasable","19":"product-type-simple"},"_links":{"self":[{"href":"https:\/\/andalubox.com\/fr\/wp-json\/wp\/v2\/product\/23854","targetHints":{"allow":["GET"]}}],"collection":[{"href":"https:\/\/andalubox.com\/fr\/wp-json\/wp\/v2\/product"}],"about":[{"href":"https:\/\/andalubox.com\/fr\/wp-json\/wp\/v2\/types\/product"}],"wp:featuredmedia":[{"embeddable":true,"href":"https:\/\/andalubox.com\/fr\/wp-json\/wp\/v2\/media\/23875"}],"wp:attachment":[{"href":"https:\/\/andalubox.com\/fr\/wp-json\/wp\/v2\/media?parent=23854"}],"wp:term":[{"taxonomy":"product_brand","embeddable":true,"href":"https:\/\/andalubox.com\/fr\/wp-json\/wp\/v2\/product_brand?post=23854"},{"taxonomy":"product_cat","embeddable":true,"href":"https:\/\/andalubox.com\/fr\/wp-json\/wp\/v2\/product_cat?post=23854"},{"taxonomy":"product_tag","embeddable":true,"href":"https:\/\/andalubox.com\/fr\/wp-json\/wp\/v2\/product_tag?post=23854"}],"curies":[{"name":"wp","href":"https:\/\/api.w.org\/{rel}","templated":true}]}}