{"id":23650,"date":"2025-07-11T00:24:29","date_gmt":"2025-07-10T22:24:29","guid":{"rendered":"https:\/\/andalubox.com\/producto-andaluz\/protos-ecologique-9-mois-barrique-ribera-del-duero-75-cl\/"},"modified":"2025-07-22T12:39:15","modified_gmt":"2025-07-22T10:39:15","slug":"protos-ecologique-9-mois-barrique-ribera-del-duero-75-cl","status":"publish","type":"product","link":"https:\/\/andalubox.com\/fr\/producto-andaluz\/protos-ecologique-9-mois-barrique-ribera-del-duero-75-cl\/","title":{"rendered":"Protos Ecologique 9 mois en f\u00fbts de ch\u00eane Ribera del Duero 75cl"},"content":{"rendered":"Protos Ecol\u00f3gico 9 mois Barrica Ribera del Duero 75 Cl\nProtos Ecol\u00f3gico d\u00e9signe une gamme de vins biologiques produits par Bodegas Protos, une cave renomm\u00e9e de Ribera del Duero, en Espagne, dont l&#8217;histoire remonte \u00e0 1927. Le terme &#8220;biologique&#8221; indique que ces vins sont \u00e9labor\u00e9s \u00e0 partir de raisins cultiv\u00e9s dans des vignobles certifi\u00e9s biologiques, selon des pratiques durables et respectueuses de l&#8217;environnement. Voici une description d\u00e9taill\u00e9e bas\u00e9e sur les informations disponibles : Principaux produits de la gamme Protos Ecol\u00f3gico : Protos 9 Meses Ecol\u00f3gico (vin rouge) : C\u00e9page : 100% Tempranillo (\u00e9galement connu sous le nom de Tinta del Pa\u00eds).\nR\u00e9gion : D.O. Ribera del Duero.\nVignobles : proviennent de vignobles certifi\u00e9s biologiques situ\u00e9s \u00e0 800-840 m\u00e8tres d&#8217;altitude, sur des pentes orient\u00e9es nord-sud, avec des sols argilo-limoneux et l\u00e9g\u00e8rement alcalins. Les rendements sont limit\u00e9s \u00e0 4500 kg\/ha pour une plus grande concentration. Production : Les raisins sont r\u00e9colt\u00e9s \u00e0 la main dans des caisses de 30 kg, ferment\u00e9s et mac\u00e9r\u00e9s dans de petites cuves en acier inoxydable \u00e0 26 \u00b0C. Le vin est \u00e9lev\u00e9 pendant 9 mois en f\u00fbts de ch\u00eane fran\u00e7ais neufs et d&#8217;un an d&#8217;\u00e2ge (certaines sources mentionnent \u00e9galement le ch\u00eane am\u00e9ricain).\nNotes de d\u00e9gustation : Couleur : rouge cerise ou rubis avec des reflets violets.\nAr\u00f4me : Frais, avec des notes prononc\u00e9es de fruits rouges et noirs, compl\u00e9t\u00e9es par des nuances \u00e9pic\u00e9es, de subtiles notes grill\u00e9es et de cacao provenant du ch\u00eane.\nPalais : Rond, frais, soyeux et \u00e9quilibr\u00e9, avec des tanins doux et agr\u00e9ables et une longue finale fruit\u00e9e avec des notes grill\u00e9es.     \n\nTeneur en alcool : 14,5% vol.\nAccompagnement : Id\u00e9al avec l&#8217;agneau r\u00f4ti, les plats italiens (pizza, spaghetti Bolognese, lasagnes), la paella, les rago\u00fbts de viande, les fromages demi-fermes, les viandes grill\u00e9es, les charcuteries et les champignons. R\u00e9compenses (pour les mill\u00e9simes r\u00e9cents) : 2021 : 91 points (Tim Atkin, Guide Pe\u00f1\u00edn).\n2020 : 90 points (Guide Pe\u00f1\u00edn, Tim Atkin).\n2019 : 90 points (Guide Pe\u00f1\u00edn), 91 points (James Suckling). ","protected":false},"excerpt":{"rendered":"<p>Protos Ecol\u00f3gico 9 mois Barrica Ribera del Duero 75 Cl \/ Andalubox exporte Protos Ecol\u00f3gico en Allemagne, Autriche et Suisse.<\/p>\n","protected":false},"featured_media":23647,"comment_status":"open","ping_status":"closed","template":"","meta":{"site-sidebar-layout":"default","site-content-layout":"","ast-site-content-layout":"default","site-content-style":"default","site-sidebar-style":"default","ast-global-header-display":"","ast-banner-title-visibility":"","ast-main-header-display":"","ast-hfb-above-header-display":"","ast-hfb-below-header-display":"","ast-hfb-mobile-header-display":"","site-post-title":"","ast-breadcrumbs-content":"","ast-featured-img":"","footer-sml-layout":"","ast-disable-related-posts":"","theme-transparent-header-meta":"default","adv-header-id-meta":"","stick-header-meta":"","header-above-stick-meta":"","header-main-stick-meta":"","header-below-stick-meta":"","astra-migrate-meta-layouts":"default","ast-page-background-enabled":"default","ast-page-background-meta":{"desktop":{"background-color":"var(--ast-global-color-4)","background-image":"","background-repeat":"repeat","background-position":"center center","background-size":"auto","background-attachment":"scroll","background-type":"","background-media":"","overlay-type":"","overlay-color":"","overlay-opacity":"","overlay-gradient":""},"tablet":{"background-color":"","background-image":"","background-repeat":"repeat","background-position":"center center","background-size":"auto","background-attachment":"scroll","background-type":"","background-media":"","overlay-type":"","overlay-color":"","overlay-opacity":"","overlay-gradient":""},"mobile":{"background-color":"","background-image":"","background-repeat":"repeat","background-position":"center center","background-size":"auto","background-attachment":"scroll","background-type":"","background-media":"","overlay-type":"","overlay-color":"","overlay-opacity":"","overlay-gradient":""}},"ast-content-background-meta":{"desktop":{"background-color":"var(--ast-global-color-5)","background-image":"","background-repeat":"repeat","background-position":"center center","background-size":"auto","background-attachment":"scroll","background-type":"","background-media":"","overlay-type":"","overlay-color":"","overlay-opacity":"","overlay-gradient":""},"tablet":{"background-color":"var(--ast-global-color-5)","background-image":"","background-repeat":"repeat","background-position":"center center","background-size":"auto","background-attachment":"scroll","background-type":"","background-media":"","overlay-type":"","overlay-color":"","overlay-opacity":"","overlay-gradient":""},"mobile":{"background-color":"var(--ast-global-color-5)","background-image":"","background-repeat":"repeat","background-position":"center center","background-size":"auto","background-attachment":"scroll","background-type":"","background-media":"","overlay-type":"","overlay-color":"","overlay-opacity":"","overlay-gradient":""}}},"product_brand":[1275],"product_cat":[294],"product_tag":[],"class_list":{"0":"post-23650","1":"product","2":"type-product","3":"status-publish","4":"has-post-thumbnail","6":"product_brand-protos","7":"product_cat-vin-rouge","8":"desktop-align-left","9":"tablet-align-left","10":"mobile-align-left","12":"first","13":"instock","14":"taxable","15":"shipping-taxable","16":"purchasable","17":"product-type-simple"},"_links":{"self":[{"href":"https:\/\/andalubox.com\/fr\/wp-json\/wp\/v2\/product\/23650","targetHints":{"allow":["GET"]}}],"collection":[{"href":"https:\/\/andalubox.com\/fr\/wp-json\/wp\/v2\/product"}],"about":[{"href":"https:\/\/andalubox.com\/fr\/wp-json\/wp\/v2\/types\/product"}],"replies":[{"embeddable":true,"href":"https:\/\/andalubox.com\/fr\/wp-json\/wp\/v2\/comments?post=23650"}],"wp:featuredmedia":[{"embeddable":true,"href":"https:\/\/andalubox.com\/fr\/wp-json\/wp\/v2\/media\/23647"}],"wp:attachment":[{"href":"https:\/\/andalubox.com\/fr\/wp-json\/wp\/v2\/media?parent=23650"}],"wp:term":[{"taxonomy":"product_brand","embeddable":true,"href":"https:\/\/andalubox.com\/fr\/wp-json\/wp\/v2\/product_brand?post=23650"},{"taxonomy":"product_cat","embeddable":true,"href":"https:\/\/andalubox.com\/fr\/wp-json\/wp\/v2\/product_cat?post=23650"},{"taxonomy":"product_tag","embeddable":true,"href":"https:\/\/andalubox.com\/fr\/wp-json\/wp\/v2\/product_tag?post=23650"}],"curies":[{"name":"wp","href":"https:\/\/api.w.org\/{rel}","templated":true}]}}