{"id":23609,"date":"2025-07-10T23:56:01","date_gmt":"2025-07-10T21:56:01","guid":{"rendered":"https:\/\/andalubox.com\/producto-andaluz\/protos-roble-ribera-del-duero-75-cl\/"},"modified":"2025-07-22T12:39:10","modified_gmt":"2025-07-22T10:39:10","slug":"protos-roble-ribera-del-duero-75-cl","status":"publish","type":"product","link":"https:\/\/andalubox.com\/fr\/producto-andaluz\/protos-roble-ribera-del-duero-75-cl\/","title":{"rendered":"Protos Roble Ribera del Duero 75cl"},"content":{"rendered":"Protos Roble Ribera del Duero 75 Cl\n\nProtos Roble est un vin rouge de Ribera del Duero, Espagne, produit par Bodegas Protos. Il est \u00e9labor\u00e9 \u00e0 partir de raisins 100% Tinta del Pa\u00eds (Tempranillo), provenant de vignobles \u00e2g\u00e9s d&#8217;environ 25 ans. Le vin subit un court vieillissement, g\u00e9n\u00e9ralement de 4 \u00e0 6 mois en f\u00fbts de ch\u00eane fran\u00e7ais et am\u00e9ricain, suivi de 6 mois en bouteille, ce qui lui conf\u00e8re un \u00e9quilibre entre les saveurs de fruits frais et les subtiles notes de ch\u00eane. Caract\u00e9ristiques : Couleur : rouge cerise avec un bord violet, net et brillant.\nAr\u00f4me : intense et expressif, avec des notes de fruits rouges et noirs (tels que cerises, framboises et m\u00fbres), compl\u00e9t\u00e9es par des notes \u00e9pic\u00e9es et de l\u00e9g\u00e8res notes grill\u00e9es provenant du bois.\nGo\u00fbt : fruit\u00e9, frais et bien structur\u00e9, avec des tanins doux et \u00e9quilibr\u00e9s et une finale agr\u00e9able et persistante.\nTaux d&#8217;alcool : environ 14%.   \n\nAccords avec les mets : Polyvalent et plein de saveur, il se marie parfaitement avec les viandes (volaille, b\u0153uf, agneau, porc), les plats de riz, les p\u00e2tes, les champignons, les charcuteries et les fromages demi-fermes. R\u00e9putation : connu pour son excellent rapport qualit\u00e9-prix, le Protos Roble est un choix populaire pour les repas informels ou comme introduction accessible aux vins de Ribera del Duero. Il est d\u00e9crit comme un vin \u00e9l\u00e9gant, facile \u00e0 boire et constant, souvent lou\u00e9 dans les critiques pour son prix et son accessibilit\u00e9.  ","protected":false},"excerpt":{"rendered":"<p>Protos Roble Ribera del Duero 75 Cl<br \/>\n&#8211; 11,98\u20ac\/litre<br \/>\n&#8211; Vente de l&#8217;Espagne vers l&#8217;Europe<\/p>\n","protected":false},"featured_media":23605,"comment_status":"open","ping_status":"closed","template":"","meta":{"site-sidebar-layout":"default","site-content-layout":"","ast-site-content-layout":"default","site-content-style":"default","site-sidebar-style":"default","ast-global-header-display":"","ast-banner-title-visibility":"","ast-main-header-display":"","ast-hfb-above-header-display":"","ast-hfb-below-header-display":"","ast-hfb-mobile-header-display":"","site-post-title":"","ast-breadcrumbs-content":"","ast-featured-img":"","footer-sml-layout":"","ast-disable-related-posts":"","theme-transparent-header-meta":"default","adv-header-id-meta":"","stick-header-meta":"","header-above-stick-meta":"","header-main-stick-meta":"","header-below-stick-meta":"","astra-migrate-meta-layouts":"default","ast-page-background-enabled":"default","ast-page-background-meta":{"desktop":{"background-color":"var(--ast-global-color-4)","background-image":"","background-repeat":"repeat","background-position":"center center","background-size":"auto","background-attachment":"scroll","background-type":"","background-media":"","overlay-type":"","overlay-color":"","overlay-opacity":"","overlay-gradient":""},"tablet":{"background-color":"","background-image":"","background-repeat":"repeat","background-position":"center center","background-size":"auto","background-attachment":"scroll","background-type":"","background-media":"","overlay-type":"","overlay-color":"","overlay-opacity":"","overlay-gradient":""},"mobile":{"background-color":"","background-image":"","background-repeat":"repeat","background-position":"center center","background-size":"auto","background-attachment":"scroll","background-type":"","background-media":"","overlay-type":"","overlay-color":"","overlay-opacity":"","overlay-gradient":""}},"ast-content-background-meta":{"desktop":{"background-color":"var(--ast-global-color-5)","background-image":"","background-repeat":"repeat","background-position":"center center","background-size":"auto","background-attachment":"scroll","background-type":"","background-media":"","overlay-type":"","overlay-color":"","overlay-opacity":"","overlay-gradient":""},"tablet":{"background-color":"var(--ast-global-color-5)","background-image":"","background-repeat":"repeat","background-position":"center center","background-size":"auto","background-attachment":"scroll","background-type":"","background-media":"","overlay-type":"","overlay-color":"","overlay-opacity":"","overlay-gradient":""},"mobile":{"background-color":"var(--ast-global-color-5)","background-image":"","background-repeat":"repeat","background-position":"center center","background-size":"auto","background-attachment":"scroll","background-type":"","background-media":"","overlay-type":"","overlay-color":"","overlay-opacity":"","overlay-gradient":""}}},"product_brand":[1275],"product_cat":[294],"product_tag":[],"class_list":{"0":"post-23609","1":"product","2":"type-product","3":"status-publish","4":"has-post-thumbnail","6":"product_brand-protos","7":"product_cat-vin-rouge","8":"desktop-align-left","9":"tablet-align-left","10":"mobile-align-left","12":"first","13":"instock","14":"taxable","15":"shipping-taxable","16":"purchasable","17":"product-type-simple"},"_links":{"self":[{"href":"https:\/\/andalubox.com\/fr\/wp-json\/wp\/v2\/product\/23609","targetHints":{"allow":["GET"]}}],"collection":[{"href":"https:\/\/andalubox.com\/fr\/wp-json\/wp\/v2\/product"}],"about":[{"href":"https:\/\/andalubox.com\/fr\/wp-json\/wp\/v2\/types\/product"}],"replies":[{"embeddable":true,"href":"https:\/\/andalubox.com\/fr\/wp-json\/wp\/v2\/comments?post=23609"}],"wp:featuredmedia":[{"embeddable":true,"href":"https:\/\/andalubox.com\/fr\/wp-json\/wp\/v2\/media\/23605"}],"wp:attachment":[{"href":"https:\/\/andalubox.com\/fr\/wp-json\/wp\/v2\/media?parent=23609"}],"wp:term":[{"taxonomy":"product_brand","embeddable":true,"href":"https:\/\/andalubox.com\/fr\/wp-json\/wp\/v2\/product_brand?post=23609"},{"taxonomy":"product_cat","embeddable":true,"href":"https:\/\/andalubox.com\/fr\/wp-json\/wp\/v2\/product_cat?post=23609"},{"taxonomy":"product_tag","embeddable":true,"href":"https:\/\/andalubox.com\/fr\/wp-json\/wp\/v2\/product_tag?post=23609"}],"curies":[{"name":"wp","href":"https:\/\/api.w.org\/{rel}","templated":true}]}}