{"id":23483,"date":"2025-07-07T21:32:01","date_gmt":"2025-07-07T19:32:01","guid":{"rendered":"https:\/\/andalubox.com\/producto-andaluz\/beronia-organic-rioja-red-wine-vintage-2021-75cl\/"},"modified":"2025-07-07T21:32:01","modified_gmt":"2025-07-07T19:32:01","slug":"beronia-organic-rioja-red-wine-vintage-2021-75cl","status":"publish","type":"product","link":"https:\/\/andalubox.com\/fr\/producto-andaluz\/beronia-organic-rioja-red-wine-vintage-2021-75cl\/","title":{"rendered":"Beronia Organic Rioja Red Wine Vintage 2021 75cl"},"content":{"rendered":"Beronia Organic Rioja Red Wine Vintage 2021 75cl.\nAppellation alimentaire : Organic Rioja\nPays d&#8217;origine : Espagne\nQuantit\u00e9 nette : 750 millilitres\nPourcentage d&#8217;alcool : 13,5%\nNotes de d\u00e9gustation Couleur rouge cerise profonde, nette et tr\u00e8s brillante. Ar\u00f4me complexe avec des ar\u00f4mes de fruits rouges, de sous-bois et de menthol sur un fond de cacao et de chocolat. Equilibr\u00e9 et doux, long et persistant. Un vin avec du corps et du volume, avec une acidit\u00e9 rafra\u00eechissante et \u00e9l\u00e9gamment int\u00e9gr\u00e9e.\nGastronomie &#8211; Plats recommand\u00e9s Parfait avec toutes sortes de fromages, viandes et plats de riz.\nIngr\u00e9dients et allerg\u00e8nes : Raisin, Conservateur antioxydant (anhydride sulfureux E-220). Contient des sulfites\nNutriments    ","protected":false},"excerpt":{"rendered":"<p>Beronia Organic Rioja Red Wine Vintage 2021 75cl.<\/p>\n<p>Andalubox exporte le vin Beronia dans toute l&#8217;Europe.<\/p>\n","protected":false},"featured_media":23480,"template":"","meta":{"site-sidebar-layout":"default","site-content-layout":"","ast-site-content-layout":"default","site-content-style":"default","site-sidebar-style":"default","ast-global-header-display":"","ast-banner-title-visibility":"","ast-main-header-display":"","ast-hfb-above-header-display":"","ast-hfb-below-header-display":"","ast-hfb-mobile-header-display":"","site-post-title":"","ast-breadcrumbs-content":"","ast-featured-img":"","footer-sml-layout":"","ast-disable-related-posts":"","theme-transparent-header-meta":"default","adv-header-id-meta":"","stick-header-meta":"","header-above-stick-meta":"","header-main-stick-meta":"","header-below-stick-meta":"","astra-migrate-meta-layouts":"default","ast-page-background-enabled":"default","ast-page-background-meta":{"desktop":{"background-color":"var(--ast-global-color-4)","background-image":"","background-repeat":"repeat","background-position":"center center","background-size":"auto","background-attachment":"scroll","background-type":"","background-media":"","overlay-type":"","overlay-color":"","overlay-opacity":"","overlay-gradient":""},"tablet":{"background-color":"","background-image":"","background-repeat":"repeat","background-position":"center center","background-size":"auto","background-attachment":"scroll","background-type":"","background-media":"","overlay-type":"","overlay-color":"","overlay-opacity":"","overlay-gradient":""},"mobile":{"background-color":"","background-image":"","background-repeat":"repeat","background-position":"center center","background-size":"auto","background-attachment":"scroll","background-type":"","background-media":"","overlay-type":"","overlay-color":"","overlay-opacity":"","overlay-gradient":""}},"ast-content-background-meta":{"desktop":{"background-color":"var(--ast-global-color-5)","background-image":"","background-repeat":"repeat","background-position":"center center","background-size":"auto","background-attachment":"scroll","background-type":"","background-media":"","overlay-type":"","overlay-color":"","overlay-opacity":"","overlay-gradient":""},"tablet":{"background-color":"var(--ast-global-color-5)","background-image":"","background-repeat":"repeat","background-position":"center center","background-size":"auto","background-attachment":"scroll","background-type":"","background-media":"","overlay-type":"","overlay-color":"","overlay-opacity":"","overlay-gradient":""},"mobile":{"background-color":"var(--ast-global-color-5)","background-image":"","background-repeat":"repeat","background-position":"center center","background-size":"auto","background-attachment":"scroll","background-type":"","background-media":"","overlay-type":"","overlay-color":"","overlay-opacity":"","overlay-gradient":""}}},"product_brand":[1279],"product_cat":[294],"product_tag":[931,753],"class_list":{"0":"post-23483","1":"product","2":"type-product","3":"status-publish","4":"has-post-thumbnail","6":"product_brand-beronia","7":"product_cat-vin-rouge","8":"product_tag-beronia-ecological","9":"product_tag-vin-biologique","10":"desktop-align-left","11":"tablet-align-left","12":"mobile-align-left","14":"first","15":"instock","16":"taxable","17":"shipping-taxable","18":"purchasable","19":"product-type-simple"},"_links":{"self":[{"href":"https:\/\/andalubox.com\/fr\/wp-json\/wp\/v2\/product\/23483","targetHints":{"allow":["GET"]}}],"collection":[{"href":"https:\/\/andalubox.com\/fr\/wp-json\/wp\/v2\/product"}],"about":[{"href":"https:\/\/andalubox.com\/fr\/wp-json\/wp\/v2\/types\/product"}],"wp:featuredmedia":[{"embeddable":true,"href":"https:\/\/andalubox.com\/fr\/wp-json\/wp\/v2\/media\/23480"}],"wp:attachment":[{"href":"https:\/\/andalubox.com\/fr\/wp-json\/wp\/v2\/media?parent=23483"}],"wp:term":[{"taxonomy":"product_brand","embeddable":true,"href":"https:\/\/andalubox.com\/fr\/wp-json\/wp\/v2\/product_brand?post=23483"},{"taxonomy":"product_cat","embeddable":true,"href":"https:\/\/andalubox.com\/fr\/wp-json\/wp\/v2\/product_cat?post=23483"},{"taxonomy":"product_tag","embeddable":true,"href":"https:\/\/andalubox.com\/fr\/wp-json\/wp\/v2\/product_tag?post=23483"}],"curies":[{"name":"wp","href":"https:\/\/api.w.org\/{rel}","templated":true}]}}