{"id":22915,"date":"2025-06-25T11:10:48","date_gmt":"2025-06-25T09:10:48","guid":{"rendered":"https:\/\/andalubox.com\/producto-andaluz\/sohos-andalusian-rose-sherry-spritz-75cl\/"},"modified":"2025-11-09T12:27:29","modified_gmt":"2025-11-09T11:27:29","slug":"sohos-andalusian-rose-sherry-spritz-75cl","status":"publish","type":"product","link":"https:\/\/andalubox.com\/fr\/producto-andaluz\/sohos-andalusian-rose-sherry-spritz-75cl\/","title":{"rendered":"Soho&#8217;s Andalusian Ros\u00e9 Spritz de Jerez 75cl : Savourez le vin andalou"},"content":{"rendered":"<p><strong>Vin andalou seulement 5,5\u00ba d&#8217;alcool ! !!!<\/strong><\/p>\n<p><strong>Savourez le rafra\u00eechissant Soho&#8217;s Ros\u00e9 Spritz de Jerez, avec seulement 5,5\u00ba d&#8217;alcool, parfait pour toutes les occasions ! <\/strong><\/p>\n<p>Le Ros\u00e9 Fino Spritz de SoHo est un vin mousseux andalou rafra\u00eechissant, \u00e9labor\u00e9 avec du Fino de Jerez et des ar\u00f4mes de pamplemousse, de menthe et de rhubarbe, id\u00e9al pour un ap\u00e9ritif ou un cocktail l\u00e9ger gr\u00e2ce \u00e0 sa faible teneur en alcool de 5,5 %. Son origine remonte au cocktail Sherry Cobbler, populaire dans les ann\u00e9es 1830 aux \u00c9tats-Unis, et son succ\u00e8s est attribu\u00e9 \u00e0 Martha King, la premi\u00e8re femme barmaid de l&#8217;histoire des cocktails am\u00e9ricains, qui l&#8217;a popularis\u00e9 au Niblo&#8217;s Garden \u00e0 New York. <\/p>\n<table class=\"tabla_caracteristicas gris\" style=\"width: 100%; height: 462px;\">\n<tbody>\n<tr style=\"height: 52px;\">\n<td style=\"height: 52px;\">Type de vin<\/td>\n<td class=\"letra_naranja\" style=\"height: 52px;\">Vin mousseux<\/td>\n<\/tr>\n<tr style=\"height: 52px;\">\n<td style=\"height: 52px;\">Zone<\/td>\n<td class=\"letra_naranja\" style=\"height: 52px;\">Jerez, Espagne<\/td>\n<\/tr>\n<tr style=\"height: 52px;\">\n<td style=\"height: 52px;\">Producteur<\/td>\n<td class=\"letra_naranja\" style=\"height: 52px;\"><a href=\"http:\/\/encopa.es\/4774_sanchez-romate\" target=\"_blank\" rel=\"noopener\">Sanchez Romate <\/a><\/td> \n<\/tr>\n<tr style=\"height: 82px;\">\n<td style=\"height: 82px;\">Titre alcoom\u00e9trique<\/td>\n<td class=\"letra_naranja\" style=\"height: 82px;\">5,5 % vol.<\/td>\n<\/tr>\n<tr style=\"height: 34px;\">\n<td style=\"height: 34px;\">Format<\/td>\n<td class=\"letra_naranja\" style=\"height: 34px;\">75 cl.<\/td>\n<\/tr>\n<tr style=\"height: 52px;\">\n<td style=\"height: 52px;\">Consommation<\/td>\n<td class=\"letra_naranja\" style=\"height: 52px;\">Servir frais, avec des gla\u00e7ons et une tranche de pamplemousse.<\/td>\n<\/tr>\n<tr style=\"height: 82px;\">\n<td style=\"height: 56px;\">Accords mets\/vins<\/td>\n<td class=\"letra_naranja\" style=\"height: 56px;\">Ap\u00e9ritifs, fruits de mer crus, tempura, ceviche et cuisine asiatique avec une touche \u00e9pic\u00e9e.<\/td>\n<\/tr>\n<tr style=\"height: 82px;\">\n<td style=\"height: 82px;\">Note de d\u00e9gustation<\/td>\n<td class=\"letra_naranja\" style=\"height: 82px;\">Rose p\u00e2le, limpide, brillant et net. Ar\u00f4mes intenses de pamplemousse, de menthe et de rhubarbe avec des touches florales. Tr\u00e8s frais et l\u00e9g\u00e8rement sec en bouche.  <\/td>\n<\/tr>\n<\/tbody>\n<\/table>","protected":false},"excerpt":{"rendered":"<p>Vin andalou seulement 5,5\u00ba d&#8217;alcool ! !!! Savourez le rafra\u00eechissant Soho&#8217;s Ros\u00e9 Spritz de Jerez, avec seulement 5,5\u00ba d&#8217;alcool, parfait pour toutes les occasions ! Le Ros\u00e9 Fino Spritz de SoHo est un vin mousseux andalou rafra\u00eechissant, \u00e9labor\u00e9 avec du Fino de Jerez et des ar\u00f4mes de pamplemousse, de menthe et de rhubarbe, id\u00e9al pour [&hellip;]<\/p>\n","protected":false},"featured_media":22918,"comment_status":"open","ping_status":"closed","template":"","meta":{"site-sidebar-layout":"default","site-content-layout":"","ast-site-content-layout":"default","site-content-style":"default","site-sidebar-style":"default","ast-global-header-display":"","ast-banner-title-visibility":"","ast-main-header-display":"","ast-hfb-above-header-display":"","ast-hfb-below-header-display":"","ast-hfb-mobile-header-display":"","site-post-title":"","ast-breadcrumbs-content":"","ast-featured-img":"","footer-sml-layout":"","ast-disable-related-posts":"","theme-transparent-header-meta":"default","adv-header-id-meta":"","stick-header-meta":"","header-above-stick-meta":"","header-main-stick-meta":"","header-below-stick-meta":"","astra-migrate-meta-layouts":"default","ast-page-background-enabled":"default","ast-page-background-meta":{"desktop":{"background-color":"var(--ast-global-color-4)","background-image":"","background-repeat":"repeat","background-position":"center center","background-size":"auto","background-attachment":"scroll","background-type":"","background-media":"","overlay-type":"","overlay-color":"","overlay-opacity":"","overlay-gradient":""},"tablet":{"background-color":"","background-image":"","background-repeat":"repeat","background-position":"center center","background-size":"auto","background-attachment":"scroll","background-type":"","background-media":"","overlay-type":"","overlay-color":"","overlay-opacity":"","overlay-gradient":""},"mobile":{"background-color":"","background-image":"","background-repeat":"repeat","background-position":"center center","background-size":"auto","background-attachment":"scroll","background-type":"","background-media":"","overlay-type":"","overlay-color":"","overlay-opacity":"","overlay-gradient":""}},"ast-content-background-meta":{"desktop":{"background-color":"var(--ast-global-color-5)","background-image":"","background-repeat":"repeat","background-position":"center center","background-size":"auto","background-attachment":"scroll","background-type":"","background-media":"","overlay-type":"","overlay-color":"","overlay-opacity":"","overlay-gradient":""},"tablet":{"background-color":"var(--ast-global-color-5)","background-image":"","background-repeat":"repeat","background-position":"center center","background-size":"auto","background-attachment":"scroll","background-type":"","background-media":"","overlay-type":"","overlay-color":"","overlay-opacity":"","overlay-gradient":""},"mobile":{"background-color":"var(--ast-global-color-5)","background-image":"","background-repeat":"repeat","background-position":"center center","background-size":"auto","background-attachment":"scroll","background-type":"","background-media":"","overlay-type":"","overlay-color":"","overlay-opacity":"","overlay-gradient":""}}},"product_brand":[1277],"product_cat":[15],"product_tag":[844,845],"class_list":{"0":"post-22915","1":"product","2":"type-product","3":"status-publish","4":"has-post-thumbnail","6":"product_brand-sohos","7":"product_cat-sin-categorizar","8":"product_tag-vin-rose-andalou","9":"product_tag-xeres-rose","10":"desktop-align-left","11":"tablet-align-left","12":"mobile-align-left","14":"first","15":"instock","16":"taxable","17":"shipping-taxable","18":"purchasable","19":"product-type-simple"},"_links":{"self":[{"href":"https:\/\/andalubox.com\/fr\/wp-json\/wp\/v2\/product\/22915","targetHints":{"allow":["GET"]}}],"collection":[{"href":"https:\/\/andalubox.com\/fr\/wp-json\/wp\/v2\/product"}],"about":[{"href":"https:\/\/andalubox.com\/fr\/wp-json\/wp\/v2\/types\/product"}],"replies":[{"embeddable":true,"href":"https:\/\/andalubox.com\/fr\/wp-json\/wp\/v2\/comments?post=22915"}],"wp:featuredmedia":[{"embeddable":true,"href":"https:\/\/andalubox.com\/fr\/wp-json\/wp\/v2\/media\/22918"}],"wp:attachment":[{"href":"https:\/\/andalubox.com\/fr\/wp-json\/wp\/v2\/media?parent=22915"}],"wp:term":[{"taxonomy":"product_brand","embeddable":true,"href":"https:\/\/andalubox.com\/fr\/wp-json\/wp\/v2\/product_brand?post=22915"},{"taxonomy":"product_cat","embeddable":true,"href":"https:\/\/andalubox.com\/fr\/wp-json\/wp\/v2\/product_cat?post=22915"},{"taxonomy":"product_tag","embeddable":true,"href":"https:\/\/andalubox.com\/fr\/wp-json\/wp\/v2\/product_tag?post=22915"}],"curies":[{"name":"wp","href":"https:\/\/api.w.org\/{rel}","templated":true}]}}