{"id":22611,"date":"2025-06-09T21:39:43","date_gmt":"2025-06-09T19:39:43","guid":{"rendered":"https:\/\/andalubox.com\/producto-andaluz\/pedro-ximenez-tres-pasas-sweet-wine-75cl\/"},"modified":"2025-07-05T13:25:43","modified_gmt":"2025-07-05T11:25:43","slug":"pedro-ximenez-tres-pasas-sweet-wine-75cl","status":"publish","type":"product","link":"https:\/\/andalubox.com\/fr\/producto-andaluz\/pedro-ximenez-tres-pasas-sweet-wine-75cl\/","title":{"rendered":"Pedro Xim\u00e9nez Tres Pasas Sweet Wine, 75cl"},"content":{"rendered":"<div class=\"elementor elementor-8989\" data-elementor-type=\"wp-post\" data-elementor-id=\"8989\">\n<section class=\"elementor-section elementor-top-section elementor-element elementor-element-96f6ae0 elementor-section-boxed elementor-section-height-default elementor-section-height-default\" data-id=\"96f6ae0\" data-element_type=\"section\">\n<div class=\"elementor-container elementor-column-gap-default\">\n<div class=\"elementor-column elementor-col-100 elementor-top-column elementor-element elementor-element-79ce281\" data-id=\"79ce281\" data-element_type=\"column\">\n<div class=\"elementor-widget-wrap elementor-element-populated\">\n<div class=\"elementor-element elementor-element-607e915 elementor-widget elementor-widget-html\" data-id=\"607e915\" data-element_type=\"widget\" data-widget_type=\"html.default\">\n<div class=\"elementor-widget-container\">\n<div>\n<div><strong>C\u00c9PAGES<\/strong><\/div>\n<\/div>\n<\/div>\n<\/div>\n<\/div>\n<\/div>\n<\/div>\n<\/section>\n<\/div>\n<div class=\"parrafoBajoIcono\">100% de raisins passerill\u00e9s Pedro Xim\u00e9nez<\/div>\n<div class=\"elementor elementor-8991\" data-elementor-type=\"wp-post\" data-elementor-id=\"8991\">\n<section class=\"elementor-section elementor-top-section elementor-element elementor-element-2d91646 elementor-section-boxed elementor-section-height-default elementor-section-height-default\" data-id=\"2d91646\" data-element_type=\"section\">\n<div class=\"elementor-container elementor-column-gap-default\">\n<div class=\"elementor-column elementor-col-100 elementor-top-column elementor-element elementor-element-5697b20\" data-id=\"5697b20\" data-element_type=\"column\">\n<div class=\"elementor-widget-wrap elementor-element-populated\">\n<div class=\"elementor-element elementor-element-3990453 elementor-widget elementor-widget-html\" data-id=\"3990453\" data-element_type=\"widget\" data-widget_type=\"html.default\">\n<div class=\"elementor-widget-container\">\n<div> <\/div>\n<div><strong>TERRU\u00d1O<\/strong><\/div>\n<\/div>\n<\/div>\n<\/div>\n<\/div>\n<\/div>\n<\/section>\n<\/div>\n<div class=\"parrafoBajoIcono\">Raisins provenant de vignobles situ\u00e9s dans la zone qui, en raison des caract\u00e9ristiques de leur sol, favorisent la maturation rapide des raisins sur les vignes avant qu&#8217;ils ne soient r\u00e9colt\u00e9s \u00e0 la main.<\/div>\n<div class=\"elementor elementor-8993\" data-elementor-type=\"wp-post\" data-elementor-id=\"8993\">\n<section class=\"elementor-section elementor-top-section elementor-element elementor-element-fca39eb elementor-section-boxed elementor-section-height-default elementor-section-height-default\" data-id=\"fca39eb\" data-element_type=\"section\">\n<div class=\"elementor-container elementor-column-gap-default\">\n<div class=\"elementor-column elementor-col-100 elementor-top-column elementor-element elementor-element-94e0d01\" data-id=\"94e0d01\" data-element_type=\"column\">\n<div class=\"elementor-widget-wrap elementor-element-populated\">\n<div class=\"elementor-element elementor-element-af07916 elementor-widget elementor-widget-html\" data-id=\"af07916\" data-element_type=\"widget\" data-widget_type=\"html.default\">\n<div class=\"elementor-widget-container\">\n<div> <\/div>\n<div><strong>SYST\u00c8ME DE VIEILLISSEMENT<\/strong><\/div>\n<\/div>\n<\/div>\n<\/div>\n<\/div>\n<\/div>\n<\/section>\n<\/div>\n<div class=\"parrafoBajoIcono\">Vin soumis \u00e0 un vieillissement oxydatif en f\u00fbts de ch\u00eane am\u00e9ricain selon le syst\u00e8me des criaderas et soleras. \u00c2ge moyen de 10 ans. <\/div>\n<div class=\"elementor elementor-8984\" data-elementor-type=\"wp-post\" data-elementor-id=\"8984\">\n<section class=\"elementor-section elementor-top-section elementor-element elementor-element-d307da9 elementor-section-boxed elementor-section-height-default elementor-section-height-default\" data-id=\"d307da9\" data-element_type=\"section\">\n<div class=\"elementor-container elementor-column-gap-default\">\n<div class=\"elementor-column elementor-col-100 elementor-top-column elementor-element elementor-element-941887e\" data-id=\"941887e\" data-element_type=\"column\">\n<div class=\"elementor-widget-wrap elementor-element-populated\">\n<div class=\"elementor-element elementor-element-6cbe2a6 elementor-widget elementor-widget-html\" data-id=\"6cbe2a6\" data-element_type=\"widget\" data-widget_type=\"html.default\">\n<div class=\"elementor-widget-container\">\n<div> <\/div>\n<div><strong>NOTES DE D\u00c9GUSTATION<\/strong><\/div>\n<\/div>\n<\/div>\n<\/div>\n<\/div>\n<\/div>\n<\/section>\n<\/div>\n<div class=\"parrafoBajoIcono\">Vin doux \u00e0 la robe ambr\u00e9e tr\u00e8s fonc\u00e9e. Ar\u00f4mes de raisins secs, de miel, de fruits m\u00fbrs et d&#8217;\u00e9pices douces. En bouche, il est ample, complexe et se termine par un rappel de raisins secs frais envelopp\u00e9s d&#8217;ar\u00f4mes de bois bien int\u00e9gr\u00e9s.  <\/div>\n<div class=\"elementor elementor-8995\" data-elementor-type=\"wp-post\" data-elementor-id=\"8995\">\n<section class=\"elementor-section elementor-top-section elementor-element elementor-element-9669d41 elementor-section-boxed elementor-section-height-default elementor-section-height-default\" data-id=\"9669d41\" data-element_type=\"section\">\n<div class=\"elementor-container elementor-column-gap-default\">\n<div class=\"elementor-column elementor-col-100 elementor-top-column elementor-element elementor-element-015cc4b\" data-id=\"015cc4b\" data-element_type=\"column\">\n<div class=\"elementor-widget-wrap elementor-element-populated\">\n<div class=\"elementor-element elementor-element-e044193 elementor-widget elementor-widget-html\" data-id=\"e044193\" data-element_type=\"widget\" data-widget_type=\"html.default\">\n<div class=\"elementor-widget-container\">\n<div> <\/div>\n<div><strong>PAIRING<\/strong><\/div>\n<\/div>\n<\/div>\n<\/div>\n<\/div>\n<\/div>\n<\/section>\n<\/div>\n<div class=\"parrafoBajoIcono\">Il peut accompagner des entr\u00e9es telles que les fromages affin\u00e9s ou s\u00e9ch\u00e9s. En dessert, il est unique, il peut \u00eatre servi avec de la glace comme une boisson qui se combine parfaitement avec les glaces, les sucreries et les desserts, en particulier avec le chocolat. <\/div>","protected":false},"excerpt":{"rendered":"<p>Pedro Xim\u00e9nez Tres Pasas Sweet Wine, 75cl<\/p>\n","protected":false},"featured_media":31059,"comment_status":"open","ping_status":"closed","template":"","meta":{"site-sidebar-layout":"default","site-content-layout":"","ast-site-content-layout":"default","site-content-style":"default","site-sidebar-style":"default","ast-global-header-display":"","ast-banner-title-visibility":"","ast-main-header-display":"","ast-hfb-above-header-display":"","ast-hfb-below-header-display":"","ast-hfb-mobile-header-display":"","site-post-title":"","ast-breadcrumbs-content":"","ast-featured-img":"","footer-sml-layout":"","ast-disable-related-posts":"","theme-transparent-header-meta":"default","adv-header-id-meta":"","stick-header-meta":"","header-above-stick-meta":"","header-main-stick-meta":"","header-below-stick-meta":"","astra-migrate-meta-layouts":"default","ast-page-background-enabled":"default","ast-page-background-meta":{"desktop":{"background-color":"var(--ast-global-color-4)","background-image":"","background-repeat":"repeat","background-position":"center center","background-size":"auto","background-attachment":"scroll","background-type":"","background-media":"","overlay-type":"","overlay-color":"","overlay-opacity":"","overlay-gradient":""},"tablet":{"background-color":"","background-image":"","background-repeat":"repeat","background-position":"center center","background-size":"auto","background-attachment":"scroll","background-type":"","background-media":"","overlay-type":"","overlay-color":"","overlay-opacity":"","overlay-gradient":""},"mobile":{"background-color":"","background-image":"","background-repeat":"repeat","background-position":"center center","background-size":"auto","background-attachment":"scroll","background-type":"","background-media":"","overlay-type":"","overlay-color":"","overlay-opacity":"","overlay-gradient":""}},"ast-content-background-meta":{"desktop":{"background-color":"var(--ast-global-color-5)","background-image":"","background-repeat":"repeat","background-position":"center center","background-size":"auto","background-attachment":"scroll","background-type":"","background-media":"","overlay-type":"","overlay-color":"","overlay-opacity":"","overlay-gradient":""},"tablet":{"background-color":"var(--ast-global-color-5)","background-image":"","background-repeat":"repeat","background-position":"center center","background-size":"auto","background-attachment":"scroll","background-type":"","background-media":"","overlay-type":"","overlay-color":"","overlay-opacity":"","overlay-gradient":""},"mobile":{"background-color":"var(--ast-global-color-5)","background-image":"","background-repeat":"repeat","background-position":"center center","background-size":"auto","background-attachment":"scroll","background-type":"","background-media":"","overlay-type":"","overlay-color":"","overlay-opacity":"","overlay-gradient":""}}},"product_brand":[1303],"product_cat":[],"product_tag":[],"class_list":{"0":"post-22611","1":"product","2":"type-product","3":"status-publish","4":"has-post-thumbnail","6":"product_brand-bodegas-cesar-florido","7":"desktop-align-left","8":"tablet-align-left","9":"mobile-align-left","11":"first","12":"instock","13":"taxable","14":"shipping-taxable","15":"purchasable","16":"product-type-simple"},"_links":{"self":[{"href":"https:\/\/andalubox.com\/fr\/wp-json\/wp\/v2\/product\/22611","targetHints":{"allow":["GET"]}}],"collection":[{"href":"https:\/\/andalubox.com\/fr\/wp-json\/wp\/v2\/product"}],"about":[{"href":"https:\/\/andalubox.com\/fr\/wp-json\/wp\/v2\/types\/product"}],"replies":[{"embeddable":true,"href":"https:\/\/andalubox.com\/fr\/wp-json\/wp\/v2\/comments?post=22611"}],"wp:featuredmedia":[{"embeddable":true,"href":"https:\/\/andalubox.com\/fr\/wp-json\/wp\/v2\/media\/31059"}],"wp:attachment":[{"href":"https:\/\/andalubox.com\/fr\/wp-json\/wp\/v2\/media?parent=22611"}],"wp:term":[{"taxonomy":"product_brand","embeddable":true,"href":"https:\/\/andalubox.com\/fr\/wp-json\/wp\/v2\/product_brand?post=22611"},{"taxonomy":"product_cat","embeddable":true,"href":"https:\/\/andalubox.com\/fr\/wp-json\/wp\/v2\/product_cat?post=22611"},{"taxonomy":"product_tag","embeddable":true,"href":"https:\/\/andalubox.com\/fr\/wp-json\/wp\/v2\/product_tag?post=22611"}],"curies":[{"name":"wp","href":"https:\/\/api.w.org\/{rel}","templated":true}]}}